{"id":7381,"date":"2026-02-26T15:36:29","date_gmt":"2026-02-26T12:36:29","guid":{"rendered":"https:\/\/www.arkaraf.com\/?post_type=product&#038;p=7381"},"modified":"2026-02-26T15:36:29","modified_gmt":"2026-02-26T12:36:29","slug":"gulun-izinden-ferat-aktas","status":"publish","type":"product","link":"http:\/\/www.arkaraf.com\/en\/kitap\/gulun-izinden-ferat-aktas","title":{"rendered":"G\u00fcl\u00fcn \u0130zinden &#8211; Ferat Akta\u015f"},"content":{"rendered":"<p data-renderer-start-pos=\"28\">\u201cBir \u00fcmmetin g\u00f6zya\u015f\u0131yla yaz\u0131lm\u0131\u015f sat\u0131rlar\u2026\u201d<\/p>\n<p data-renderer-start-pos=\"73\">Bu kitap, Ferat\u2019\u0131n kalbinden do\u011fan naatlarla Peygamber Efendimize (s.a.v) duyulan derin \u00f6zlemin; dua y\u00fckl\u00fc m\u0131sralar\u0131n ve \u00e7a\u011f\u0131m\u0131z\u0131n zul\u00fcmlerine kar\u015f\u0131 y\u00fckselen sessiz bir \u00e7\u0131\u011fl\u0131\u011f\u0131n ad\u0131d\u0131r.<\/p>\n<p data-renderer-start-pos=\"260\">Mazlumlar\u0131n ah\u0131yla ba\u015flayan bu \u00f6zlem, Hira\u2019dan do\u011fan nura kavu\u015fma arzusuyla birle\u015fir. Her dize Med\u00eene sokaklar\u0131ndan ge\u00e7er; her m\u0131sra, Gazze\u2019de bir \u00e7ocu\u011fun g\u00f6zya\u015f\u0131na dokunur.<\/p>\n<p data-renderer-start-pos=\"435\">Bu kitap, yaln\u0131zca bir \u015fiir kitab\u0131 de\u011fildir\u2026<br \/>\nBir yetimin, bir mazlumun, bir \u00fcmmetin ve Ferat\u2019\u0131n yakar\u0131\u015f\u0131d\u0131r:<\/p>\n<p data-renderer-start-pos=\"545\">\u201cY\u00e2 Res\u00fblallah, d\u00f6nsen yeniden\u2026 D\u00fcnya rahmet bulur.\u201d<\/p>","protected":false},"excerpt":{"rendered":"<p>\u201cBir \u00fcmmetin g\u00f6zya\u015f\u0131yla yaz\u0131lm\u0131\u015f sat\u0131rlar\u2026\u201d Bu kitap, Ferat\u2019\u0131n kalbinden do\u011fan naatlarla Peygamber Efendimize (s.a.v) duyulan derin \u00f6zlemin; dua y\u00fckl\u00fc m\u0131sralar\u0131n ve \u00e7a\u011f\u0131m\u0131z\u0131n zul\u00fcmlerine kar\u015f\u0131 y\u00fckselen sessiz bir \u00e7\u0131\u011fl\u0131\u011f\u0131n ad\u0131d\u0131r. Mazlumlar\u0131n ah\u0131yla ba\u015flayan bu \u00f6zlem, Hira\u2019dan do\u011fan nura kavu\u015fma arzusuyla birle\u015fir. Her dize Med\u00eene sokaklar\u0131ndan ge\u00e7er; her m\u0131sra, Gazze\u2019de bir \u00e7ocu\u011fun g\u00f6zya\u015f\u0131na dokunur. Bu kitap, yaln\u0131zca [&hellip;]<\/p>\n","protected":false},"featured_media":7382,"comment_status":"open","ping_status":"closed","template":"","meta":{"inline_featured_image":false},"product_cat":[1020],"product_tag":[],"class_list":{"0":"post-7381","1":"product","2":"type-product","3":"status-publish","4":"has-post-thumbnail","6":"product_cat-siir","8":"first","9":"instock","10":"sale","11":"shipping-taxable","12":"purchasable","13":"product-type-simple"},"_links":{"self":[{"href":"http:\/\/www.arkaraf.com\/en\/wp-json\/wp\/v2\/product\/7381","targetHints":{"allow":["GET"]}}],"collection":[{"href":"http:\/\/www.arkaraf.com\/en\/wp-json\/wp\/v2\/product"}],"about":[{"href":"http:\/\/www.arkaraf.com\/en\/wp-json\/wp\/v2\/types\/product"}],"replies":[{"embeddable":true,"href":"http:\/\/www.arkaraf.com\/en\/wp-json\/wp\/v2\/comments?post=7381"}],"wp:featuredmedia":[{"embeddable":true,"href":"http:\/\/www.arkaraf.com\/en\/wp-json\/wp\/v2\/media\/7382"}],"wp:attachment":[{"href":"http:\/\/www.arkaraf.com\/en\/wp-json\/wp\/v2\/media?parent=7381"}],"wp:term":[{"taxonomy":"product_cat","embeddable":true,"href":"http:\/\/www.arkaraf.com\/en\/wp-json\/wp\/v2\/product_cat?post=7381"},{"taxonomy":"product_tag","embeddable":true,"href":"http:\/\/www.arkaraf.com\/en\/wp-json\/wp\/v2\/product_tag?post=7381"}],"curies":[{"name":"wp","href":"https:\/\/api.w.org\/{rel}","templated":true}]}}