{"id":7377,"date":"2026-02-26T15:29:15","date_gmt":"2026-02-26T12:29:15","guid":{"rendered":"https:\/\/www.arkaraf.com\/?post_type=product&#038;p=7377"},"modified":"2026-02-26T15:29:15","modified_gmt":"2026-02-26T12:29:15","slug":"sanat-nefesim-ozlen-sarica","status":"publish","type":"product","link":"http:\/\/www.arkaraf.com\/en\/kitap\/sanat-nefesim-ozlen-sarica","title":{"rendered":"Sanat Nefesim &#8211; \u00d6zlen Sar\u0131ca"},"content":{"rendered":"<p data-renderer-start-pos=\"1\">\u015eu anda benimle birlikte sanatla hemhal olmu\u015f, duygularla yo\u011frulmu\u015f, g\u00fczel bir ya\u015fam yolculu\u011funa haz\u0131r m\u0131s\u0131n\u0131z?<\/p>\n<p data-renderer-start-pos=\"114\">Okurken hayat\u0131n\u0131zdan g\u00fczel anlar, belki de g\u00f6zden ka\u00e7\u0131rd\u0131\u011f\u0131n\u0131z anlar\u0131n fark\u0131ndal\u0131\u011f\u0131yla, derinliklerde felsefi d\u00fc\u015f\u00fcncelerle yol alaca\u011f\u0131m\u0131z, bizleri iyi hissettiren, sorgulayan, fark\u0131ndal\u0131klarla adeta nostaljik tramvaydaki gibi huzurlu, mutlu hissettiren, sanat\u0131n nefesinde birlikteliklere haz\u0131r m\u0131s\u0131n\u0131z? Ya\u015fad\u0131\u011f\u0131n\u0131z her an\u0131n, kar\u015f\u0131m\u0131za \u00e7\u0131kan i\u015faretlerle bizi bilin\u00e7liyken bilin\u00e7sizli\u011fe, ak\u0131l varken ak\u0131ls\u0131zl\u0131\u011fa ula\u015fman\u0131n sonucunda, bilin\u00e7 alt\u0131 patlamalar\u0131n\u0131n, fiziksel ger\u00e7eklikle kar\u015f\u0131la\u015ft\u0131rarak, \u00f6rt\u00fc\u015ft\u00fc\u011f\u00fc bamba\u015fka bizi ke\u015ffetmeye haz\u0131r m\u0131s\u0131n?<\/p>\n<p data-renderer-start-pos=\"660\">Bu d\u00fcnya insan\u0131n t\u00fcm duygu, d\u00fc\u015f\u00fcnce ve arzular\u0131n\u0131 bar\u0131nd\u0131r\u0131r. G\u00f6r\u00fcnmeyen d\u00fcnya insan\u0131n evrenle ba\u011f\u0131n\u0131, evrensel boyuttaki d\u00fcnyas\u0131n\u0131 evrensel bilin\u00e7le olan ba\u011flant\u0131s\u0131n\u0131 g\u00fc\u00e7lendirir. Evrendeki yerini \u00f6\u011frenmesine anlamas\u0131na yard\u0131mc\u0131 olur.<\/p>\n<p data-renderer-start-pos=\"897\">Sanatla u\u011fra\u015f\u0131 t\u0131pk\u0131 ya\u015fam gibi&#8230; Hayat\u0131n derin anlamlar\u0131n\u0131 arayarak i\u00e7sel d\u00f6n\u00fc\u015f\u00fcm, i\u00e7ten ve \u00f6zle yeniden ba\u011f kurmay\u0131 arzulayarak, okurlar i\u00e7in i\u00e7sel ke\u015fiflerimi ve ki\u015fisel deneyimlerimi yazarak sizlere ayn\u0131 zamanda rehber olmaya davet ediyorum. \u0130nsanlar\u0131n kendileriyle olan yolculuklar\u0131, hikayemin ana kayna\u011f\u0131. \u00c7o\u011fu zaman belki de varolu\u015fumuzun amac\u0131n\u0131 sorguluyorum. Renklerim, bi\u00e7imlerim ve ifadelerim arac\u0131l\u0131\u011f\u0131yla, ba\u015fkalar\u0131n\u0131n da bu derin sorguya dahil olmas\u0131n\u0131 arzu ediyorum. Sanat\u0131mda bulu\u015fsunlar, derinlemesine dokunsunlar ve kendi hikayelerini onlarda ke\u015ffetsinler diye&#8230;<\/p>\n<p data-renderer-start-pos=\"1480\">Hayattayken \u00fcretmek, arkam\u0131zdan g\u00fczel \u00f6mr\u00fc de\u011ferli k\u0131lan \u015feyler b\u0131rakabilmek marifet&#8230;<\/p>\n<p data-renderer-start-pos=\"1569\">Ya\u015fam duygular\u0131m\u0131zla \u00e7al\u0131\u015f\u0131lacak ve resmedilecek kadar g\u00fczel bir kompozisyon, mant\u0131\u011f\u0131m\u0131zla kaydedilecek yaz\u0131lacak bir rapor gibidir. Yazmaya kaydetmeye t\u00fcm benli\u011fimizle yeni ufuklara yol almak gerekir. Herkes kendi gelece\u011finin mimar\u0131d\u0131r.<\/p>\n<p data-renderer-start-pos=\"1808\">Hadi o zaman sanatla el ele kendimizi ke\u015fiflere&#8230;<\/p>\n<p data-renderer-start-pos=\"1860\">Zaman&#8230; Hayatta parayla sat\u0131n al\u0131namayan en de\u011ferli \u015fey. En de\u011ferli ger\u00e7e\u011fimiz.<\/p>\n<p data-renderer-start-pos=\"1942\">Kim bilir sizde okumakla yan yana, kendi hikayenizi yazmaya ba\u015flars\u0131n\u0131z.<\/p>","protected":false},"excerpt":{"rendered":"<p>\u015eu anda benimle birlikte sanatla hemhal olmu\u015f, duygularla yo\u011frulmu\u015f, g\u00fczel bir ya\u015fam yolculu\u011funa haz\u0131r m\u0131s\u0131n\u0131z? Okurken hayat\u0131n\u0131zdan g\u00fczel anlar, belki de g\u00f6zden ka\u00e7\u0131rd\u0131\u011f\u0131n\u0131z anlar\u0131n fark\u0131ndal\u0131\u011f\u0131yla, derinliklerde felsefi d\u00fc\u015f\u00fcncelerle yol alaca\u011f\u0131m\u0131z, bizleri iyi hissettiren, sorgulayan, fark\u0131ndal\u0131klarla adeta nostaljik tramvaydaki gibi huzurlu, mutlu hissettiren, sanat\u0131n nefesinde birlikteliklere haz\u0131r m\u0131s\u0131n\u0131z? Ya\u015fad\u0131\u011f\u0131n\u0131z her an\u0131n, kar\u015f\u0131m\u0131za \u00e7\u0131kan i\u015faretlerle bizi bilin\u00e7liyken [&hellip;]<\/p>\n","protected":false},"featured_media":7378,"comment_status":"open","ping_status":"closed","template":"","meta":{"inline_featured_image":false},"product_cat":[1024],"product_tag":[],"class_list":{"0":"post-7377","1":"product","2":"type-product","3":"status-publish","4":"has-post-thumbnail","6":"product_cat-deneme","8":"first","9":"instock","10":"sale","11":"shipping-taxable","12":"purchasable","13":"product-type-simple"},"_links":{"self":[{"href":"http:\/\/www.arkaraf.com\/en\/wp-json\/wp\/v2\/product\/7377","targetHints":{"allow":["GET"]}}],"collection":[{"href":"http:\/\/www.arkaraf.com\/en\/wp-json\/wp\/v2\/product"}],"about":[{"href":"http:\/\/www.arkaraf.com\/en\/wp-json\/wp\/v2\/types\/product"}],"replies":[{"embeddable":true,"href":"http:\/\/www.arkaraf.com\/en\/wp-json\/wp\/v2\/comments?post=7377"}],"wp:featuredmedia":[{"embeddable":true,"href":"http:\/\/www.arkaraf.com\/en\/wp-json\/wp\/v2\/media\/7378"}],"wp:attachment":[{"href":"http:\/\/www.arkaraf.com\/en\/wp-json\/wp\/v2\/media?parent=7377"}],"wp:term":[{"taxonomy":"product_cat","embeddable":true,"href":"http:\/\/www.arkaraf.com\/en\/wp-json\/wp\/v2\/product_cat?post=7377"},{"taxonomy":"product_tag","embeddable":true,"href":"http:\/\/www.arkaraf.com\/en\/wp-json\/wp\/v2\/product_tag?post=7377"}],"curies":[{"name":"wp","href":"https:\/\/api.w.org\/{rel}","templated":true}]}}