{"id":7375,"date":"2026-02-26T15:24:55","date_gmt":"2026-02-26T12:24:55","guid":{"rendered":"https:\/\/www.arkaraf.com\/?post_type=product&#038;p=7375"},"modified":"2026-02-26T15:25:05","modified_gmt":"2026-02-26T12:25:05","slug":"gokcenin-yolu-agarthanin-kalbi-esra-akdogan","status":"publish","type":"product","link":"http:\/\/www.arkaraf.com\/en\/kitap\/gokcenin-yolu-agarthanin-kalbi-esra-akdogan","title":{"rendered":"G\u00f6k\u00e7en&#8217;in Yolu Agartha&#8217;n\u0131n Kalbi &#8211; Esra Akdo\u011fan"},"content":{"rendered":"<p data-renderer-start-pos=\"1\">Baz\u0131 yollar y\u00fcr\u00fcnmez.<\/p>\n<p data-renderer-start-pos=\"24\">Hat\u0131rlan\u0131r.<\/p>\n<p data-renderer-start-pos=\"37\">G\u00f6k\u00e7en, \u00e7ocuklu\u011fundan beri r\u00fcyalar\u0131nda \u00e7a\u011fr\u0131lan bir yolun e\u015fi\u011finde ya\u015far.<\/p>\n<p data-renderer-start-pos=\"112\">Bir beyaz kurt, dedesinden kalan \u00e7atlak caml\u0131 bir saat ve atalar\u0131n haf\u0131zas\u0131ndan y\u00fckselen kadim bir ses, onu unuttu\u011fu bir hakikate do\u011fru s\u00fcr\u00fckler.<\/p>\n<p data-renderer-start-pos=\"259\">Agartha bir yer de\u011fildir.<\/p>\n<p data-renderer-start-pos=\"286\">Yerin kalbi, bilginin sakland\u0131\u011f\u0131 merkezdir.<\/p>\n<p data-renderer-start-pos=\"331\">T\u00fcrk mitolojisinde Ergenekon diye f\u0131s\u0131ldanan o kapal\u0131 vadi, asl\u0131nda ayn\u0131 hat\u0131rlay\u0131\u015f\u0131n ad\u0131d\u0131r.<\/p>\n<p data-renderer-start-pos=\"426\">Bu yol; da\u011f\u0131n i\u00e7inden ge\u00e7er, karanl\u0131ktan do\u011far.<\/p>\n<p data-renderer-start-pos=\"475\">Demir erir, kabuk \u00e7atlar, insan kendisiyle y\u00fczle\u015fir.<\/p>\n<p data-renderer-start-pos=\"529\">Giren herkes \u00e7\u0131kamaz.<\/p>\n<p data-renderer-start-pos=\"552\">\u00c7\u0131kan herkes eskisi gibi kalamaz.<\/p>\n<p data-renderer-start-pos=\"587\">G\u00f6k\u00e7en\u2019in Yolu, \u015famanik haf\u0131zan\u0131n, atalarla kurulan ba\u011f\u0131n ve bir kad\u0131n\u0131n kendi \u00f6z\u00fcyle yeniden do\u011fu\u015funun hik\u00e2yesidir.<\/p>\n<p data-renderer-start-pos=\"705\">Ergenekon\u2019dan \u00e7\u0131k\u0131\u015f, Agartha\u2019y\u0131 hat\u0131rlamakla ba\u015flar.<\/p>","protected":false},"excerpt":{"rendered":"<p>Baz\u0131 yollar y\u00fcr\u00fcnmez. Hat\u0131rlan\u0131r. G\u00f6k\u00e7en, \u00e7ocuklu\u011fundan beri r\u00fcyalar\u0131nda \u00e7a\u011fr\u0131lan bir yolun e\u015fi\u011finde ya\u015far. Bir beyaz kurt, dedesinden kalan \u00e7atlak caml\u0131 bir saat ve atalar\u0131n haf\u0131zas\u0131ndan y\u00fckselen kadim bir ses, onu unuttu\u011fu bir hakikate do\u011fru s\u00fcr\u00fckler. Agartha bir yer de\u011fildir. Yerin kalbi, bilginin sakland\u0131\u011f\u0131 merkezdir. T\u00fcrk mitolojisinde Ergenekon diye f\u0131s\u0131ldanan o kapal\u0131 vadi, asl\u0131nda ayn\u0131 hat\u0131rlay\u0131\u015f\u0131n [&hellip;]<\/p>\n","protected":false},"featured_media":7376,"comment_status":"open","ping_status":"closed","template":"","meta":{"inline_featured_image":false},"product_cat":[1033],"product_tag":[],"class_list":{"0":"post-7375","1":"product","2":"type-product","3":"status-publish","4":"has-post-thumbnail","6":"product_cat-roman","8":"first","9":"instock","10":"sale","11":"shipping-taxable","12":"purchasable","13":"product-type-simple"},"_links":{"self":[{"href":"http:\/\/www.arkaraf.com\/en\/wp-json\/wp\/v2\/product\/7375","targetHints":{"allow":["GET"]}}],"collection":[{"href":"http:\/\/www.arkaraf.com\/en\/wp-json\/wp\/v2\/product"}],"about":[{"href":"http:\/\/www.arkaraf.com\/en\/wp-json\/wp\/v2\/types\/product"}],"replies":[{"embeddable":true,"href":"http:\/\/www.arkaraf.com\/en\/wp-json\/wp\/v2\/comments?post=7375"}],"wp:featuredmedia":[{"embeddable":true,"href":"http:\/\/www.arkaraf.com\/en\/wp-json\/wp\/v2\/media\/7376"}],"wp:attachment":[{"href":"http:\/\/www.arkaraf.com\/en\/wp-json\/wp\/v2\/media?parent=7375"}],"wp:term":[{"taxonomy":"product_cat","embeddable":true,"href":"http:\/\/www.arkaraf.com\/en\/wp-json\/wp\/v2\/product_cat?post=7375"},{"taxonomy":"product_tag","embeddable":true,"href":"http:\/\/www.arkaraf.com\/en\/wp-json\/wp\/v2\/product_tag?post=7375"}],"curies":[{"name":"wp","href":"https:\/\/api.w.org\/{rel}","templated":true}]}}