{"id":7373,"date":"2026-02-26T15:23:17","date_gmt":"2026-02-26T12:23:17","guid":{"rendered":"https:\/\/www.arkaraf.com\/?post_type=product&#038;p=7373"},"modified":"2026-02-26T15:23:17","modified_gmt":"2026-02-26T12:23:17","slug":"sessiz-vedalar-onder-ozkaran","status":"publish","type":"product","link":"http:\/\/www.arkaraf.com\/en\/kitap\/sessiz-vedalar-onder-ozkaran","title":{"rendered":"Sessiz Vedalar &#8211; \u00d6nder \u00d6zkaran"},"content":{"rendered":"<p data-renderer-start-pos=\"1\">Sen uyursun geceleri bana yaren edip<br \/>\n\u015eimdi sen y\u0131ld\u0131zlar\u0131 bana b\u0131rak\u0131rs\u0131n<br \/>\nBir divane gibi dilsiz seccadelerde<br \/>\nEn imkans\u0131z dualar\u0131 bana b\u0131rak\u0131rs\u0131n<\/p>\n<p data-renderer-start-pos=\"148\">Gidersin, ard\u0131na d\u00f6n\u00fcp son kez bakmadan<br \/>\nBir damla g\u00f6zya\u015f\u0131n\u0131, omzuma ak\u0131tmadan<br \/>\nYolda g\u00f6lgeni, kula\u011f\u0131mda sesini b\u0131rakmadan<br \/>\nEn sessiz vedalar\u0131, bana b\u0131rak\u0131rs\u0131n<\/p>","protected":false},"excerpt":{"rendered":"<p>Sen uyursun geceleri bana yaren edip \u015eimdi sen y\u0131ld\u0131zlar\u0131 bana b\u0131rak\u0131rs\u0131n Bir divane gibi dilsiz seccadelerde En imkans\u0131z dualar\u0131 bana b\u0131rak\u0131rs\u0131n Gidersin, ard\u0131na d\u00f6n\u00fcp son kez bakmadan Bir damla g\u00f6zya\u015f\u0131n\u0131, omzuma ak\u0131tmadan Yolda g\u00f6lgeni, kula\u011f\u0131mda sesini b\u0131rakmadan En sessiz vedalar\u0131, bana b\u0131rak\u0131rs\u0131n<\/p>","protected":false},"featured_media":7374,"comment_status":"open","ping_status":"closed","template":"","meta":{"inline_featured_image":false},"product_cat":[1020],"product_tag":[],"class_list":{"0":"post-7373","1":"product","2":"type-product","3":"status-publish","4":"has-post-thumbnail","6":"product_cat-siir","8":"first","9":"instock","10":"sale","11":"shipping-taxable","12":"purchasable","13":"product-type-simple"},"_links":{"self":[{"href":"http:\/\/www.arkaraf.com\/en\/wp-json\/wp\/v2\/product\/7373","targetHints":{"allow":["GET"]}}],"collection":[{"href":"http:\/\/www.arkaraf.com\/en\/wp-json\/wp\/v2\/product"}],"about":[{"href":"http:\/\/www.arkaraf.com\/en\/wp-json\/wp\/v2\/types\/product"}],"replies":[{"embeddable":true,"href":"http:\/\/www.arkaraf.com\/en\/wp-json\/wp\/v2\/comments?post=7373"}],"wp:featuredmedia":[{"embeddable":true,"href":"http:\/\/www.arkaraf.com\/en\/wp-json\/wp\/v2\/media\/7374"}],"wp:attachment":[{"href":"http:\/\/www.arkaraf.com\/en\/wp-json\/wp\/v2\/media?parent=7373"}],"wp:term":[{"taxonomy":"product_cat","embeddable":true,"href":"http:\/\/www.arkaraf.com\/en\/wp-json\/wp\/v2\/product_cat?post=7373"},{"taxonomy":"product_tag","embeddable":true,"href":"http:\/\/www.arkaraf.com\/en\/wp-json\/wp\/v2\/product_tag?post=7373"}],"curies":[{"name":"wp","href":"https:\/\/api.w.org\/{rel}","templated":true}]}}