{"id":7367,"date":"2026-02-26T15:06:01","date_gmt":"2026-02-26T12:06:01","guid":{"rendered":"https:\/\/www.arkaraf.com\/?post_type=product&#038;p=7367"},"modified":"2026-02-26T15:06:01","modified_gmt":"2026-02-26T12:06:01","slug":"ask-kadere-mahkumdur-maksut-taskin","status":"publish","type":"product","link":"http:\/\/www.arkaraf.com\/en\/kitap\/ask-kadere-mahkumdur-maksut-taskin","title":{"rendered":"A\u015fk Kadere Mahkumdur &#8211; Maksut Ta\u015fk\u0131n"},"content":{"rendered":"<p data-renderer-start-pos=\"1\">Kaderim g\u00fclmediyse<br \/>\nKaderin g\u00fclmediyse zorlama<br \/>\nBa\u015fka yerlerde mutluluk arama<br \/>\nOlmayan hayallerin pe\u015finde ko\u015fma<br \/>\nKaderim g\u00fclmediyse g\u00fclmeyecek<\/p>\n<p data-renderer-start-pos=\"141\">Y\u0131llarca ko\u015ftum mutlulu\u011fun pe\u015finden<br \/>\nH\u00fcsrana u\u011frad\u0131m her gidi\u015fimden<br \/>\n\u0130syan\u0131m kaderime zerzeni\u015fimden<br \/>\nKaderim g\u00fclmediyse g\u00fclmeyecek<\/p>\n<p data-renderer-start-pos=\"270\">Vefas\u0131z alem Ben sana sana neyledim<br \/>\nDerdi kederi \u0131zd\u0131rab\u0131 heybeme ekledin<br \/>\n\u00c7aresiz dertler verdin kendime gelemedim<br \/>\nKaderim g\u00fclmediyse g\u00fclmeyecek<\/p>\n<p data-renderer-start-pos=\"416\">Bu d\u00fcnyada cefa \u00e7ekip \u00f6lenler de vard\u0131<br \/>\nZevki sefa s\u00fcr\u00fcp mutluluk g\u00f6renlerde var<br \/>\nKahpe D\u00fcnyan\u0131n derdiyle dertlenenlerde var<br \/>\nKaderin g\u00fclmediyse g\u00fclmeyecek<\/p>","protected":false},"excerpt":{"rendered":"<p>Kaderim g\u00fclmediyse Kaderin g\u00fclmediyse zorlama Ba\u015fka yerlerde mutluluk arama Olmayan hayallerin pe\u015finde ko\u015fma Kaderim g\u00fclmediyse g\u00fclmeyecek Y\u0131llarca ko\u015ftum mutlulu\u011fun pe\u015finden H\u00fcsrana u\u011frad\u0131m her gidi\u015fimden \u0130syan\u0131m kaderime zerzeni\u015fimden Kaderim g\u00fclmediyse g\u00fclmeyecek Vefas\u0131z alem Ben sana sana neyledim Derdi kederi \u0131zd\u0131rab\u0131 heybeme ekledin \u00c7aresiz dertler verdin kendime gelemedim Kaderim g\u00fclmediyse g\u00fclmeyecek Bu d\u00fcnyada cefa \u00e7ekip \u00f6lenler de [&hellip;]<\/p>\n","protected":false},"featured_media":7368,"comment_status":"open","ping_status":"closed","template":"","meta":{"inline_featured_image":false},"product_cat":[1020],"product_tag":[],"class_list":{"0":"post-7367","1":"product","2":"type-product","3":"status-publish","4":"has-post-thumbnail","6":"product_cat-siir","8":"first","9":"instock","10":"sale","11":"shipping-taxable","12":"purchasable","13":"product-type-simple"},"_links":{"self":[{"href":"http:\/\/www.arkaraf.com\/en\/wp-json\/wp\/v2\/product\/7367","targetHints":{"allow":["GET"]}}],"collection":[{"href":"http:\/\/www.arkaraf.com\/en\/wp-json\/wp\/v2\/product"}],"about":[{"href":"http:\/\/www.arkaraf.com\/en\/wp-json\/wp\/v2\/types\/product"}],"replies":[{"embeddable":true,"href":"http:\/\/www.arkaraf.com\/en\/wp-json\/wp\/v2\/comments?post=7367"}],"wp:featuredmedia":[{"embeddable":true,"href":"http:\/\/www.arkaraf.com\/en\/wp-json\/wp\/v2\/media\/7368"}],"wp:attachment":[{"href":"http:\/\/www.arkaraf.com\/en\/wp-json\/wp\/v2\/media?parent=7367"}],"wp:term":[{"taxonomy":"product_cat","embeddable":true,"href":"http:\/\/www.arkaraf.com\/en\/wp-json\/wp\/v2\/product_cat?post=7367"},{"taxonomy":"product_tag","embeddable":true,"href":"http:\/\/www.arkaraf.com\/en\/wp-json\/wp\/v2\/product_tag?post=7367"}],"curies":[{"name":"wp","href":"https:\/\/api.w.org\/{rel}","templated":true}]}}