{"id":7365,"date":"2026-02-26T15:04:29","date_gmt":"2026-02-26T12:04:29","guid":{"rendered":"https:\/\/www.arkaraf.com\/?post_type=product&#038;p=7365"},"modified":"2026-02-26T15:04:29","modified_gmt":"2026-02-26T12:04:29","slug":"uzla-kelam-baris-ozbek","status":"publish","type":"product","link":"http:\/\/www.arkaraf.com\/en\/kitap\/uzla-kelam-baris-ozbek","title":{"rendered":"Uzla Kelam &#8211; Bar\u0131\u015f \u00d6zbek"},"content":{"rendered":"<p>O g\u00fc\u00e7l\u00fc devler dururken;<br \/>\nhakl\u0131 kar\u0131ncalarla yol<br \/>\ny\u00fcr\u00fcyen, onlara yolda\u015fl\u0131k<br \/>\nedendir insan.<br \/>\nO insan bilir ki;<br \/>\nhakikat ehli azlar,<br \/>\n\u00e7oktan fazlad\u0131r.<\/p>","protected":false},"excerpt":{"rendered":"<p>O g\u00fc\u00e7l\u00fc devler dururken; hakl\u0131 kar\u0131ncalarla yol y\u00fcr\u00fcyen, onlara yolda\u015fl\u0131k edendir insan. O insan bilir ki; hakikat ehli azlar, \u00e7oktan fazlad\u0131r.<\/p>","protected":false},"featured_media":7366,"comment_status":"open","ping_status":"closed","template":"","meta":{"inline_featured_image":false},"product_cat":[657],"product_tag":[],"class_list":{"0":"post-7365","1":"product","2":"type-product","3":"status-publish","4":"has-post-thumbnail","6":"product_cat-oyku","8":"first","9":"instock","10":"sale","11":"shipping-taxable","12":"purchasable","13":"product-type-simple"},"_links":{"self":[{"href":"http:\/\/www.arkaraf.com\/en\/wp-json\/wp\/v2\/product\/7365","targetHints":{"allow":["GET"]}}],"collection":[{"href":"http:\/\/www.arkaraf.com\/en\/wp-json\/wp\/v2\/product"}],"about":[{"href":"http:\/\/www.arkaraf.com\/en\/wp-json\/wp\/v2\/types\/product"}],"replies":[{"embeddable":true,"href":"http:\/\/www.arkaraf.com\/en\/wp-json\/wp\/v2\/comments?post=7365"}],"wp:featuredmedia":[{"embeddable":true,"href":"http:\/\/www.arkaraf.com\/en\/wp-json\/wp\/v2\/media\/7366"}],"wp:attachment":[{"href":"http:\/\/www.arkaraf.com\/en\/wp-json\/wp\/v2\/media?parent=7365"}],"wp:term":[{"taxonomy":"product_cat","embeddable":true,"href":"http:\/\/www.arkaraf.com\/en\/wp-json\/wp\/v2\/product_cat?post=7365"},{"taxonomy":"product_tag","embeddable":true,"href":"http:\/\/www.arkaraf.com\/en\/wp-json\/wp\/v2\/product_tag?post=7365"}],"curies":[{"name":"wp","href":"https:\/\/api.w.org\/{rel}","templated":true}]}}