{"id":7355,"date":"2026-02-26T14:57:17","date_gmt":"2026-02-26T11:57:17","guid":{"rendered":"https:\/\/www.arkaraf.com\/?post_type=product&#038;p=7355"},"modified":"2026-02-26T14:57:17","modified_gmt":"2026-02-26T11:57:17","slug":"askin-yedi-renkti-engin-akkaya","status":"publish","type":"product","link":"http:\/\/www.arkaraf.com\/en\/kitap\/askin-yedi-renkti-engin-akkaya","title":{"rendered":"A\u015fk\u0131n Yedi Renkti &#8211; Engin Akkaya"},"content":{"rendered":"<p>Hani beklersin ya<br \/>\nHani \u00e7\u0131lg\u0131nca \u00f6zlersin ya ta derinden<br \/>\nBirden i\u00e7ine \u00e7ekersin ya buram buram<br \/>\nNefes alamad\u0131\u011f\u0131nda \u00f6l\u00fcrs\u00fcn ya<br \/>\n\u0130\u015fte ben \u00f6yle \u00f6l\u00fcm\u00fcne seviyorum<br \/>\nHani d\u00fc\u015fersin ya bazen bir bo\u015flu\u011fa<br \/>\nTutunacak hi\u00e7 bir dal bulamazs\u0131n<br \/>\nSanki dipsiz bir kuyuda kalm\u0131\u015fs\u0131nd\u0131r<br \/>\nKan\u0131n \u00e7ekilir hayallerin suya d\u00fc\u015fer<br \/>\n\u0130\u015fte o an ger\u00e7ekten dibe vurursun<br \/>\nSen yinede onu \u00f6zler, onu seversin<br \/>\nHani gelmesede bile bile beklersin ya<br \/>\nBurnunun dire\u011fi s\u0131zlar ya derinden<br \/>\nUnutmak istersin de unutamazs\u0131n ya<br \/>\nUmut edip, kendini hep kand\u0131r\u0131rs\u0131n ya<br \/>\nHer telefon \u00e7al\u0131\u015fta o san\u0131rs\u0131n ya<br \/>\nY\u00fcre\u011fin sanki \u00e7\u0131kacakm\u0131\u015f gibi olur ya<br \/>\nKalbin k\u0131r\u0131lsa da s\u00f6z dinlemez ya asla<br \/>\n\u00dcmit etmekle ba\u015flar her \u015fey asl\u0131nda<br \/>\nBilirsin ki o beklenen hi\u00e7 gelmesede<br \/>\nSen yinede onu ister, onu beklersin.<\/p>","protected":false},"excerpt":{"rendered":"<p>Hani beklersin ya Hani \u00e7\u0131lg\u0131nca \u00f6zlersin ya ta derinden Birden i\u00e7ine \u00e7ekersin ya buram buram Nefes alamad\u0131\u011f\u0131nda \u00f6l\u00fcrs\u00fcn ya \u0130\u015fte ben \u00f6yle \u00f6l\u00fcm\u00fcne seviyorum Hani d\u00fc\u015fersin ya bazen bir bo\u015flu\u011fa Tutunacak hi\u00e7 bir dal bulamazs\u0131n Sanki dipsiz bir kuyuda kalm\u0131\u015fs\u0131nd\u0131r Kan\u0131n \u00e7ekilir hayallerin suya d\u00fc\u015fer \u0130\u015fte o an ger\u00e7ekten dibe vurursun Sen yinede onu \u00f6zler, [&hellip;]<\/p>\n","protected":false},"featured_media":7356,"comment_status":"open","ping_status":"closed","template":"","meta":{"inline_featured_image":false},"product_cat":[1020],"product_tag":[],"class_list":{"0":"post-7355","1":"product","2":"type-product","3":"status-publish","4":"has-post-thumbnail","6":"product_cat-siir","8":"first","9":"instock","10":"sale","11":"shipping-taxable","12":"purchasable","13":"product-type-simple"},"_links":{"self":[{"href":"http:\/\/www.arkaraf.com\/en\/wp-json\/wp\/v2\/product\/7355","targetHints":{"allow":["GET"]}}],"collection":[{"href":"http:\/\/www.arkaraf.com\/en\/wp-json\/wp\/v2\/product"}],"about":[{"href":"http:\/\/www.arkaraf.com\/en\/wp-json\/wp\/v2\/types\/product"}],"replies":[{"embeddable":true,"href":"http:\/\/www.arkaraf.com\/en\/wp-json\/wp\/v2\/comments?post=7355"}],"wp:featuredmedia":[{"embeddable":true,"href":"http:\/\/www.arkaraf.com\/en\/wp-json\/wp\/v2\/media\/7356"}],"wp:attachment":[{"href":"http:\/\/www.arkaraf.com\/en\/wp-json\/wp\/v2\/media?parent=7355"}],"wp:term":[{"taxonomy":"product_cat","embeddable":true,"href":"http:\/\/www.arkaraf.com\/en\/wp-json\/wp\/v2\/product_cat?post=7355"},{"taxonomy":"product_tag","embeddable":true,"href":"http:\/\/www.arkaraf.com\/en\/wp-json\/wp\/v2\/product_tag?post=7355"}],"curies":[{"name":"wp","href":"https:\/\/api.w.org\/{rel}","templated":true}]}}