{"id":7349,"date":"2026-02-26T14:46:20","date_gmt":"2026-02-26T11:46:20","guid":{"rendered":"https:\/\/www.arkaraf.com\/?post_type=product&#038;p=7349"},"modified":"2026-02-26T14:46:20","modified_gmt":"2026-02-26T11:46:20","slug":"omur-dedigin-bir-varmis-bir-yokmus-cem-gul","status":"publish","type":"product","link":"http:\/\/www.arkaraf.com\/en\/kitap\/omur-dedigin-bir-varmis-bir-yokmus-cem-gul","title":{"rendered":"\u00d6m\u00fcr Dedi\u011fin Bir Varm\u0131\u015f Bir Yokmu\u015f &#8211; Cem G\u00fcl"},"content":{"rendered":"<p data-renderer-start-pos=\"1\">Ne bir kahramanl\u0131k destan\u0131 bu ne de bir masal. Ama i\u00e7inde umutla uyanan sabahlar, karla \u00f6rt\u00fclm\u00fc\u015f yollar, K\u00f6y okulunun sobas\u0131nda yanarken \u00e7\u0131kan \u00e7\u0131t\u0131rt\u0131 sesleri, Bir \u00f6\u011frencinin minnet dolu bak\u0131\u015f\u0131, Bir yetimin ba\u015f\u0131n\u0131 ok\u015farken y\u00fcre\u011fe d\u00fc\u015fen s\u0131cakl\u0131k var.. \u015eimdi bu kitab\u0131n kapa\u011f\u0131n\u0131 aralad\u0131\u011f\u0131n\u0131zda, belki kendi \u00e7ocuklu\u011funuza, belki unuttu\u011funuz bir iyili\u011fe, belki de hi\u00e7 gitmedi\u011finiz bir k\u00f6y\u00fcn sessiz okuluna gideceksiniz. R\u00fczg\u00e2r\u0131n u\u011fultusunda, soban\u0131n \u00e7\u0131t\u0131rt\u0131s\u0131nda, bir \u00f6\u011fretmenin kalp at\u0131\u015flar\u0131n\u0131 duyacaks\u0131n\u0131z. Ve belki de fark edeceksiniz: \u00d6m\u00fcr dedi\u011fimiz \u015fey, asl\u0131nda ne kadar k\u0131sa ne kadar k\u0131r\u0131lgan ve ne kadar k\u0131ymetli&#8230;<\/p>\n<p data-renderer-start-pos=\"621\">Bir varm\u0131\u015f, bir yokmu\u015f kadar&#8230;<\/p>","protected":false},"excerpt":{"rendered":"<p>Ne bir kahramanl\u0131k destan\u0131 bu ne de bir masal. Ama i\u00e7inde umutla uyanan sabahlar, karla \u00f6rt\u00fclm\u00fc\u015f yollar, K\u00f6y okulunun sobas\u0131nda yanarken \u00e7\u0131kan \u00e7\u0131t\u0131rt\u0131 sesleri, Bir \u00f6\u011frencinin minnet dolu bak\u0131\u015f\u0131, Bir yetimin ba\u015f\u0131n\u0131 ok\u015farken y\u00fcre\u011fe d\u00fc\u015fen s\u0131cakl\u0131k var.. \u015eimdi bu kitab\u0131n kapa\u011f\u0131n\u0131 aralad\u0131\u011f\u0131n\u0131zda, belki kendi \u00e7ocuklu\u011funuza, belki unuttu\u011funuz bir iyili\u011fe, belki de hi\u00e7 gitmedi\u011finiz bir k\u00f6y\u00fcn [&hellip;]<\/p>\n","protected":false},"featured_media":7350,"comment_status":"open","ping_status":"closed","template":"","meta":{"inline_featured_image":false},"product_cat":[1033],"product_tag":[],"class_list":{"0":"post-7349","1":"product","2":"type-product","3":"status-publish","4":"has-post-thumbnail","6":"product_cat-roman","8":"first","9":"instock","10":"sale","11":"shipping-taxable","12":"purchasable","13":"product-type-simple"},"_links":{"self":[{"href":"http:\/\/www.arkaraf.com\/en\/wp-json\/wp\/v2\/product\/7349","targetHints":{"allow":["GET"]}}],"collection":[{"href":"http:\/\/www.arkaraf.com\/en\/wp-json\/wp\/v2\/product"}],"about":[{"href":"http:\/\/www.arkaraf.com\/en\/wp-json\/wp\/v2\/types\/product"}],"replies":[{"embeddable":true,"href":"http:\/\/www.arkaraf.com\/en\/wp-json\/wp\/v2\/comments?post=7349"}],"wp:featuredmedia":[{"embeddable":true,"href":"http:\/\/www.arkaraf.com\/en\/wp-json\/wp\/v2\/media\/7350"}],"wp:attachment":[{"href":"http:\/\/www.arkaraf.com\/en\/wp-json\/wp\/v2\/media?parent=7349"}],"wp:term":[{"taxonomy":"product_cat","embeddable":true,"href":"http:\/\/www.arkaraf.com\/en\/wp-json\/wp\/v2\/product_cat?post=7349"},{"taxonomy":"product_tag","embeddable":true,"href":"http:\/\/www.arkaraf.com\/en\/wp-json\/wp\/v2\/product_tag?post=7349"}],"curies":[{"name":"wp","href":"https:\/\/api.w.org\/{rel}","templated":true}]}}