{"id":7328,"date":"2026-02-26T14:14:08","date_gmt":"2026-02-26T11:14:08","guid":{"rendered":"https:\/\/www.arkaraf.com\/?post_type=product&#038;p=7328"},"modified":"2026-02-26T14:14:08","modified_gmt":"2026-02-26T11:14:08","slug":"4-kasim-ahmet-gok","status":"publish","type":"product","link":"http:\/\/www.arkaraf.com\/en\/kitap\/4-kasim-ahmet-gok","title":{"rendered":"4 Kas\u0131m &#8211; Ahmet G\u00f6k"},"content":{"rendered":"<p>Kalemi ald\u0131m elime, \u015fiir yazd\u0131m.<br \/>\nBundan sonra nam\u0131m\u0131z \u015fair olsun.<br \/>\nGeldi\u011fimiz yol bo\u015fmu\u015f, d\u00fcnyaya kand\u0131m.<br \/>\nVaraca\u011f\u0131m\u0131z yerin sonu hay\u0131r olsun.<br \/>\nBir ba\u015f\u0131ma d\u00fc\u015ft\u00fcm, hakikati arad\u0131m.<br \/>\nSen gibi \u00f6mr\u00fcm\u00fcn kalan\u0131 dosdo\u011fru olsun.<br \/>\nYine geldi dede\u2026 Yine 4 Kas\u0131m.<br \/>\nG\u00f6nl\u00fcn gibi, topra\u011f\u0131n bol olsun.<\/p>","protected":false},"excerpt":{"rendered":"<p>Kalemi ald\u0131m elime, \u015fiir yazd\u0131m. Bundan sonra nam\u0131m\u0131z \u015fair olsun. Geldi\u011fimiz yol bo\u015fmu\u015f, d\u00fcnyaya kand\u0131m. Varaca\u011f\u0131m\u0131z yerin sonu hay\u0131r olsun. Bir ba\u015f\u0131ma d\u00fc\u015ft\u00fcm, hakikati arad\u0131m. Sen gibi \u00f6mr\u00fcm\u00fcn kalan\u0131 dosdo\u011fru olsun. Yine geldi dede\u2026 Yine 4 Kas\u0131m. G\u00f6nl\u00fcn gibi, topra\u011f\u0131n bol olsun.<\/p>","protected":false},"featured_media":7329,"comment_status":"open","ping_status":"closed","template":"","meta":{"inline_featured_image":false},"product_cat":[1020],"product_tag":[],"class_list":{"0":"post-7328","1":"product","2":"type-product","3":"status-publish","4":"has-post-thumbnail","6":"product_cat-siir","8":"first","9":"instock","10":"sale","11":"shipping-taxable","12":"purchasable","13":"product-type-simple"},"_links":{"self":[{"href":"http:\/\/www.arkaraf.com\/en\/wp-json\/wp\/v2\/product\/7328","targetHints":{"allow":["GET"]}}],"collection":[{"href":"http:\/\/www.arkaraf.com\/en\/wp-json\/wp\/v2\/product"}],"about":[{"href":"http:\/\/www.arkaraf.com\/en\/wp-json\/wp\/v2\/types\/product"}],"replies":[{"embeddable":true,"href":"http:\/\/www.arkaraf.com\/en\/wp-json\/wp\/v2\/comments?post=7328"}],"wp:featuredmedia":[{"embeddable":true,"href":"http:\/\/www.arkaraf.com\/en\/wp-json\/wp\/v2\/media\/7329"}],"wp:attachment":[{"href":"http:\/\/www.arkaraf.com\/en\/wp-json\/wp\/v2\/media?parent=7328"}],"wp:term":[{"taxonomy":"product_cat","embeddable":true,"href":"http:\/\/www.arkaraf.com\/en\/wp-json\/wp\/v2\/product_cat?post=7328"},{"taxonomy":"product_tag","embeddable":true,"href":"http:\/\/www.arkaraf.com\/en\/wp-json\/wp\/v2\/product_tag?post=7328"}],"curies":[{"name":"wp","href":"https:\/\/api.w.org\/{rel}","templated":true}]}}