{"id":7322,"date":"2026-02-26T14:10:28","date_gmt":"2026-02-26T11:10:28","guid":{"rendered":"https:\/\/www.arkaraf.com\/?post_type=product&#038;p=7322"},"modified":"2026-02-26T14:10:28","modified_gmt":"2026-02-26T11:10:28","slug":"ikiz-kaya-yarim-kalan-yolculuk-habip-baltaci","status":"publish","type":"product","link":"http:\/\/www.arkaraf.com\/en\/kitap\/ikiz-kaya-yarim-kalan-yolculuk-habip-baltaci","title":{"rendered":"\u0130kiz Kaya &#8211; Yar\u0131m Kalan Yolculuk &#8211; Habip Baltac\u0131"},"content":{"rendered":"<p>Sabah\u0131n erken vaktiyle taze s\u00fcrg\u00fcnlerin pe\u015finde dur durak bilmeden y\u00fcr\u00fcd\u00fcler. Dik yama\u00e7larda, sivri kayalar\u0131n tepelerinde dola\u015fan da\u011f ke\u00e7ilerinin bug\u00fcnk\u00fc beslenme b\u00f6lgesi, \u015eimbi K\u00f6pr\u00fcs\u00fc&#8217;n\u00fcn \u00fczerindeki ormanl\u0131k aland\u0131. \u0130ncecik ayaklar\u0131yla kayalar\u0131n tepesine kadar t\u0131rman\u0131p oradan orman\u0131 g\u00f6zetliyor, sonra da en taze s\u00fcrg\u00fcn\u00fcn oldu\u011fu yere z\u0131playa z\u0131playa gidiyorlard\u0131. K\u0131\u015f\u0131n ba\u015flang\u0131c\u0131nda bile bu b\u00f6lgede ye\u015fil, taze s\u00fcrg\u00fcn bulmak m\u00fcmk\u00fcnd\u00fc. \u00c7\u00fcnk\u00fc Karadeniz&#8217;de her mevsim ya\u011fmur ya\u011f\u0131yor ve toprak c\u00f6mertli\u011fini do\u011faya sunuyordu. Kar \u00f6rt\u00fcs\u00fcyle hen\u00fcz beyazlamam\u0131\u015f \u0130kizdere&#8217;de, Aral\u0131k ay\u0131nda bile ye\u015file ula\u015fmak m\u00fcmk\u00fcnd\u00fc.<\/p>","protected":false},"excerpt":{"rendered":"<p>Sabah\u0131n erken vaktiyle taze s\u00fcrg\u00fcnlerin pe\u015finde dur durak bilmeden y\u00fcr\u00fcd\u00fcler. Dik yama\u00e7larda, sivri kayalar\u0131n tepelerinde dola\u015fan da\u011f ke\u00e7ilerinin bug\u00fcnk\u00fc beslenme b\u00f6lgesi, \u015eimbi K\u00f6pr\u00fcs\u00fc&#8217;n\u00fcn \u00fczerindeki ormanl\u0131k aland\u0131. \u0130ncecik ayaklar\u0131yla kayalar\u0131n tepesine kadar t\u0131rman\u0131p oradan orman\u0131 g\u00f6zetliyor, sonra da en taze s\u00fcrg\u00fcn\u00fcn oldu\u011fu yere z\u0131playa z\u0131playa gidiyorlard\u0131. K\u0131\u015f\u0131n ba\u015flang\u0131c\u0131nda bile bu b\u00f6lgede ye\u015fil, taze s\u00fcrg\u00fcn bulmak m\u00fcmk\u00fcnd\u00fc. [&hellip;]<\/p>\n","protected":false},"featured_media":7323,"comment_status":"open","ping_status":"closed","template":"","meta":{"inline_featured_image":false},"product_cat":[1033],"product_tag":[],"class_list":{"0":"post-7322","1":"product","2":"type-product","3":"status-publish","4":"has-post-thumbnail","6":"product_cat-roman","8":"first","9":"instock","10":"sale","11":"shipping-taxable","12":"purchasable","13":"product-type-simple"},"_links":{"self":[{"href":"http:\/\/www.arkaraf.com\/en\/wp-json\/wp\/v2\/product\/7322","targetHints":{"allow":["GET"]}}],"collection":[{"href":"http:\/\/www.arkaraf.com\/en\/wp-json\/wp\/v2\/product"}],"about":[{"href":"http:\/\/www.arkaraf.com\/en\/wp-json\/wp\/v2\/types\/product"}],"replies":[{"embeddable":true,"href":"http:\/\/www.arkaraf.com\/en\/wp-json\/wp\/v2\/comments?post=7322"}],"wp:featuredmedia":[{"embeddable":true,"href":"http:\/\/www.arkaraf.com\/en\/wp-json\/wp\/v2\/media\/7323"}],"wp:attachment":[{"href":"http:\/\/www.arkaraf.com\/en\/wp-json\/wp\/v2\/media?parent=7322"}],"wp:term":[{"taxonomy":"product_cat","embeddable":true,"href":"http:\/\/www.arkaraf.com\/en\/wp-json\/wp\/v2\/product_cat?post=7322"},{"taxonomy":"product_tag","embeddable":true,"href":"http:\/\/www.arkaraf.com\/en\/wp-json\/wp\/v2\/product_tag?post=7322"}],"curies":[{"name":"wp","href":"https:\/\/api.w.org\/{rel}","templated":true}]}}