{"id":7320,"date":"2026-02-26T14:09:06","date_gmt":"2026-02-26T11:09:06","guid":{"rendered":"https:\/\/www.arkaraf.com\/?post_type=product&#038;p=7320"},"modified":"2026-02-26T14:09:06","modified_gmt":"2026-02-26T11:09:06","slug":"has-bahcem-hatice-ucel-aydemir","status":"publish","type":"product","link":"http:\/\/www.arkaraf.com\/en\/kitap\/has-bahcem-hatice-ucel-aydemir","title":{"rendered":"Has Bah\u00e7em &#8211; Hatice \u00dccel Aydemir"},"content":{"rendered":"<p>Herkesin bah\u00e7esi kendine \u00f6zel, kimisi g\u00fcl eker kimisi diken besler! Muhtemelen arkana yaslanacaks\u0131n ve film izler gibi kendi hayat\u0131n\u0131n karelerine sar\u0131lacaks\u0131n. \u00c7\u00fcnk\u00fc biriciksin, teksin, de\u011ferlisin&#8230; Muhtemelen bence sen bah\u00e7ene de iyi bakacaks\u0131n, g\u00fcllerini koklayacaks\u0131n, daha bir s\u00fcr\u00fc \u00e7i\u00e7e\u011fi y\u00fcre\u011finde saklayacaks\u0131n&#8230; Muhtemelen bence sen herkesin bah\u00e7esinin kendine ait oldu\u011funu ruhunla duyacaks\u0131n&#8230; \u015eu an huzurun kollar\u0131nda bir \u015fekerleme yapma vakti, etraf tenha, g\u00fcne\u015f ikindi vaktine esir, hemen sa\u011f yan\u0131nda bir g\u00f6lge, bak ufukta bir m\u00fcjde! \u00d6yleyse umut y\u00fcre\u011fine de\u011fsin ince ince&#8230;<\/p>","protected":false},"excerpt":{"rendered":"<p>Herkesin bah\u00e7esi kendine \u00f6zel, kimisi g\u00fcl eker kimisi diken besler! Muhtemelen arkana yaslanacaks\u0131n ve film izler gibi kendi hayat\u0131n\u0131n karelerine sar\u0131lacaks\u0131n. \u00c7\u00fcnk\u00fc biriciksin, teksin, de\u011ferlisin&#8230; Muhtemelen bence sen bah\u00e7ene de iyi bakacaks\u0131n, g\u00fcllerini koklayacaks\u0131n, daha bir s\u00fcr\u00fc \u00e7i\u00e7e\u011fi y\u00fcre\u011finde saklayacaks\u0131n&#8230; Muhtemelen bence sen herkesin bah\u00e7esinin kendine ait oldu\u011funu ruhunla duyacaks\u0131n&#8230; \u015eu an huzurun kollar\u0131nda bir [&hellip;]<\/p>\n","protected":false},"featured_media":7321,"comment_status":"open","ping_status":"closed","template":"","meta":{"inline_featured_image":false},"product_cat":[1020],"product_tag":[],"class_list":{"0":"post-7320","1":"product","2":"type-product","3":"status-publish","4":"has-post-thumbnail","6":"product_cat-siir","8":"first","9":"instock","10":"sale","11":"shipping-taxable","12":"purchasable","13":"product-type-simple"},"_links":{"self":[{"href":"http:\/\/www.arkaraf.com\/en\/wp-json\/wp\/v2\/product\/7320","targetHints":{"allow":["GET"]}}],"collection":[{"href":"http:\/\/www.arkaraf.com\/en\/wp-json\/wp\/v2\/product"}],"about":[{"href":"http:\/\/www.arkaraf.com\/en\/wp-json\/wp\/v2\/types\/product"}],"replies":[{"embeddable":true,"href":"http:\/\/www.arkaraf.com\/en\/wp-json\/wp\/v2\/comments?post=7320"}],"wp:featuredmedia":[{"embeddable":true,"href":"http:\/\/www.arkaraf.com\/en\/wp-json\/wp\/v2\/media\/7321"}],"wp:attachment":[{"href":"http:\/\/www.arkaraf.com\/en\/wp-json\/wp\/v2\/media?parent=7320"}],"wp:term":[{"taxonomy":"product_cat","embeddable":true,"href":"http:\/\/www.arkaraf.com\/en\/wp-json\/wp\/v2\/product_cat?post=7320"},{"taxonomy":"product_tag","embeddable":true,"href":"http:\/\/www.arkaraf.com\/en\/wp-json\/wp\/v2\/product_tag?post=7320"}],"curies":[{"name":"wp","href":"https:\/\/api.w.org\/{rel}","templated":true}]}}