{"id":7306,"date":"2026-02-26T13:13:50","date_gmt":"2026-02-26T10:13:50","guid":{"rendered":"https:\/\/www.arkaraf.com\/?post_type=product&#038;p=7306"},"modified":"2026-02-26T13:13:50","modified_gmt":"2026-02-26T10:13:50","slug":"nusaybin-hendeklerinde-joh-poh-komandolar-yesil-bozlak","status":"publish","type":"product","link":"http:\/\/www.arkaraf.com\/en\/kitap\/nusaybin-hendeklerinde-joh-poh-komandolar-yesil-bozlak","title":{"rendered":"Nusaybin Hendeklerinde J\u00d6H &#8211; P\u00d6H Komandolar &#8211; Ye\u015fil Bozlak"},"content":{"rendered":"<p>Nusaybin\u2019de timler patlaya patlaya, kafas\u0131na EYP (el yap\u0131m\u0131 patlay\u0131c\u0131) ile i\u00e7i g\u00fc\u00e7lendirilmi\u015f t\u00fcp, \u00e7aydanl\u0131k, kola kutular\u0131, bak\u0131r taslar, yiyerek ilerlemelerini yap\u0131yordu..<\/p>\n<p>Askerli\u011fin r\u00fctbe ve elbise i\u015fi olmad\u0131\u011f\u0131n\u0131 ruh i\u015fi oldu\u011funu ya\u015fayarak bir kez daha \u00f6\u011frenmi\u015f olacakt\u0131m. Er meydan\u0131yd\u0131 buras\u0131, r\u00fctbenin de\u011fil. Yi\u011fitli\u011fin sorguland\u0131\u011f\u0131 yerdi&#8230; \u00d6l\u00fcmle ya\u015fam aras\u0131ndayd\u0131k..<\/p>\n<p>Gecenin sessizli\u011finde, yolunu \u015fa\u015f\u0131rm\u0131\u015f serseri bir mermi \u0131sl\u0131k \u00e7alarak \u00fczerimden ge\u00e7ti ve geri b\u00f6lgemdeki binan\u0131n cam\u0131ndan i\u00e7eri girdi..<\/p>\n<p>Kayalara ve ta\u015flara \u00e7arpan mermilerin \u00e7\u0131kard\u0131\u011f\u0131 toz bulutlar\u0131n\u0131 g\u00f6rebiliyordum. Arada \u00e7\u0131kan izli mermilerde (genellikle gece ortamlar\u0131n\u0131 ayd\u0131nlatmak i\u00e7in kullan\u0131lan mermiler) dere yata\u011f\u0131na ayr\u0131 bir g\u00fczellik kat\u0131yordu..<\/p>\n<p>\u00c7at\u0131\u015fmaya gireceksiniz. Yan\u0131n\u0131zda el yap\u0131m\u0131 patlay\u0131c\u0131lar patlayacak. Ba\u015f\u0131n\u0131z\u0131n \u00fczerinden mermiler ge\u00e7ecek. Yan\u0131n\u0131zda silah arkada\u015f\u0131n\u0131z vurulacak. \u00d6l\u00fcm\u00fc ensede hissedeceksiniz. Bu topraklar i\u00e7in \u00f6denen bedelleri, fedak\u00e2rl\u0131klar\u0131 ruhunuzun derinliklerinde ya\u015fayacak ve hissedeceksiniz..<\/p>\n<p>Nusaybin kitab\u0131, bana ait olamayacak kadar silah arkada\u015flar\u0131m\u0131n kahramanl\u0131klar\u0131 ile dolu idi.<\/p>","protected":false},"excerpt":{"rendered":"<p>Nusaybin\u2019de timler patlaya patlaya, kafas\u0131na EYP (el yap\u0131m\u0131 patlay\u0131c\u0131) ile i\u00e7i g\u00fc\u00e7lendirilmi\u015f t\u00fcp, \u00e7aydanl\u0131k, kola kutular\u0131, bak\u0131r taslar, yiyerek ilerlemelerini yap\u0131yordu.. Askerli\u011fin r\u00fctbe ve elbise i\u015fi olmad\u0131\u011f\u0131n\u0131 ruh i\u015fi oldu\u011funu ya\u015fayarak bir kez daha \u00f6\u011frenmi\u015f olacakt\u0131m. Er meydan\u0131yd\u0131 buras\u0131, r\u00fctbenin de\u011fil. Yi\u011fitli\u011fin sorguland\u0131\u011f\u0131 yerdi&#8230; \u00d6l\u00fcmle ya\u015fam aras\u0131ndayd\u0131k.. Gecenin sessizli\u011finde, yolunu \u015fa\u015f\u0131rm\u0131\u015f serseri bir mermi \u0131sl\u0131k [&hellip;]<\/p>\n","protected":false},"featured_media":7307,"comment_status":"open","ping_status":"closed","template":"","meta":{"inline_featured_image":false},"product_cat":[1083],"product_tag":[],"class_list":{"0":"post-7306","1":"product","2":"type-product","3":"status-publish","4":"has-post-thumbnail","6":"product_cat-ani","8":"first","9":"instock","10":"sale","11":"shipping-taxable","12":"purchasable","13":"product-type-simple"},"_links":{"self":[{"href":"http:\/\/www.arkaraf.com\/en\/wp-json\/wp\/v2\/product\/7306","targetHints":{"allow":["GET"]}}],"collection":[{"href":"http:\/\/www.arkaraf.com\/en\/wp-json\/wp\/v2\/product"}],"about":[{"href":"http:\/\/www.arkaraf.com\/en\/wp-json\/wp\/v2\/types\/product"}],"replies":[{"embeddable":true,"href":"http:\/\/www.arkaraf.com\/en\/wp-json\/wp\/v2\/comments?post=7306"}],"wp:featuredmedia":[{"embeddable":true,"href":"http:\/\/www.arkaraf.com\/en\/wp-json\/wp\/v2\/media\/7307"}],"wp:attachment":[{"href":"http:\/\/www.arkaraf.com\/en\/wp-json\/wp\/v2\/media?parent=7306"}],"wp:term":[{"taxonomy":"product_cat","embeddable":true,"href":"http:\/\/www.arkaraf.com\/en\/wp-json\/wp\/v2\/product_cat?post=7306"},{"taxonomy":"product_tag","embeddable":true,"href":"http:\/\/www.arkaraf.com\/en\/wp-json\/wp\/v2\/product_tag?post=7306"}],"curies":[{"name":"wp","href":"https:\/\/api.w.org\/{rel}","templated":true}]}}