{"id":7302,"date":"2026-02-26T13:10:37","date_gmt":"2026-02-26T10:10:37","guid":{"rendered":"https:\/\/www.arkaraf.com\/?post_type=product&#038;p=7302"},"modified":"2026-02-26T13:10:37","modified_gmt":"2026-02-26T10:10:37","slug":"allah-tek-iken-neden-farkli-dinler-mezhepler-tasavvuflar-ve-tarikatlar-var-ramazan-sen","status":"publish","type":"product","link":"http:\/\/www.arkaraf.com\/en\/kitap\/allah-tek-iken-neden-farkli-dinler-mezhepler-tasavvuflar-ve-tarikatlar-var-ramazan-sen","title":{"rendered":"Allah Tek \u0130ken Neden Farkl\u0131 Dinler, Mezhepler, Tasavvuflar ve Tarikatlar Var? &#8211; Ramazan \u015een"},"content":{"rendered":"<p>Atat\u00fcrk\u2019\u00fcn \u201cKURAN\u2019IN \u00d6Z\u00dcNE D\u00d6N\u00dc\u015e\u201d projesine kar\u015f\u0131 \u00e7\u0131kan o zaman\u0131n ayd\u0131nlar\u0131 \u015f\u00f6yle dediler;\u201d\u00c7A\u011eDA\u015e OLMAK \u0130\u00c7\u0130N KURAN\u2019DAN UZAK DURMAK \u015eARTTIR.\u201d \u0130\u015fte bu nedenle Atat\u00fcrk\u2019\u00fcn bu projesine\u00a0 sahip \u00e7\u0131kmayan o zaman\u0131n bilim adamlar\u0131\/ayd\u0131nlar\u0131 y\u00fcz\u00fcnden Kuran yeterince savunulmam\u0131\u015ft\u0131r. Oysa;\u00a0ilk ayet \u201cOKU\u201d olup, okuyan insan ise e\u011fitimdedir. Soru= E\u011fitilen insan ne olur? Cevap= G\u00f6revli olur.Arap dilinde MELEK demek T\u00fcrk\u00e7e kar\u015f\u0131l\u0131\u011f\u0131 G\u00d6REVL\u0130 demektir. Bu nedenle; <em data-renderer-mark=\"true\">\u2019Enam 165 Allah sizi yery\u00fcz\u00fcne halifeleri\/<strong data-renderer-mark=\"true\">Melek<\/strong> g\u00f6revlileri olas\u0131n\u0131z diye g\u00f6nderdi.<\/em> C\u00fcmlesi ortaya \u00e7\u0131kar.\u0130\u015fte bu analiz sonucunda Me\u011ferse Ruhumuzun bu beden ile birle\u015fip de\u00a0 insan olarak d\u00fcnyada olmas\u0131n\u0131n\u00a0 SIRRI, me\u011ferse bu d\u00fcnyaya <strong data-renderer-mark=\"true\">MELEK OLAB\u0130LMEK<\/strong> i\u00e7in nefis derslerinden e\u011fitim g\u00f6rmeye gelmesiymi\u015f. Cennet ise insana verilen bir \u00f6d\u00fclm\u00fc\u015f. Bakara-253&#8217;de: \u201c<em data-renderer-mark=\"true\">Ne yapm\u0131\u015flarsa kendilerine verilen \u00f6zg\u00fcr irade ile yapm\u0131\u015flard\u0131r.\u201d<\/em>\u00a0Denilmekte olup ,\u00e7\u00fcnk\u00fc; \u0130nsan\u0131n \u00f6zg\u00fcr karar\u0131na g\u00f6re se\u00e7im yapmas\u0131 isteniyor ve\u00a0 \u00c7ABASI \u0130LE \u00d6ZG\u00dcR \u0130RADEY\u0130 \u0130Y\u0130 Y\u00d6NDE KULLANARAK MELEK OLMASI \u0130STEN\u0130YOR. Yanl\u0131\u015f yolda olan insana ise kar\u0131\u015f\u0131lm\u0131yor ve izleniyor olumsuz notlar\u0131\/amelleri kay\u0131t ediliyor. Din demek: Melek olabilmek i\u00e7in uymam\u0131z gereken kurallar olup, oysa ALLAH TEK \u0130KEN, NEDEN FARKLI D\u0130NLER, MEZHEPLER, TASAVVUFLAR VE TAR\u0130KATLAR VAR?<\/p>","protected":false},"excerpt":{"rendered":"<p>Atat\u00fcrk\u2019\u00fcn \u201cKURAN\u2019IN \u00d6Z\u00dcNE D\u00d6N\u00dc\u015e\u201d projesine kar\u015f\u0131 \u00e7\u0131kan o zaman\u0131n ayd\u0131nlar\u0131 \u015f\u00f6yle dediler;\u201d\u00c7A\u011eDA\u015e OLMAK \u0130\u00c7\u0130N KURAN\u2019DAN UZAK DURMAK \u015eARTTIR.\u201d \u0130\u015fte bu nedenle Atat\u00fcrk\u2019\u00fcn bu projesine\u00a0 sahip \u00e7\u0131kmayan o zaman\u0131n bilim adamlar\u0131\/ayd\u0131nlar\u0131 y\u00fcz\u00fcnden Kuran yeterince savunulmam\u0131\u015ft\u0131r. Oysa;\u00a0ilk ayet \u201cOKU\u201d olup, okuyan insan ise e\u011fitimdedir. Soru= E\u011fitilen insan ne olur? Cevap= G\u00f6revli olur.Arap dilinde MELEK demek T\u00fcrk\u00e7e kar\u015f\u0131l\u0131\u011f\u0131 [&hellip;]<\/p>\n","protected":false},"featured_media":7303,"comment_status":"open","ping_status":"closed","template":"","meta":{"inline_featured_image":false},"product_cat":[326],"product_tag":[],"class_list":{"0":"post-7302","1":"product","2":"type-product","3":"status-publish","4":"has-post-thumbnail","6":"product_cat-arastirma-inceleme","8":"first","9":"instock","10":"sale","11":"shipping-taxable","12":"purchasable","13":"product-type-simple"},"_links":{"self":[{"href":"http:\/\/www.arkaraf.com\/en\/wp-json\/wp\/v2\/product\/7302","targetHints":{"allow":["GET"]}}],"collection":[{"href":"http:\/\/www.arkaraf.com\/en\/wp-json\/wp\/v2\/product"}],"about":[{"href":"http:\/\/www.arkaraf.com\/en\/wp-json\/wp\/v2\/types\/product"}],"replies":[{"embeddable":true,"href":"http:\/\/www.arkaraf.com\/en\/wp-json\/wp\/v2\/comments?post=7302"}],"wp:featuredmedia":[{"embeddable":true,"href":"http:\/\/www.arkaraf.com\/en\/wp-json\/wp\/v2\/media\/7303"}],"wp:attachment":[{"href":"http:\/\/www.arkaraf.com\/en\/wp-json\/wp\/v2\/media?parent=7302"}],"wp:term":[{"taxonomy":"product_cat","embeddable":true,"href":"http:\/\/www.arkaraf.com\/en\/wp-json\/wp\/v2\/product_cat?post=7302"},{"taxonomy":"product_tag","embeddable":true,"href":"http:\/\/www.arkaraf.com\/en\/wp-json\/wp\/v2\/product_tag?post=7302"}],"curies":[{"name":"wp","href":"https:\/\/api.w.org\/{rel}","templated":true}]}}