{"id":7282,"date":"2026-02-26T12:43:32","date_gmt":"2026-02-26T09:43:32","guid":{"rendered":"https:\/\/www.arkaraf.com\/?post_type=product&#038;p=7282"},"modified":"2026-02-26T12:43:32","modified_gmt":"2026-02-26T09:43:32","slug":"aska-veda-yusuf-deli","status":"publish","type":"product","link":"http:\/\/www.arkaraf.com\/en\/kitap\/aska-veda-yusuf-deli","title":{"rendered":"A\u015fka Veda &#8211; Yusuf Deli"},"content":{"rendered":"<p>Bu sayfalarda okuyacaklar\u0131m\u0131z; bir vedan\u0131n so\u011fuk nefesi, bir k\u0131rg\u0131nl\u0131\u011f\u0131n en \u00e7\u0131plak hali, bir sitemin sat\u0131rlara d\u00f6k\u00fclm\u00fc\u015f yank\u0131s\u0131d\u0131r. Her dize, bir zamanlar titreyen ellerimle tuttu\u011fum, \u015fimdi ise u\u00e7urum kenar\u0131nda b\u0131rakt\u0131\u011f\u0131m bir duygronun a\u011f\u0131rl\u0131\u011f\u0131n\u0131 ta\u015f\u0131r.<\/p>","protected":false},"excerpt":{"rendered":"<p>Bu sayfalarda okuyacaklar\u0131m\u0131z; bir vedan\u0131n so\u011fuk nefesi, bir k\u0131rg\u0131nl\u0131\u011f\u0131n en \u00e7\u0131plak hali, bir sitemin sat\u0131rlara d\u00f6k\u00fclm\u00fc\u015f yank\u0131s\u0131d\u0131r. Her dize, bir zamanlar titreyen ellerimle tuttu\u011fum, \u015fimdi ise u\u00e7urum kenar\u0131nda b\u0131rakt\u0131\u011f\u0131m bir duygronun a\u011f\u0131rl\u0131\u011f\u0131n\u0131 ta\u015f\u0131r.<\/p>","protected":false},"featured_media":7283,"comment_status":"open","ping_status":"closed","template":"","meta":{"inline_featured_image":false},"product_cat":[1020],"product_tag":[],"class_list":{"0":"post-7282","1":"product","2":"type-product","3":"status-publish","4":"has-post-thumbnail","6":"product_cat-siir","8":"first","9":"instock","10":"sale","11":"shipping-taxable","12":"purchasable","13":"product-type-simple"},"_links":{"self":[{"href":"http:\/\/www.arkaraf.com\/en\/wp-json\/wp\/v2\/product\/7282","targetHints":{"allow":["GET"]}}],"collection":[{"href":"http:\/\/www.arkaraf.com\/en\/wp-json\/wp\/v2\/product"}],"about":[{"href":"http:\/\/www.arkaraf.com\/en\/wp-json\/wp\/v2\/types\/product"}],"replies":[{"embeddable":true,"href":"http:\/\/www.arkaraf.com\/en\/wp-json\/wp\/v2\/comments?post=7282"}],"wp:featuredmedia":[{"embeddable":true,"href":"http:\/\/www.arkaraf.com\/en\/wp-json\/wp\/v2\/media\/7283"}],"wp:attachment":[{"href":"http:\/\/www.arkaraf.com\/en\/wp-json\/wp\/v2\/media?parent=7282"}],"wp:term":[{"taxonomy":"product_cat","embeddable":true,"href":"http:\/\/www.arkaraf.com\/en\/wp-json\/wp\/v2\/product_cat?post=7282"},{"taxonomy":"product_tag","embeddable":true,"href":"http:\/\/www.arkaraf.com\/en\/wp-json\/wp\/v2\/product_tag?post=7282"}],"curies":[{"name":"wp","href":"https:\/\/api.w.org\/{rel}","templated":true}]}}