{"id":7278,"date":"2026-02-26T12:35:51","date_gmt":"2026-02-26T09:35:51","guid":{"rendered":"https:\/\/www.arkaraf.com\/?post_type=product&#038;p=7278"},"modified":"2026-02-26T12:35:51","modified_gmt":"2026-02-26T09:35:51","slug":"acelya-ibrahim-oghan","status":"publish","type":"product","link":"http:\/\/www.arkaraf.com\/en\/kitap\/acelya-ibrahim-oghan","title":{"rendered":"A\u00e7elya &#8211; \u0130brahim O\u011fhan"},"content":{"rendered":"<p>D\u00fc\u015f\u00fcnd\u00fcm,<br \/>\nBelki de \u00f6l\u00fcm<br \/>\nElektrikler kesilince<br \/>\nTelevizyonun c\u0131z\u0131rt\u0131s\u0131d\u0131r;<br \/>\nKimse \u015fa\u015f\u0131rmaz<br \/>\nBiraz k\u0131zar,<br \/>\nSonra mum yakar<\/p>","protected":false},"excerpt":{"rendered":"<p>D\u00fc\u015f\u00fcnd\u00fcm, Belki de \u00f6l\u00fcm Elektrikler kesilince Televizyonun c\u0131z\u0131rt\u0131s\u0131d\u0131r; Kimse \u015fa\u015f\u0131rmaz Biraz k\u0131zar, Sonra mum yakar<\/p>","protected":false},"featured_media":7279,"comment_status":"open","ping_status":"closed","template":"","meta":{"inline_featured_image":false},"product_cat":[1020],"product_tag":[],"class_list":{"0":"post-7278","1":"product","2":"type-product","3":"status-publish","4":"has-post-thumbnail","6":"product_cat-siir","8":"first","9":"instock","10":"sale","11":"shipping-taxable","12":"purchasable","13":"product-type-simple"},"_links":{"self":[{"href":"http:\/\/www.arkaraf.com\/en\/wp-json\/wp\/v2\/product\/7278","targetHints":{"allow":["GET"]}}],"collection":[{"href":"http:\/\/www.arkaraf.com\/en\/wp-json\/wp\/v2\/product"}],"about":[{"href":"http:\/\/www.arkaraf.com\/en\/wp-json\/wp\/v2\/types\/product"}],"replies":[{"embeddable":true,"href":"http:\/\/www.arkaraf.com\/en\/wp-json\/wp\/v2\/comments?post=7278"}],"wp:featuredmedia":[{"embeddable":true,"href":"http:\/\/www.arkaraf.com\/en\/wp-json\/wp\/v2\/media\/7279"}],"wp:attachment":[{"href":"http:\/\/www.arkaraf.com\/en\/wp-json\/wp\/v2\/media?parent=7278"}],"wp:term":[{"taxonomy":"product_cat","embeddable":true,"href":"http:\/\/www.arkaraf.com\/en\/wp-json\/wp\/v2\/product_cat?post=7278"},{"taxonomy":"product_tag","embeddable":true,"href":"http:\/\/www.arkaraf.com\/en\/wp-json\/wp\/v2\/product_tag?post=7278"}],"curies":[{"name":"wp","href":"https:\/\/api.w.org\/{rel}","templated":true}]}}