{"id":7261,"date":"2026-02-26T12:16:00","date_gmt":"2026-02-26T09:16:00","guid":{"rendered":"https:\/\/www.arkaraf.com\/?post_type=product&#038;p=7261"},"modified":"2026-02-26T12:16:00","modified_gmt":"2026-02-26T09:16:00","slug":"kollarindaki-hazine-yeliz-yadsan","status":"publish","type":"product","link":"http:\/\/www.arkaraf.com\/en\/kitap\/kollarindaki-hazine-yeliz-yadsan","title":{"rendered":"Kollar\u0131ndaki Hazine &#8211; Yeliz Yadsan"},"content":{"rendered":"<p data-renderer-start-pos=\"14\">Otizmli \u00e7ocuklar\u0131 anlamak ve b\u00fcy\u00fctmek bazen karma\u015f\u0131k, bazen de y\u00fcrek \u0131s\u0131tan bir yolculuktur. Bu kitap, hem ruhsal, hem duygusal, hem de pratik a\u00e7\u0131dan rehberlik sunar; \u00e7ocu\u011funuzun i\u00e7 d\u00fcnyas\u0131n\u0131 anlaman\u0131za, g\u00fc\u00e7l\u00fc yanlar\u0131n\u0131 ke\u015ffetmenize ve g\u00fcnl\u00fck ya\u015famda destek olman\u0131za yard\u0131mc\u0131 olur. Kitapta ayr\u0131ca bili\u015fsel ve fiziksel geli\u015fim, \u00f6rnek hik\u00e2yeler ve g\u00fcnl\u00fck ya\u015fam stratejileri de yer al\u0131r.<\/p>\n<p data-renderer-start-pos=\"400\">\u015eefkat, bilgelik ve inan\u00e7la yol al\u0131rken, her sayfa size umut ve ilham verir.<\/p>","protected":false},"excerpt":{"rendered":"<p>Otizmli \u00e7ocuklar\u0131 anlamak ve b\u00fcy\u00fctmek bazen karma\u015f\u0131k, bazen de y\u00fcrek \u0131s\u0131tan bir yolculuktur. Bu kitap, hem ruhsal, hem duygusal, hem de pratik a\u00e7\u0131dan rehberlik sunar; \u00e7ocu\u011funuzun i\u00e7 d\u00fcnyas\u0131n\u0131 anlaman\u0131za, g\u00fc\u00e7l\u00fc yanlar\u0131n\u0131 ke\u015ffetmenize ve g\u00fcnl\u00fck ya\u015famda destek olman\u0131za yard\u0131mc\u0131 olur. Kitapta ayr\u0131ca bili\u015fsel ve fiziksel geli\u015fim, \u00f6rnek hik\u00e2yeler ve g\u00fcnl\u00fck ya\u015fam stratejileri de yer al\u0131r. \u015eefkat, [&hellip;]<\/p>\n","protected":false},"featured_media":7262,"comment_status":"open","ping_status":"closed","template":"","meta":{"inline_featured_image":false},"product_cat":[398],"product_tag":[],"class_list":{"0":"post-7261","1":"product","2":"type-product","3":"status-publish","4":"has-post-thumbnail","6":"product_cat-kisisel-gelisim","8":"first","9":"instock","10":"sale","11":"shipping-taxable","12":"purchasable","13":"product-type-simple"},"_links":{"self":[{"href":"http:\/\/www.arkaraf.com\/en\/wp-json\/wp\/v2\/product\/7261","targetHints":{"allow":["GET"]}}],"collection":[{"href":"http:\/\/www.arkaraf.com\/en\/wp-json\/wp\/v2\/product"}],"about":[{"href":"http:\/\/www.arkaraf.com\/en\/wp-json\/wp\/v2\/types\/product"}],"replies":[{"embeddable":true,"href":"http:\/\/www.arkaraf.com\/en\/wp-json\/wp\/v2\/comments?post=7261"}],"wp:featuredmedia":[{"embeddable":true,"href":"http:\/\/www.arkaraf.com\/en\/wp-json\/wp\/v2\/media\/7262"}],"wp:attachment":[{"href":"http:\/\/www.arkaraf.com\/en\/wp-json\/wp\/v2\/media?parent=7261"}],"wp:term":[{"taxonomy":"product_cat","embeddable":true,"href":"http:\/\/www.arkaraf.com\/en\/wp-json\/wp\/v2\/product_cat?post=7261"},{"taxonomy":"product_tag","embeddable":true,"href":"http:\/\/www.arkaraf.com\/en\/wp-json\/wp\/v2\/product_tag?post=7261"}],"curies":[{"name":"wp","href":"https:\/\/api.w.org\/{rel}","templated":true}]}}