{"id":7253,"date":"2026-02-26T12:10:29","date_gmt":"2026-02-26T09:10:29","guid":{"rendered":"https:\/\/www.arkaraf.com\/?post_type=product&#038;p=7253"},"modified":"2026-02-26T12:10:29","modified_gmt":"2026-02-26T09:10:29","slug":"ruhun-cemberi-bilal-bayram-kilic","status":"publish","type":"product","link":"http:\/\/www.arkaraf.com\/en\/kitap\/ruhun-cemberi-bilal-bayram-kilic","title":{"rendered":"Ruhun \u00c7emberi &#8211; Bilal Bayram K\u0131l\u0131\u00e7"},"content":{"rendered":"<p data-renderer-start-pos=\"1\">\u2018\u2018\u0130\u00e7imde bir \u00e7ocuk var, Israrla g\u00f6\u011fe bakmaya devam eden&#8230;\u2019\u2019<\/p>\n<p data-renderer-start-pos=\"63\">Bu kitap, kayboldu\u011funu sanan ama asl\u0131nda yolun tam ortas\u0131nda duranlara aittir.<\/p>\n<p data-renderer-start-pos=\"143\">S\u0131n\u0131rlar\u0131n\u0131 a\u015fmak i\u00e7in m\u00fccadele eden, yaralar\u0131n\u0131 saklamak yerine anlamay\u0131 se\u00e7en ruhlara&#8230;<\/p>\n<p data-renderer-start-pos=\"235\"><strong data-renderer-mark=\"true\">Ruhun \u00c7emberi,<\/strong> insan\u0131n kendi derinlerine do\u011fru indi\u011fi o sessiz yolculu\u011fu, felsefi sorgularla ta\u015f\u0131yor; kimi zaman yaralara, kimi zaman umutlara dokunan bir yolla&#8230;<\/p>\n<p data-renderer-start-pos=\"400\">Ancak t\u00fcm bu karma\u015fa ve y\u0131k\u0131m\u0131n ortas\u0131nda, hen\u00fcz bir g\u00f6lge bile olamam\u0131\u015f, k\u00fc\u00e7\u00fck bir umut fidan\u0131 gizli. Unutma ki her selvi, g\u00fcn\u00fcn birinde koca bir \u00e7\u0131nara d\u00f6n\u00fc\u015f\u00fcr.<\/p>\n<p data-renderer-start-pos=\"564\">Yeter ki onu yang\u0131na kar\u015f\u0131 korumas\u0131n\u0131 bil&#8230;<\/p>","protected":false},"excerpt":{"rendered":"<p>\u2018\u2018\u0130\u00e7imde bir \u00e7ocuk var, Israrla g\u00f6\u011fe bakmaya devam eden&#8230;\u2019\u2019 Bu kitap, kayboldu\u011funu sanan ama asl\u0131nda yolun tam ortas\u0131nda duranlara aittir. S\u0131n\u0131rlar\u0131n\u0131 a\u015fmak i\u00e7in m\u00fccadele eden, yaralar\u0131n\u0131 saklamak yerine anlamay\u0131 se\u00e7en ruhlara&#8230; Ruhun \u00c7emberi, insan\u0131n kendi derinlerine do\u011fru indi\u011fi o sessiz yolculu\u011fu, felsefi sorgularla ta\u015f\u0131yor; kimi zaman yaralara, kimi zaman umutlara dokunan bir yolla&#8230; Ancak t\u00fcm [&hellip;]<\/p>\n","protected":false},"featured_media":7254,"comment_status":"open","ping_status":"closed","template":"","meta":{"inline_featured_image":false},"product_cat":[1020],"product_tag":[],"class_list":{"0":"post-7253","1":"product","2":"type-product","3":"status-publish","4":"has-post-thumbnail","6":"product_cat-siir","8":"first","9":"instock","10":"sale","11":"shipping-taxable","12":"purchasable","13":"product-type-simple"},"_links":{"self":[{"href":"http:\/\/www.arkaraf.com\/en\/wp-json\/wp\/v2\/product\/7253","targetHints":{"allow":["GET"]}}],"collection":[{"href":"http:\/\/www.arkaraf.com\/en\/wp-json\/wp\/v2\/product"}],"about":[{"href":"http:\/\/www.arkaraf.com\/en\/wp-json\/wp\/v2\/types\/product"}],"replies":[{"embeddable":true,"href":"http:\/\/www.arkaraf.com\/en\/wp-json\/wp\/v2\/comments?post=7253"}],"wp:featuredmedia":[{"embeddable":true,"href":"http:\/\/www.arkaraf.com\/en\/wp-json\/wp\/v2\/media\/7254"}],"wp:attachment":[{"href":"http:\/\/www.arkaraf.com\/en\/wp-json\/wp\/v2\/media?parent=7253"}],"wp:term":[{"taxonomy":"product_cat","embeddable":true,"href":"http:\/\/www.arkaraf.com\/en\/wp-json\/wp\/v2\/product_cat?post=7253"},{"taxonomy":"product_tag","embeddable":true,"href":"http:\/\/www.arkaraf.com\/en\/wp-json\/wp\/v2\/product_tag?post=7253"}],"curies":[{"name":"wp","href":"https:\/\/api.w.org\/{rel}","templated":true}]}}