{"id":7249,"date":"2026-02-26T12:07:09","date_gmt":"2026-02-26T09:07:09","guid":{"rendered":"https:\/\/www.arkaraf.com\/?post_type=product&#038;p=7249"},"modified":"2026-02-26T12:07:09","modified_gmt":"2026-02-26T09:07:09","slug":"bence-tugay-caki","status":"publish","type":"product","link":"http:\/\/www.arkaraf.com\/en\/kitap\/bence-tugay-caki","title":{"rendered":"Bence &#8211; Tugay \u00c7ak\u0131"},"content":{"rendered":"<p>Varolu\u015fun bili\u015fsel yank\u0131s\u0131, belki de, herkesin kendi karanl\u0131\u011f\u0131nda arad\u0131\u011f\u0131 o kadim sorunun cevab\u0131ndan ba\u015fka bir \u015fey de\u011fildi:<br \/>\n&#8220;Ben ger\u00e7ekte kimim?&#8221;<\/p>","protected":false},"excerpt":{"rendered":"<p>Varolu\u015fun bili\u015fsel yank\u0131s\u0131, belki de, herkesin kendi karanl\u0131\u011f\u0131nda arad\u0131\u011f\u0131 o kadim sorunun cevab\u0131ndan ba\u015fka bir \u015fey de\u011fildi: &#8220;Ben ger\u00e7ekte kimim?&#8221;<\/p>","protected":false},"featured_media":7250,"comment_status":"open","ping_status":"closed","template":"","meta":{"inline_featured_image":false},"product_cat":[15],"product_tag":[],"class_list":{"0":"post-7249","1":"product","2":"type-product","3":"status-publish","4":"has-post-thumbnail","6":"product_cat-uncategorized","8":"first","9":"instock","10":"sale","11":"shipping-taxable","12":"purchasable","13":"product-type-simple"},"_links":{"self":[{"href":"http:\/\/www.arkaraf.com\/en\/wp-json\/wp\/v2\/product\/7249","targetHints":{"allow":["GET"]}}],"collection":[{"href":"http:\/\/www.arkaraf.com\/en\/wp-json\/wp\/v2\/product"}],"about":[{"href":"http:\/\/www.arkaraf.com\/en\/wp-json\/wp\/v2\/types\/product"}],"replies":[{"embeddable":true,"href":"http:\/\/www.arkaraf.com\/en\/wp-json\/wp\/v2\/comments?post=7249"}],"wp:featuredmedia":[{"embeddable":true,"href":"http:\/\/www.arkaraf.com\/en\/wp-json\/wp\/v2\/media\/7250"}],"wp:attachment":[{"href":"http:\/\/www.arkaraf.com\/en\/wp-json\/wp\/v2\/media?parent=7249"}],"wp:term":[{"taxonomy":"product_cat","embeddable":true,"href":"http:\/\/www.arkaraf.com\/en\/wp-json\/wp\/v2\/product_cat?post=7249"},{"taxonomy":"product_tag","embeddable":true,"href":"http:\/\/www.arkaraf.com\/en\/wp-json\/wp\/v2\/product_tag?post=7249"}],"curies":[{"name":"wp","href":"https:\/\/api.w.org\/{rel}","templated":true}]}}