{"id":7243,"date":"2026-02-26T12:03:10","date_gmt":"2026-02-26T09:03:10","guid":{"rendered":"https:\/\/www.arkaraf.com\/?post_type=product&#038;p=7243"},"modified":"2026-02-26T12:03:13","modified_gmt":"2026-02-26T09:03:13","slug":"iyi-yolculuklarin-olsun-aykut-ozcelik","status":"publish","type":"product","link":"http:\/\/www.arkaraf.com\/en\/kitap\/iyi-yolculuklarin-olsun-aykut-ozcelik","title":{"rendered":"\u0130yi Yolculuklar\u0131n Olsun &#8211; Aykut \u00d6z\u00e7elik"},"content":{"rendered":"<p data-renderer-start-pos=\"1\">D\u00fcnya hayat\u0131, ruhsal yolculu\u011fumuzda u\u011frad\u0131\u011f\u0131m\u0131z duraklardan biridir. Bir sonraki dura\u011f\u0131n neresi olaca\u011f\u0131 sana ve yapt\u0131klar\u0131na ba\u011fl\u0131d\u0131r. Her durakta \u201ciyilik ve k\u00f6t\u00fcl\u00fck\u201d kavga halindedir.<\/p>\n<p data-renderer-start-pos=\"187\">\u0130\u00e7erisinde bulundu\u011fumuz dura\u011f\u0131n ismi \u201cD\u00fcnya\u201d koruyucusu ise \u201cKad\u0131nlar\u201dd\u0131r. Ezelden beri hor g\u00f6r\u00fcl\u00fcp ezilmelerinin nedeni budur. Bu bir ironi de\u011fil, ger\u00e7ektir. Hayata benzer kad\u0131nlar, kimi zaman \u00fczer kimi zaman sevindirir. Her \u015feyde oldu\u011fu gibi onlar\u0131n aras\u0131nda da \u00e7\u00fcr\u00fckler vard\u0131r ama bu asl\u0131nda kim olduklar\u0131 ger\u00e7e\u011fini de\u011fi\u015ftirmez.<\/p>\n<p data-renderer-start-pos=\"520\">Misafir oldu\u011fumuz D\u00fcnya&#8217;da iyi olabilmek k\u00f6t\u00fc olmaktan daha zordur. \u0130yi olmak \u00e7aba ister, k\u00f6t\u00fc olmak kolayd\u0131r. Bu y\u00fczden iyilikten \u00e7ok k\u00f6t\u00fcl\u00fck ile kar\u015f\u0131la\u015f\u0131r\u0131z.<\/p>\n<p data-renderer-start-pos=\"682\">S\u00fcrekli \u201cD\u00fcnya\u201d isimli bu dura\u011f\u0131n mant\u0131\u011f\u0131n\u0131 sorgular insano\u011flu. Mant\u0131k basit ve nettir asl\u0131nda ama doyurucu gelmez, tatmin etmez.<\/p>\n<p data-renderer-start-pos=\"813\">Mant\u0131k, Avustralya yerlileri Aboriginlerin atas\u00f6z\u00fcnde gizlidir:<\/p>\n<p data-renderer-start-pos=\"878\">&#8220;Burada bu zamanda hepimiz misafiriz, ge\u00e7ip gidiyoruz. Amac\u0131m\u0131z G\u00f6zlemek-\u00d6\u011frenmek-B\u00fcy\u00fcmek-Sevmek ve sonra Eve Geri D\u00f6nmek.<\/p>\n<p data-renderer-start-pos=\"1002\">&#8220;Hepinizin evinize d\u00f6n\u00fc\u015f yolculu\u011fu iyi olsun.<\/p>\n<p data-renderer-start-pos=\"1049\"><em data-renderer-mark=\"true\">Sanem Mert, Osman ve Kezban Konuk an\u0131s\u0131na<\/em><\/p>","protected":false},"excerpt":{"rendered":"<p>D\u00fcnya hayat\u0131, ruhsal yolculu\u011fumuzda u\u011frad\u0131\u011f\u0131m\u0131z duraklardan biridir. Bir sonraki dura\u011f\u0131n neresi olaca\u011f\u0131 sana ve yapt\u0131klar\u0131na ba\u011fl\u0131d\u0131r. Her durakta \u201ciyilik ve k\u00f6t\u00fcl\u00fck\u201d kavga halindedir. \u0130\u00e7erisinde bulundu\u011fumuz dura\u011f\u0131n ismi \u201cD\u00fcnya\u201d koruyucusu ise \u201cKad\u0131nlar\u201dd\u0131r. Ezelden beri hor g\u00f6r\u00fcl\u00fcp ezilmelerinin nedeni budur. Bu bir ironi de\u011fil, ger\u00e7ektir. Hayata benzer kad\u0131nlar, kimi zaman \u00fczer kimi zaman sevindirir. Her \u015feyde oldu\u011fu [&hellip;]<\/p>\n","protected":false},"featured_media":7244,"comment_status":"open","ping_status":"closed","template":"","meta":{"inline_featured_image":false},"product_cat":[1033],"product_tag":[],"class_list":{"0":"post-7243","1":"product","2":"type-product","3":"status-publish","4":"has-post-thumbnail","6":"product_cat-roman","8":"first","9":"instock","10":"sale","11":"shipping-taxable","12":"purchasable","13":"product-type-simple"},"_links":{"self":[{"href":"http:\/\/www.arkaraf.com\/en\/wp-json\/wp\/v2\/product\/7243","targetHints":{"allow":["GET"]}}],"collection":[{"href":"http:\/\/www.arkaraf.com\/en\/wp-json\/wp\/v2\/product"}],"about":[{"href":"http:\/\/www.arkaraf.com\/en\/wp-json\/wp\/v2\/types\/product"}],"replies":[{"embeddable":true,"href":"http:\/\/www.arkaraf.com\/en\/wp-json\/wp\/v2\/comments?post=7243"}],"wp:featuredmedia":[{"embeddable":true,"href":"http:\/\/www.arkaraf.com\/en\/wp-json\/wp\/v2\/media\/7244"}],"wp:attachment":[{"href":"http:\/\/www.arkaraf.com\/en\/wp-json\/wp\/v2\/media?parent=7243"}],"wp:term":[{"taxonomy":"product_cat","embeddable":true,"href":"http:\/\/www.arkaraf.com\/en\/wp-json\/wp\/v2\/product_cat?post=7243"},{"taxonomy":"product_tag","embeddable":true,"href":"http:\/\/www.arkaraf.com\/en\/wp-json\/wp\/v2\/product_tag?post=7243"}],"curies":[{"name":"wp","href":"https:\/\/api.w.org\/{rel}","templated":true}]}}