{"id":7213,"date":"2025-10-16T12:17:57","date_gmt":"2025-10-16T09:17:57","guid":{"rendered":"http:\/\/www.arkaraf.com\/kitap\/yasamak-olmemeli-ilhan-korkmaz"},"modified":"2025-10-16T12:18:43","modified_gmt":"2025-10-16T09:18:43","slug":"yasamak-olmemeli-ilhan-korkmaz","status":"publish","type":"product","link":"http:\/\/www.arkaraf.com\/en\/kitap\/yasamak-olmemeli-ilhan-korkmaz","title":{"rendered":"Ya\u015famak \u00d6lmemeli &#8211; \u0130lhan Korkmaz"},"content":{"rendered":"<div class=\"css-6r4eac\">\n<div class=\"ak-renderer-document\">\n<p data-renderer-start-pos=\"1\">YANLI\u015e TEDAV\u0130LER, D\u00dcNYA\u2019DA YILDA 2.6 M\u0130LYON K\u0130\u015e\u0130Y\u0130 \u00d6LD\u00dcR\u00dcYOR.<\/p>\n<p data-renderer-start-pos=\"64\">Ve her be\u015f y\u0131lda bir bu yanl\u0131\u015f tan\u0131-tedaviler ve ihmaller nedeniyle, \u0130STANBUL N\u00dcFUSU KADAR \u0130NSAN \u00d6L\u00dcYOR D\u00dcNYA\u2019DA.<\/p>\n<p data-renderer-start-pos=\"179\">***<\/p>\n<p data-renderer-start-pos=\"184\">&#8220;Y\u00fcre\u011fi kendisine benzeyen insandan, vazge\u00e7emiyor insan.&#8221; &#8211; Ruhi Su<\/p>\n<p data-renderer-start-pos=\"253\">\u201cGel seninle bir kez daha a\u011flayal\u0131m. Ya\u015fanm\u0131\u015flara, ya\u015fanmam\u0131\u015flara, bir de hi\u00e7 ya\u015fanmayacaklara.\u201d &#8211; O\u011fuz Atay<\/p>\n<p data-renderer-start-pos=\"363\">An\u0131lar\u0131na sayg\u0131yla\u2026<\/p>\n<\/div>\n<\/div>","protected":false},"excerpt":{"rendered":"<p>YANLI\u015e TEDAV\u0130LER, D\u00dcNYA\u2019DA YILDA 2.6 M\u0130LYON K\u0130\u015e\u0130Y\u0130 \u00d6LD\u00dcR\u00dcYOR. Ve her be\u015f y\u0131lda bir bu yanl\u0131\u015f tan\u0131-tedaviler ve ihmaller nedeniyle, \u0130STANBUL N\u00dcFUSU KADAR \u0130NSAN \u00d6L\u00dcYOR D\u00dcNYA\u2019DA. *** &#8220;Y\u00fcre\u011fi kendisine benzeyen insandan, vazge\u00e7emiyor insan.&#8221; &#8211; Ruhi Su \u201cGel seninle bir kez daha a\u011flayal\u0131m. Ya\u015fanm\u0131\u015flara, ya\u015fanmam\u0131\u015flara, bir de hi\u00e7 ya\u015fanmayacaklara.\u201d &#8211; O\u011fuz Atay An\u0131lar\u0131na sayg\u0131yla\u2026<\/p>","protected":false},"featured_media":7214,"comment_status":"closed","ping_status":"open","template":"","meta":{"inline_featured_image":false},"product_cat":[1024,1019],"product_tag":[],"class_list":{"0":"post-7213","1":"product","2":"type-product","3":"status-publish","4":"has-post-thumbnail","6":"product_cat-deneme","7":"product_cat-edebiyat","8":"pa_boyut-135-x-195-cm","9":"pa_dil-turkce","10":"pa_sayfa-sayisi-1626","11":"pa_yayin-tarihi-9-8-2025","12":"pa_yazar-ilhan-korkmaz","14":"first","15":"instock","16":"sale","17":"purchasable","18":"product-type-simple"},"_links":{"self":[{"href":"http:\/\/www.arkaraf.com\/en\/wp-json\/wp\/v2\/product\/7213","targetHints":{"allow":["GET"]}}],"collection":[{"href":"http:\/\/www.arkaraf.com\/en\/wp-json\/wp\/v2\/product"}],"about":[{"href":"http:\/\/www.arkaraf.com\/en\/wp-json\/wp\/v2\/types\/product"}],"replies":[{"embeddable":true,"href":"http:\/\/www.arkaraf.com\/en\/wp-json\/wp\/v2\/comments?post=7213"}],"wp:featuredmedia":[{"embeddable":true,"href":"http:\/\/www.arkaraf.com\/en\/wp-json\/wp\/v2\/media\/7214"}],"wp:attachment":[{"href":"http:\/\/www.arkaraf.com\/en\/wp-json\/wp\/v2\/media?parent=7213"}],"wp:term":[{"taxonomy":"product_cat","embeddable":true,"href":"http:\/\/www.arkaraf.com\/en\/wp-json\/wp\/v2\/product_cat?post=7213"},{"taxonomy":"product_tag","embeddable":true,"href":"http:\/\/www.arkaraf.com\/en\/wp-json\/wp\/v2\/product_tag?post=7213"}],"curies":[{"name":"wp","href":"https:\/\/api.w.org\/{rel}","templated":true}]}}