{"id":7211,"date":"2025-10-16T12:17:57","date_gmt":"2025-10-16T09:17:57","guid":{"rendered":"http:\/\/www.arkaraf.com\/kitap\/kaderimiz-kederimiz-olmamali-ilhan-korkmaz"},"modified":"2025-10-16T12:18:39","modified_gmt":"2025-10-16T09:18:39","slug":"kaderimiz-kederimiz-olmamali-ilhan-korkmaz","status":"publish","type":"product","link":"http:\/\/www.arkaraf.com\/en\/kitap\/kaderimiz-kederimiz-olmamali-ilhan-korkmaz","title":{"rendered":"Kaderimiz Kederimiz Olmamal\u0131 &#8211; \u0130lhan Korkmaz"},"content":{"rendered":"<p data-renderer-start-pos=\"22\">KALB\u0130N G\u00dcZELSE KAYBETSEN B\u0130LE KAZANIYORSUN.<\/p>\n<p data-renderer-start-pos=\"67\">\u201cDemir olsam \u00e7\u00fcr\u00fcrd\u00fcm, toprak oldum dayand\u0131m&#8230; Toprak, toprak, toprak oldum da dayand\u0131m&#8230;\u201d &#8211; \u0130nce Memed &#8211; Ya\u015far Kemal<\/p>\n<p data-renderer-start-pos=\"188\">\u201c\u00d6yle bir kitapt\u0131 ki, sayesinde, milyonlarca insan hayat\u0131n\u0131n anlam\u0131na kavu\u015ftu!\u201d &#8211; O\u011fuz Atay<\/p>","protected":false},"excerpt":{"rendered":"<p>KALB\u0130N G\u00dcZELSE KAYBETSEN B\u0130LE KAZANIYORSUN. \u201cDemir olsam \u00e7\u00fcr\u00fcrd\u00fcm, toprak oldum dayand\u0131m&#8230; Toprak, toprak, toprak oldum da dayand\u0131m&#8230;\u201d &#8211; \u0130nce Memed &#8211; Ya\u015far Kemal \u201c\u00d6yle bir kitapt\u0131 ki, sayesinde, milyonlarca insan hayat\u0131n\u0131n anlam\u0131na kavu\u015ftu!\u201d &#8211; O\u011fuz Atay<\/p>","protected":false},"featured_media":7212,"comment_status":"closed","ping_status":"open","template":"","meta":{"inline_featured_image":false},"product_cat":[1024,1019],"product_tag":[],"class_list":{"0":"post-7211","1":"product","2":"type-product","3":"status-publish","4":"has-post-thumbnail","6":"product_cat-deneme","7":"product_cat-edebiyat","8":"pa_boyut-135-x-195-cm","9":"pa_dil-turkce","10":"pa_sayfa-sayisi-1625","11":"pa_yayin-tarihi-9-8-2025","12":"pa_yazar-ilhan-korkmaz","14":"first","15":"instock","16":"sale","17":"purchasable","18":"product-type-simple"},"_links":{"self":[{"href":"http:\/\/www.arkaraf.com\/en\/wp-json\/wp\/v2\/product\/7211","targetHints":{"allow":["GET"]}}],"collection":[{"href":"http:\/\/www.arkaraf.com\/en\/wp-json\/wp\/v2\/product"}],"about":[{"href":"http:\/\/www.arkaraf.com\/en\/wp-json\/wp\/v2\/types\/product"}],"replies":[{"embeddable":true,"href":"http:\/\/www.arkaraf.com\/en\/wp-json\/wp\/v2\/comments?post=7211"}],"wp:featuredmedia":[{"embeddable":true,"href":"http:\/\/www.arkaraf.com\/en\/wp-json\/wp\/v2\/media\/7212"}],"wp:attachment":[{"href":"http:\/\/www.arkaraf.com\/en\/wp-json\/wp\/v2\/media?parent=7211"}],"wp:term":[{"taxonomy":"product_cat","embeddable":true,"href":"http:\/\/www.arkaraf.com\/en\/wp-json\/wp\/v2\/product_cat?post=7211"},{"taxonomy":"product_tag","embeddable":true,"href":"http:\/\/www.arkaraf.com\/en\/wp-json\/wp\/v2\/product_tag?post=7211"}],"curies":[{"name":"wp","href":"https:\/\/api.w.org\/{rel}","templated":true}]}}