{"id":7203,"date":"2025-10-16T12:17:57","date_gmt":"2025-10-16T09:17:57","guid":{"rendered":"http:\/\/www.arkaraf.com\/kitap\/aci-tecrube-yusuf-deli"},"modified":"2025-10-16T12:18:24","modified_gmt":"2025-10-16T09:18:24","slug":"aci-tecrube-yusuf-deli","status":"publish","type":"product","link":"http:\/\/www.arkaraf.com\/en\/kitap\/aci-tecrube-yusuf-deli","title":{"rendered":"Ac\u0131 Tecr\u00fcbe &#8211; Yusuf Deli"},"content":{"rendered":"<div class=\"css-6r4eac\">\n<div class=\"ak-renderer-document\">\n<p data-renderer-start-pos=\"1\">Ac\u0131 \u00f6ld\u00fcrmez, s\u00fcr\u00fcnd\u00fcr\u00fcr.<\/p>\n<p data-renderer-start-pos=\"28\">\u00d6l\u00fcrse kal\u0131r insan, s\u00fcr\u00fcnse bile var\u0131r insan.<\/p>\n<\/div>\n<\/div>","protected":false},"excerpt":{"rendered":"<p>Ac\u0131 \u00f6ld\u00fcrmez, s\u00fcr\u00fcnd\u00fcr\u00fcr. \u00d6l\u00fcrse kal\u0131r insan, s\u00fcr\u00fcnse bile var\u0131r insan.<\/p>","protected":false},"featured_media":7204,"comment_status":"closed","ping_status":"open","template":"","meta":{"inline_featured_image":false},"product_cat":[1024,1019],"product_tag":[],"class_list":{"0":"post-7203","1":"product","2":"type-product","3":"status-publish","4":"has-post-thumbnail","6":"product_cat-deneme","7":"product_cat-edebiyat","8":"pa_boyut-135-x-195-cm","9":"pa_dil-turkce","10":"pa_sayfa-sayisi-985","11":"pa_yayin-tarihi-8-18-2025","12":"pa_yazar-yusuf-deli","14":"first","15":"instock","16":"sale","17":"purchasable","18":"product-type-simple"},"_links":{"self":[{"href":"http:\/\/www.arkaraf.com\/en\/wp-json\/wp\/v2\/product\/7203","targetHints":{"allow":["GET"]}}],"collection":[{"href":"http:\/\/www.arkaraf.com\/en\/wp-json\/wp\/v2\/product"}],"about":[{"href":"http:\/\/www.arkaraf.com\/en\/wp-json\/wp\/v2\/types\/product"}],"replies":[{"embeddable":true,"href":"http:\/\/www.arkaraf.com\/en\/wp-json\/wp\/v2\/comments?post=7203"}],"wp:featuredmedia":[{"embeddable":true,"href":"http:\/\/www.arkaraf.com\/en\/wp-json\/wp\/v2\/media\/7204"}],"wp:attachment":[{"href":"http:\/\/www.arkaraf.com\/en\/wp-json\/wp\/v2\/media?parent=7203"}],"wp:term":[{"taxonomy":"product_cat","embeddable":true,"href":"http:\/\/www.arkaraf.com\/en\/wp-json\/wp\/v2\/product_cat?post=7203"},{"taxonomy":"product_tag","embeddable":true,"href":"http:\/\/www.arkaraf.com\/en\/wp-json\/wp\/v2\/product_tag?post=7203"}],"curies":[{"name":"wp","href":"https:\/\/api.w.org\/{rel}","templated":true}]}}