{"id":7195,"date":"2025-10-16T12:17:57","date_gmt":"2025-10-16T09:17:57","guid":{"rendered":"http:\/\/www.arkaraf.com\/kitap\/sakli-sozluk-sultan-demirci"},"modified":"2025-10-16T12:18:09","modified_gmt":"2025-10-16T09:18:09","slug":"sakli-sozluk-sultan-demirci","status":"publish","type":"product","link":"http:\/\/www.arkaraf.com\/en\/kitap\/sakli-sozluk-sultan-demirci","title":{"rendered":"Sakl\u0131 S\u00f6zl\u00fck &#8211; Sultan Demirci"},"content":{"rendered":"<div class=\"css-6r4eac\">\n<div class=\"ak-renderer-document\">\n<p data-renderer-start-pos=\"1\"><strong data-renderer-mark=\"true\">Bu kitab\u0131 yazarken insanlar\u0131n i\u00e7 sesine dokunmaya \u00e7al\u0131\u015ft\u0131m; y\u00fcreklerine hissederek yazd\u0131m.<\/strong><\/p>\n<p data-renderer-start-pos=\"93\">Ne yaln\u0131zl\u0131klarla yaz\u0131ld\u0131, ne karanl\u0131klarla\u2026<br \/>\nHepinizden birer i\u00e7 \u00e7eki\u015f al\u0131p d\u00f6kt\u00fcm sat\u0131rlara.<br \/>\nBen bu kitab\u0131, hep birlikte susarak yazd\u0131m.<\/p>\n<p data-renderer-start-pos=\"236\"><strong data-renderer-mark=\"true\">\u015eimdi senin okumanla tamam olacak.<br \/>\n<\/strong><strong data-renderer-mark=\"true\">\u00c7\u00fcnk\u00fc baz\u0131 duygular, ba\u015fkas\u0131n\u0131n kaleminden \u00e7\u0131k\u0131nca anlam bulur.<\/strong><\/p>\n<\/div>\n<\/div>","protected":false},"excerpt":{"rendered":"<p>Bu kitab\u0131 yazarken insanlar\u0131n i\u00e7 sesine dokunmaya \u00e7al\u0131\u015ft\u0131m; y\u00fcreklerine hissederek yazd\u0131m. Ne yaln\u0131zl\u0131klarla yaz\u0131ld\u0131, ne karanl\u0131klarla\u2026 Hepinizden birer i\u00e7 \u00e7eki\u015f al\u0131p d\u00f6kt\u00fcm sat\u0131rlara. Ben bu kitab\u0131, hep birlikte susarak yazd\u0131m. \u015eimdi senin okumanla tamam olacak. \u00c7\u00fcnk\u00fc baz\u0131 duygular, ba\u015fkas\u0131n\u0131n kaleminden \u00e7\u0131k\u0131nca anlam bulur.<\/p>","protected":false},"featured_media":7196,"comment_status":"closed","ping_status":"open","template":"","meta":{"inline_featured_image":false},"product_cat":[1020,1019],"product_tag":[],"class_list":{"0":"post-7195","1":"product","2":"type-product","3":"status-publish","4":"has-post-thumbnail","6":"product_cat-siir","7":"product_cat-edebiyat","8":"pa_boyut-135-x-195-cm","9":"pa_dil-turkce","10":"pa_sayfa-sayisi-380","11":"pa_yayin-tarihi-8-12-2025","12":"pa_yazar-sultan-demirci","14":"first","15":"instock","16":"sale","17":"purchasable","18":"product-type-simple"},"_links":{"self":[{"href":"http:\/\/www.arkaraf.com\/en\/wp-json\/wp\/v2\/product\/7195","targetHints":{"allow":["GET"]}}],"collection":[{"href":"http:\/\/www.arkaraf.com\/en\/wp-json\/wp\/v2\/product"}],"about":[{"href":"http:\/\/www.arkaraf.com\/en\/wp-json\/wp\/v2\/types\/product"}],"replies":[{"embeddable":true,"href":"http:\/\/www.arkaraf.com\/en\/wp-json\/wp\/v2\/comments?post=7195"}],"wp:featuredmedia":[{"embeddable":true,"href":"http:\/\/www.arkaraf.com\/en\/wp-json\/wp\/v2\/media\/7196"}],"wp:attachment":[{"href":"http:\/\/www.arkaraf.com\/en\/wp-json\/wp\/v2\/media?parent=7195"}],"wp:term":[{"taxonomy":"product_cat","embeddable":true,"href":"http:\/\/www.arkaraf.com\/en\/wp-json\/wp\/v2\/product_cat?post=7195"},{"taxonomy":"product_tag","embeddable":true,"href":"http:\/\/www.arkaraf.com\/en\/wp-json\/wp\/v2\/product_tag?post=7195"}],"curies":[{"name":"wp","href":"https:\/\/api.w.org\/{rel}","templated":true}]}}