{"id":7189,"date":"2025-10-16T12:17:57","date_gmt":"2025-10-16T09:17:57","guid":{"rendered":"http:\/\/www.arkaraf.com\/kitap\/saksagan-omer-kayra-turk"},"modified":"2025-10-16T12:17:57","modified_gmt":"2025-10-16T09:17:57","slug":"saksagan-omer-kayra-turk","status":"publish","type":"product","link":"http:\/\/www.arkaraf.com\/en\/kitap\/saksagan-omer-kayra-turk","title":{"rendered":"Saksa\u011fan &#8211; \u00d6mer Kayra T\u00fcrk"},"content":{"rendered":"<p>Bir tesellidir istanbul kapan\u0131<\/p>\n<p>A\u015fk eker g\u00f6ky\u00fcz\u00fcne \u00e7\u00f6p\u00e7\u00fcs\u00fc<br \/>\nSonbaharda a\u00e7 kal\u0131r vars\u0131l bar filozofu<br \/>\n\u00c7apk\u0131n\u0131na yirmi \u00e7ivi \u00e7akar,<br \/>\nSahilde sabahlar beyefendisi<br \/>\n\u00c7antaya s\u0131\u011fmaz yetmi\u015f y\u0131ll\u0131k e\u011frisi<br \/>\n\u0130stanbul Kapan\u0131 \u015eiiri&#8217;nden<\/p>\n<p>bu k\u0131k\u0131rt\u0131 kald\u0131r\u0131mlar\u0131n\u0131n \u00fczerine d\u00fc\u015fmemeli g\u00fcn<br \/>\nhangi vakit karanl\u0131\u011f\u0131mda bo\u011fulsan<br \/>\n,\u00f6lmeden,<br \/>\nhi\u00e7bir g\u00f6z g\u00f6rmemeli<br \/>\nhi\u00e7bir ak\u0131l bilmemeli<br \/>\nneyiz, neredeyiz ve neden<br \/>\nSaksa\u011fan \u015eiiri&#8217;nden<\/p>\n<p>g\u0131rtlak g\u0131rtlak sayfalardan<br \/>\nhatalar\u0131m\u0131 zaman toparlayacak<br \/>\nzaman\u0131m kal\u0131rsa, hatalar yap\u0131lacak<br \/>\nyaln\u0131z ba\u015f\u0131na ve be\u015f paras\u0131zken<br \/>\n\u00f6lmek gibi<br \/>\nroman bitecek<br \/>\n-Roman \u015eiiri&#8217;nden<\/p>","protected":false},"excerpt":{"rendered":"<p>Bir tesellidir istanbul kapan\u0131 A\u015fk eker g\u00f6ky\u00fcz\u00fcne \u00e7\u00f6p\u00e7\u00fcs\u00fc Sonbaharda a\u00e7 kal\u0131r vars\u0131l bar filozofu \u00c7apk\u0131n\u0131na yirmi \u00e7ivi \u00e7akar, Sahilde sabahlar beyefendisi \u00c7antaya s\u0131\u011fmaz yetmi\u015f y\u0131ll\u0131k e\u011frisi \u0130stanbul Kapan\u0131 \u015eiiri&#8217;nden bu k\u0131k\u0131rt\u0131 kald\u0131r\u0131mlar\u0131n\u0131n \u00fczerine d\u00fc\u015fmemeli g\u00fcn hangi vakit karanl\u0131\u011f\u0131mda bo\u011fulsan ,\u00f6lmeden, hi\u00e7bir g\u00f6z g\u00f6rmemeli hi\u00e7bir ak\u0131l bilmemeli neyiz, neredeyiz ve neden Saksa\u011fan \u015eiiri&#8217;nden g\u0131rtlak g\u0131rtlak sayfalardan [&hellip;]<\/p>\n","protected":false},"featured_media":7190,"comment_status":"closed","ping_status":"open","template":"","meta":{"inline_featured_image":false},"product_cat":[1020,1019],"product_tag":[],"class_list":{"0":"post-7189","1":"product","2":"type-product","3":"status-publish","4":"has-post-thumbnail","6":"product_cat-siir","7":"product_cat-edebiyat","8":"pa_boyut-135-x-195-cm","9":"pa_dil-turkce","10":"pa_sayfa-sayisi-1099","11":"pa_yayin-tarihi-7-29-2025","12":"pa_yazar-omer-kayra-turk","14":"first","15":"instock","16":"sale","17":"purchasable","18":"product-type-simple"},"_links":{"self":[{"href":"http:\/\/www.arkaraf.com\/en\/wp-json\/wp\/v2\/product\/7189","targetHints":{"allow":["GET"]}}],"collection":[{"href":"http:\/\/www.arkaraf.com\/en\/wp-json\/wp\/v2\/product"}],"about":[{"href":"http:\/\/www.arkaraf.com\/en\/wp-json\/wp\/v2\/types\/product"}],"replies":[{"embeddable":true,"href":"http:\/\/www.arkaraf.com\/en\/wp-json\/wp\/v2\/comments?post=7189"}],"wp:featuredmedia":[{"embeddable":true,"href":"http:\/\/www.arkaraf.com\/en\/wp-json\/wp\/v2\/media\/7190"}],"wp:attachment":[{"href":"http:\/\/www.arkaraf.com\/en\/wp-json\/wp\/v2\/media?parent=7189"}],"wp:term":[{"taxonomy":"product_cat","embeddable":true,"href":"http:\/\/www.arkaraf.com\/en\/wp-json\/wp\/v2\/product_cat?post=7189"},{"taxonomy":"product_tag","embeddable":true,"href":"http:\/\/www.arkaraf.com\/en\/wp-json\/wp\/v2\/product_tag?post=7189"}],"curies":[{"name":"wp","href":"https:\/\/api.w.org\/{rel}","templated":true}]}}