{"id":7183,"date":"2025-10-16T12:16:41","date_gmt":"2025-10-16T09:16:41","guid":{"rendered":"http:\/\/www.arkaraf.com\/kitap\/gulnaz-yunusemre-soydan"},"modified":"2025-10-16T12:17:44","modified_gmt":"2025-10-16T09:17:44","slug":"gulnaz-yunusemre-soydan","status":"publish","type":"product","link":"http:\/\/www.arkaraf.com\/en\/kitap\/gulnaz-yunusemre-soydan","title":{"rendered":"G\u00fclnaz &#8211; Yunusemre Soydan"},"content":{"rendered":"<p>Merhaba g\u00f6ky\u00fcz\u00fc, merhaba \u0130stanbul ve merhaba G\u00fclnaz. Mutluluk getirmek istiyordum sana olmad\u0131. Ne varsa bu sevdan\u0131n i\u00e7inde sana kar\u015f\u0131 bitmiyor. Sevgi besledim. Her \u015feyi sana b\u0131rakt\u0131m. Sana b\u0131rakt\u0131m ne varsa olan biteni. Ama olmad\u0131. Sana gelip de s\u00f6yleyemedi\u011fim ne varsa m\u0131sralar\u0131n aras\u0131nda sakl\u0131 sevgilim. Biliyorum. Hi\u00e7 bir zaman gelemeyece\u011fim sana. Hi\u00e7 bir zaman ula\u015famayaca\u011f\u0131m. Hi\u00e7 bir zaman bizim hatta daha do\u011frusu benim ya\u015fad\u0131klar\u0131m\u0131 bilmeyeceksin. Bilme. Senin f\u0131trat\u0131nda ba\u015fka birisi varken sana ula\u015fmaya \u00e7al\u0131\u015fmak zor. B\u00f6ylesi daha iyi. Tek iste\u011fim \u015fu k\u0131sac\u0131k \u00f6mr\u00fcmde senin gibi bir sevdan\u0131n sen bilmeden de hi\u00e7 unutulmamas\u0131. Ad\u0131n\u0131 verdim kitaba. Unutulma diye. Hatta kitab\u0131 sana arma\u011fan ettim. Bir g\u00fcn belki tesad\u00fcfen denk gelir. Bir g\u00fcn belki benim kim oldu\u011fumu anlars\u0131n. Ha buradan okurlara sesleniyorum kitab\u0131 belki al\u0131r okursunuz bilemem. Ben y\u0131kamad\u0131m i\u00e7imdeki duvarlar\u0131. Yapamad\u0131m. Dizelerin aras\u0131na g\u00f6md\u00fcm i\u00e7imde olan biteni. Siz de \u00f6yle yap\u0131n. Hi\u00e7 yapmam dedi\u011fim bir kuyuya d\u00fc\u015ft\u00fcm. \u00c7\u0131kamad\u0131m. E\u011fer d\u00fc\u015ferseniz siz de benim gibi derin bir kuyuya. Beni hat\u0131rlay\u0131n. Ve benim i\u00e7imdeki sakl\u0131 sevday\u0131.<\/p>","protected":false},"excerpt":{"rendered":"<p>Merhaba g\u00f6ky\u00fcz\u00fc, merhaba \u0130stanbul ve merhaba G\u00fclnaz. Mutluluk getirmek istiyordum sana olmad\u0131. Ne varsa bu sevdan\u0131n i\u00e7inde sana kar\u015f\u0131 bitmiyor. Sevgi besledim. Her \u015feyi sana b\u0131rakt\u0131m. Sana b\u0131rakt\u0131m ne varsa olan biteni. Ama olmad\u0131. Sana gelip de s\u00f6yleyemedi\u011fim ne varsa m\u0131sralar\u0131n aras\u0131nda sakl\u0131 sevgilim. Biliyorum. Hi\u00e7 bir zaman gelemeyece\u011fim sana. Hi\u00e7 bir zaman ula\u015famayaca\u011f\u0131m. Hi\u00e7 [&hellip;]<\/p>\n","protected":false},"featured_media":7184,"comment_status":"closed","ping_status":"open","template":"","meta":{"inline_featured_image":false},"product_cat":[1020,1019],"product_tag":[],"class_list":{"0":"post-7183","1":"product","2":"type-product","3":"status-publish","4":"has-post-thumbnail","6":"product_cat-siir","7":"product_cat-edebiyat","8":"pa_boyut-135-x-195-cm","9":"pa_dil-turkce","10":"pa_sayfa-sayisi-476","11":"pa_yayin-tarihi-7-7-2025","12":"pa_yazar-yunusemre-soydan","14":"first","15":"instock","16":"sale","17":"purchasable","18":"product-type-simple"},"_links":{"self":[{"href":"http:\/\/www.arkaraf.com\/en\/wp-json\/wp\/v2\/product\/7183","targetHints":{"allow":["GET"]}}],"collection":[{"href":"http:\/\/www.arkaraf.com\/en\/wp-json\/wp\/v2\/product"}],"about":[{"href":"http:\/\/www.arkaraf.com\/en\/wp-json\/wp\/v2\/types\/product"}],"replies":[{"embeddable":true,"href":"http:\/\/www.arkaraf.com\/en\/wp-json\/wp\/v2\/comments?post=7183"}],"wp:featuredmedia":[{"embeddable":true,"href":"http:\/\/www.arkaraf.com\/en\/wp-json\/wp\/v2\/media\/7184"}],"wp:attachment":[{"href":"http:\/\/www.arkaraf.com\/en\/wp-json\/wp\/v2\/media?parent=7183"}],"wp:term":[{"taxonomy":"product_cat","embeddable":true,"href":"http:\/\/www.arkaraf.com\/en\/wp-json\/wp\/v2\/product_cat?post=7183"},{"taxonomy":"product_tag","embeddable":true,"href":"http:\/\/www.arkaraf.com\/en\/wp-json\/wp\/v2\/product_tag?post=7183"}],"curies":[{"name":"wp","href":"https:\/\/api.w.org\/{rel}","templated":true}]}}