{"id":7181,"date":"2025-10-16T12:16:41","date_gmt":"2025-10-16T09:16:41","guid":{"rendered":"http:\/\/www.arkaraf.com\/kitap\/dilemek-sinem-akbiyik"},"modified":"2025-10-16T12:17:41","modified_gmt":"2025-10-16T09:17:41","slug":"dilemek-sinem-akbiyik","status":"publish","type":"product","link":"http:\/\/www.arkaraf.com\/en\/kitap\/dilemek-sinem-akbiyik","title":{"rendered":"Dilemek &#8211; Sinem Akb\u0131y\u0131k"},"content":{"rendered":"<p>OKUYUCUNUN \u00d6NERME UYUMU<\/p>\n<p>Bu kitapta, okunan her bilgi, veri okuyana \u015fifa amac\u0131 g\u00fcd\u00fclerek yaz\u0131lm\u0131\u015ft\u0131r. Ger\u00e7eklikleri de\u011fer yarg\u0131lar\u0131na g\u00f6re de\u011fi\u015febilir, sorgulanamaz. Farkl\u0131 ama\u00e7lar g\u00fcd\u00fclemez. Ben sadece bu kitab\u0131 bir kitap yazmak i\u00e7in yazmad\u0131m. Yol inan\u00e7lar\u0131n\u0131 kaybetmi\u015flere O\u2019nu arayanlara \u0131\u015f\u0131k olmak istedim ve en g\u00fczele adad\u0131m. Farkl\u0131 a\u00e7\u0131sal m\u00fcrekkeplerle tek bir inan\u00e7la metafizik kanunlar\u0131n\u0131n s\u0131n\u0131rlar\u0131nda deneyimlenmi\u015f anlat\u0131mlar kullanarak ilmi ve bilimi ba\u011flay\u0131c\u0131 felsefik yakla\u015f\u0131mla ordaki t\u00fcm a\u011f\u0131r terimlerden ar\u0131nm\u0131\u015f \u00f6ze indirgeyerek 7den 70\u015fe kadar anla\u015f\u0131labilecek bir yol rehberi sunuyorum sizlere. O anlara sihirli dokunu\u015flarda bulunarak t\u00fcm paragraflarda kendinizi bulman\u0131z\u0131 diliyorum. Dil emektir kalbe en g\u00fczel t\u0131n\u0131yla dokunan.<\/p>\n<p>\u015eifa niteli\u011fi ta\u015f\u0131yan her paragraf betimlemelerinde, \u00f6ze yak\u0131n ve tekniksel yakla\u015f\u0131mlar\u0131n bilgi aktar\u0131m\u0131nda bilginin bende olan k\u0131sm\u0131ndan baz\u0131 b\u00f6l\u00fcmleri k\u0131s\u0131msal olarak; b\u00fct\u00fcn\u00fcn kimi s\u0131rlar\u0131 bendedir. Bu tamamen \u015fifan\u0131n kayna\u011f\u0131n\u0131n geldi\u011fi zamandan buraya kadar ki size sizin duyumsayabilece\u011finiz kadar\u0131d\u0131r aktar\u0131lanlar. Her derinlik k\u0131y\u0131s\u0131 olmadan a\u00e7\u0131\u011fa \u00e7\u0131kmaz.<\/p>\n<p>Bu kitab\u0131 nerelerde ve ne zaman kullanman\u0131z gerekti\u011finin deneme s\u00fcrecini bizzat ya\u015fam\u0131\u015f ve \u00f6z\u00fcmsemi\u015f biri olarak size sunumumu yap\u0131yorum. Denenerek kavranm\u0131\u015f, haz\u0131rlam\u0131\u015f oldu\u011fum bu yolda\u015f kitap anl\u0131k, g\u00fcn\u00fcn i\u00e7inde, en i\u00e7inden \u00e7\u0131k\u0131lmaz karma\u015f\u0131k hissetti\u011fin durumlarda minik ama geli\u015ftirici rahatlat\u0131c\u0131 fark\u0131ndal\u0131klarla yol g\u00f6sterici uyar\u0131c\u0131 ve kendi i\u00e7inde ivme kat\u0131c\u0131 bir yo\u011funluk elinden \u00e7\u0131km\u0131\u015ft\u0131r ve sizede sonsuz katk\u0131 sa\u011flama g\u00fcc\u00fc verir. Sadece do\u011fru soruyu sorun ve kendiniz i\u00e7in iyi cevab\u0131 al\u0131n.(niyet et ve sayfan\u0131 a\u00e7) .<\/p>\n<p>Paragraf ak\u0131\u015f\u0131 anlam veya noktalama vurgular\u0131 sizin yaz\u0131y\u0131 okurken ki hissinize ne geliyorsa onu an\u0131msatacak \u015fekilde \u00f6zg\u00fcn b\u0131rak\u0131lm\u0131\u015ft\u0131r s\u0131n\u0131rlamas\u0131zd\u0131r. Bana geldi\u011fi gibi Led\u00fcn ilmiyle direkt ak\u0131\u015ftan sunulmu\u015ftur. Herkesin kendine g\u00f6re istedi\u011fi anlam\u0131 bulmas\u0131 dile\u011fiyle.<\/p>\n<p>Sevgilerle.<\/p>","protected":false},"excerpt":{"rendered":"<p>OKUYUCUNUN \u00d6NERME UYUMU Bu kitapta, okunan her bilgi, veri okuyana \u015fifa amac\u0131 g\u00fcd\u00fclerek yaz\u0131lm\u0131\u015ft\u0131r. Ger\u00e7eklikleri de\u011fer yarg\u0131lar\u0131na g\u00f6re de\u011fi\u015febilir, sorgulanamaz. Farkl\u0131 ama\u00e7lar g\u00fcd\u00fclemez. Ben sadece bu kitab\u0131 bir kitap yazmak i\u00e7in yazmad\u0131m. Yol inan\u00e7lar\u0131n\u0131 kaybetmi\u015flere O\u2019nu arayanlara \u0131\u015f\u0131k olmak istedim ve en g\u00fczele adad\u0131m. Farkl\u0131 a\u00e7\u0131sal m\u00fcrekkeplerle tek bir inan\u00e7la metafizik kanunlar\u0131n\u0131n s\u0131n\u0131rlar\u0131nda deneyimlenmi\u015f anlat\u0131mlar [&hellip;]<\/p>\n","protected":false},"featured_media":7182,"comment_status":"closed","ping_status":"open","template":"","meta":{"inline_featured_image":false},"product_cat":[1024,1019],"product_tag":[],"class_list":{"0":"post-7181","1":"product","2":"type-product","3":"status-publish","4":"has-post-thumbnail","6":"product_cat-deneme","7":"product_cat-edebiyat","8":"pa_boyut-135-x-195-cm","9":"pa_dil-turkce","10":"pa_sayfa-sayisi-453","11":"pa_yayin-tarihi-7-7-2025","12":"pa_yazar-sinem-akbiyik","14":"first","15":"instock","16":"sale","17":"purchasable","18":"product-type-simple"},"_links":{"self":[{"href":"http:\/\/www.arkaraf.com\/en\/wp-json\/wp\/v2\/product\/7181","targetHints":{"allow":["GET"]}}],"collection":[{"href":"http:\/\/www.arkaraf.com\/en\/wp-json\/wp\/v2\/product"}],"about":[{"href":"http:\/\/www.arkaraf.com\/en\/wp-json\/wp\/v2\/types\/product"}],"replies":[{"embeddable":true,"href":"http:\/\/www.arkaraf.com\/en\/wp-json\/wp\/v2\/comments?post=7181"}],"wp:featuredmedia":[{"embeddable":true,"href":"http:\/\/www.arkaraf.com\/en\/wp-json\/wp\/v2\/media\/7182"}],"wp:attachment":[{"href":"http:\/\/www.arkaraf.com\/en\/wp-json\/wp\/v2\/media?parent=7181"}],"wp:term":[{"taxonomy":"product_cat","embeddable":true,"href":"http:\/\/www.arkaraf.com\/en\/wp-json\/wp\/v2\/product_cat?post=7181"},{"taxonomy":"product_tag","embeddable":true,"href":"http:\/\/www.arkaraf.com\/en\/wp-json\/wp\/v2\/product_tag?post=7181"}],"curies":[{"name":"wp","href":"https:\/\/api.w.org\/{rel}","templated":true}]}}