{"id":7173,"date":"2025-10-16T12:16:41","date_gmt":"2025-10-16T09:16:41","guid":{"rendered":"http:\/\/www.arkaraf.com\/kitap\/mehmet-vecihinin-feryad-romaninin-latin-alfabesine-aktarimi-sedanur-aysel"},"modified":"2025-10-16T12:17:26","modified_gmt":"2025-10-16T09:17:26","slug":"mehmet-vecihinin-feryad-romaninin-latin-alfabesine-aktarimi-sedanur-aysel","status":"publish","type":"product","link":"http:\/\/www.arkaraf.com\/en\/kitap\/mehmet-vecihinin-feryad-romaninin-latin-alfabesine-aktarimi-sedanur-aysel","title":{"rendered":"Mehmet Vecihi\u2019nin Feryad Roman\u0131n\u0131n Latin Alfabesine Aktar\u0131m\u0131 &#8211; Sedanur Aysel"},"content":{"rendered":"<p>Mektubun Sureti<\/p>\n<p>&#8220;Kocas\u0131, ailesi, namusunu muhafazaya bedel, Moda burnunda bask\u0131n veren bir meluna bu muamele lay\u0131kt\u0131r.&#8221;<\/p>\n<p>Mektubun Sureti<\/p>\n<p>Bunu yaparken seni vicdan\u0131n muhafaza eylemedi. Kendini muhafaza i\u00e7in \u00e2lemden utand\u0131n da bir masumu bedn\u00e2m ederken vicdan\u0131ndan \u00e7ekinmedin. \u00c2lemi d\u00fc\u015f\u00fcnd\u00fcn de \u00e2lemle beraber seni halk eden Kahh\u00e2r-\u0131 Z\u00fbl-inti\u1e33\u0101mdan korkmad\u0131n.<\/p>\n<p>Senin i\u00e7in bundan ne h\u00e2s\u0131l oldu? Haver\u2019i serbest\u00e7e yal\u0131ya getirip onunla demg\u00fcz\u00e2r-\u0131 \u00f6mr-i mesud olmak de\u011fil mi?&#8230; Ya otuz ya\u015f\u0131ndas\u0131n. Otuz senelik \u00f6mr\u00fcn\u00fcn hangi \u00e2n-\u0131 mesudunu g\u00f6rd\u00fcn ki senden gir\u00eezan olmad\u0131?.. Bundan otuz sene sonra m\u00fcl\u00e2k\u00ee olabilece\u011fin dem-i istikb\u00e2lin bundan otuz sene evvelki \u00e2n-\u0131 m\u00e2z\u00eeye iltih\u00e2k edece\u011finden \u015f\u00fcphen mi vard\u0131?<\/p>","protected":false},"excerpt":{"rendered":"<p>Mektubun Sureti &#8220;Kocas\u0131, ailesi, namusunu muhafazaya bedel, Moda burnunda bask\u0131n veren bir meluna bu muamele lay\u0131kt\u0131r.&#8221; Mektubun Sureti Bunu yaparken seni vicdan\u0131n muhafaza eylemedi. Kendini muhafaza i\u00e7in \u00e2lemden utand\u0131n da bir masumu bedn\u00e2m ederken vicdan\u0131ndan \u00e7ekinmedin. \u00c2lemi d\u00fc\u015f\u00fcnd\u00fcn de \u00e2lemle beraber seni halk eden Kahh\u00e2r-\u0131 Z\u00fbl-inti\u1e33\u0101mdan korkmad\u0131n. Senin i\u00e7in bundan ne h\u00e2s\u0131l oldu? Haver\u2019i serbest\u00e7e [&hellip;]<\/p>\n","protected":false},"featured_media":7174,"comment_status":"closed","ping_status":"open","template":"","meta":{"inline_featured_image":false},"product_cat":[1019,1033],"product_tag":[],"class_list":{"0":"post-7173","1":"product","2":"type-product","3":"status-publish","4":"has-post-thumbnail","6":"product_cat-edebiyat","7":"product_cat-roman","8":"pa_boyut-135-x-195-cm","9":"pa_dil-turkce","10":"pa_sayfa-sayisi-669","11":"pa_yayin-tarihi-6-2-2025","12":"pa_yazar-sedanur-aysel","14":"first","15":"instock","16":"sale","17":"purchasable","18":"product-type-simple"},"_links":{"self":[{"href":"http:\/\/www.arkaraf.com\/en\/wp-json\/wp\/v2\/product\/7173","targetHints":{"allow":["GET"]}}],"collection":[{"href":"http:\/\/www.arkaraf.com\/en\/wp-json\/wp\/v2\/product"}],"about":[{"href":"http:\/\/www.arkaraf.com\/en\/wp-json\/wp\/v2\/types\/product"}],"replies":[{"embeddable":true,"href":"http:\/\/www.arkaraf.com\/en\/wp-json\/wp\/v2\/comments?post=7173"}],"wp:featuredmedia":[{"embeddable":true,"href":"http:\/\/www.arkaraf.com\/en\/wp-json\/wp\/v2\/media\/7174"}],"wp:attachment":[{"href":"http:\/\/www.arkaraf.com\/en\/wp-json\/wp\/v2\/media?parent=7173"}],"wp:term":[{"taxonomy":"product_cat","embeddable":true,"href":"http:\/\/www.arkaraf.com\/en\/wp-json\/wp\/v2\/product_cat?post=7173"},{"taxonomy":"product_tag","embeddable":true,"href":"http:\/\/www.arkaraf.com\/en\/wp-json\/wp\/v2\/product_tag?post=7173"}],"curies":[{"name":"wp","href":"https:\/\/api.w.org\/{rel}","templated":true}]}}