{"id":7169,"date":"2025-10-16T12:16:41","date_gmt":"2025-10-16T09:16:41","guid":{"rendered":"http:\/\/www.arkaraf.com\/kitap\/acil-cagri-temel-kilincli-kadir-seker"},"modified":"2025-10-16T12:17:18","modified_gmt":"2025-10-16T09:17:18","slug":"acil-cagri-temel-kilincli-kadir-seker","status":"publish","type":"product","link":"http:\/\/www.arkaraf.com\/en\/kitap\/acil-cagri-temel-kilincli-kadir-seker","title":{"rendered":"Acil \u00c7a\u011fr\u0131 &#8211; Temel K\u0131l\u0131n\u00e7l\u0131, Kadir \u015eeker"},"content":{"rendered":"<p>Ya\u015famla \u00f6l\u00fcm aras\u0131ndaki ince \u00e7izgide, saniyelerin anlam kazand\u0131\u011f\u0131 anlar\u2026<\/p>\n<p>Ambulans sirenlerinin \u00e7\u0131\u011fl\u0131\u011f\u0131, enkaz alt\u0131ndaki umutlar, yang\u0131nlar\u0131n k\u0131z\u0131l g\u00f6lgeleri ve daha niceleri\u2026 Acil \u00c7a\u011fr\u0131, kahraman sa\u011fl\u0131k \u00e7al\u0131\u015fanlar\u0131n\u0131n g\u00f6z\u00fcnden, her biri insan hayat\u0131na dokunan  olaylar\u0131 s\u00fcr\u00fckleyici bir dille anlat\u0131yor ve ayn\u0131 zamanda do\u011fru m\u00fcdahale algoritmalar\u0131 ile hastane \u00f6ncesi sa\u011fl\u0131k \u00e7al\u0131\u015fanlar\u0131na bir ba\u015fucu kitab\u0131 niteli\u011finde\u2026<\/p>\n<p>Bu kitap,  sahada ya\u015fanan ac\u0131mas\u0131z ger\u00e7eklerin, saniyelerle yar\u0131\u015f\u0131lan m\u00fcdahalelerin ve insan hayat\u0131n\u0131n k\u0131r\u0131lganl\u0131\u011f\u0131na ra\u011fmen ya\u015fama tutunma m\u00fccadelesinin bir yans\u0131mas\u0131.<\/p>\n<p>Her \u00f6yk\u00fcde, bir kalp yeniden at\u0131yor, bir nefes daha hayata kar\u0131\u015f\u0131yor.<br \/>\nHer m\u00fcdahale, bir umut \u0131\u015f\u0131\u011f\u0131n\u0131 daha yak\u0131yor.<br \/>\nVe her sayfa, bir sa\u011fl\u0131k \u00e7al\u0131\u015fan\u0131n\u0131n sessiz kahramanl\u0131k hikayesini f\u0131s\u0131ld\u0131yor.<\/p>\n<p>Bu \u00e7a\u011fr\u0131ya kulak verin.<br \/>\n\u00c7\u00fcnk\u00fc her hikaye, bir hayat demek\u2026<\/p>","protected":false},"excerpt":{"rendered":"<p>Ya\u015famla \u00f6l\u00fcm aras\u0131ndaki ince \u00e7izgide, saniyelerin anlam kazand\u0131\u011f\u0131 anlar\u2026 Ambulans sirenlerinin \u00e7\u0131\u011fl\u0131\u011f\u0131, enkaz alt\u0131ndaki umutlar, yang\u0131nlar\u0131n k\u0131z\u0131l g\u00f6lgeleri ve daha niceleri\u2026 Acil \u00c7a\u011fr\u0131, kahraman sa\u011fl\u0131k \u00e7al\u0131\u015fanlar\u0131n\u0131n g\u00f6z\u00fcnden, her biri insan hayat\u0131na dokunan olaylar\u0131 s\u00fcr\u00fckleyici bir dille anlat\u0131yor ve ayn\u0131 zamanda do\u011fru m\u00fcdahale algoritmalar\u0131 ile hastane \u00f6ncesi sa\u011fl\u0131k \u00e7al\u0131\u015fanlar\u0131na bir ba\u015fucu kitab\u0131 niteli\u011finde\u2026 Bu kitap, sahada [&hellip;]<\/p>\n","protected":false},"featured_media":7170,"comment_status":"closed","ping_status":"open","template":"","meta":{"inline_featured_image":false},"product_cat":[1083,1019],"product_tag":[],"class_list":{"0":"post-7169","1":"product","2":"type-product","3":"status-publish","4":"has-post-thumbnail","6":"product_cat-ani","7":"product_cat-edebiyat","8":"pa_boyut-135-x-195-cm","9":"pa_dil-turkce","10":"pa_sayfa-sayisi-1403","11":"pa_yayin-tarihi-6-2-2025","12":"pa_yazar-temel-kilincli-kadir-seker","14":"first","15":"instock","16":"sale","17":"purchasable","18":"product-type-simple"},"_links":{"self":[{"href":"http:\/\/www.arkaraf.com\/en\/wp-json\/wp\/v2\/product\/7169","targetHints":{"allow":["GET"]}}],"collection":[{"href":"http:\/\/www.arkaraf.com\/en\/wp-json\/wp\/v2\/product"}],"about":[{"href":"http:\/\/www.arkaraf.com\/en\/wp-json\/wp\/v2\/types\/product"}],"replies":[{"embeddable":true,"href":"http:\/\/www.arkaraf.com\/en\/wp-json\/wp\/v2\/comments?post=7169"}],"wp:featuredmedia":[{"embeddable":true,"href":"http:\/\/www.arkaraf.com\/en\/wp-json\/wp\/v2\/media\/7170"}],"wp:attachment":[{"href":"http:\/\/www.arkaraf.com\/en\/wp-json\/wp\/v2\/media?parent=7169"}],"wp:term":[{"taxonomy":"product_cat","embeddable":true,"href":"http:\/\/www.arkaraf.com\/en\/wp-json\/wp\/v2\/product_cat?post=7169"},{"taxonomy":"product_tag","embeddable":true,"href":"http:\/\/www.arkaraf.com\/en\/wp-json\/wp\/v2\/product_tag?post=7169"}],"curies":[{"name":"wp","href":"https:\/\/api.w.org\/{rel}","templated":true}]}}