{"id":7163,"date":"2025-10-16T12:16:41","date_gmt":"2025-10-16T09:16:41","guid":{"rendered":"http:\/\/www.arkaraf.com\/kitap\/soz-ve-imge-ustalariyla-omer-f-ozen"},"modified":"2025-10-16T12:17:07","modified_gmt":"2025-10-16T09:17:07","slug":"soz-ve-imge-ustalariyla-omer-f-ozen","status":"publish","type":"product","link":"http:\/\/www.arkaraf.com\/en\/kitap\/soz-ve-imge-ustalariyla-omer-f-ozen","title":{"rendered":"S\u00f6z ve \u0130mge Ustalar\u0131yla &#8211; \u00d6mer F. \u00d6zen"},"content":{"rendered":"<p>&#8216;T\u00fcrk\u00e7esi varken&#8217; g\u00f6r\u00fc\u015f\u00fcn\u00fcn y\u0131lmaz savunucusu ola-rak yaz\u0131 ve dizelerinde bu dil duyarl\u0131l\u0131\u011f\u0131n\u0131n yo\u011fun izlerini g\u00f6rm\u00fc\u015f oldu\u011fumuz \u00d6mer F. \u00d6zen&#8217;in ilk dizeleri Anadolu bas\u0131n\u0131nda, Osmaniye\/Hakikat, Nazilli, E\u011fridir G\u00f6l Sesi, Suru\u00e7\/Me\u015fale, Urfa\/G\u00fcne\u015f, Bart\u0131n, \u00c7a\u011fda\u015f T\u00fcrk Dili vb gazete ve dergilerinde yay\u0131nland\u0131. Anadolu bas\u0131n\u0131nda ba\u015flayan bas\u0131n meslek ya\u015fam\u0131 Cumhuriyet Gazetesinde s\u00fcrd\u00fc. Kanada&#8217;n\u0131n Montreal kentinde 1994 y\u0131l\u0131nda \u00fc\u00e7 dilde yay\u0131nlanan Bizim Anadolu Gazetesini kuran \u00d6mer F. \u00d6zen, siyasal, toplumsal ve sanatsal yaz\u0131lar\u0131yla s\u00fcrd\u00fcrd\u00fc\u011f\u00fc bas\u0131n-yay\u0131n ya\u015fam\u0131na ko\u015fut olarak, 2009-2018 y\u0131llar\u0131 aras\u0131nda yine kendisinin kurmu\u015f oldu\u011fu Montreal T\u00fcrk Filmleri \u015eenli\u011fi&#8217;nin ba\u015fkanl\u0131\u011f\u0131n\u0131 y\u00fcr\u00fctt\u00fc.  Bas\u0131n ve ekinsel etkinliklerinin yan\u0131nda Kanada&#8217;da de\u011fi\u015fik ortamlarda T\u00fcrk toplumunun \u00e7\u0131karlar\u0131n\u0131 savunmak i\u00e7in eylemlerde bulunan \u00d6mer F. \u00d6zen, bu etkinlik ve eylemleri dolay\u0131s\u0131yla \u00e7e\u015fitli bas\u0131n, sanatsal ve toplumsal \u00f6d\u00fcllere de lay\u0131k g\u00f6r\u00fcld\u00fc.  Bu yap\u0131tta \u00d6mer F. \u00d6zen, yaz\u0131n emek\u00e7ileriyle yapm\u0131\u015f oldu\u011fu s\u00f6yle\u015filere ve her biri birbirinden de\u011ferli yaz\u0131n emek\u00e7ilerinin yap\u0131tlar\u0131yla ilgili yaz\u0131lar\u0131na yer veriyor.  Her s\u00f6yle\u015fide toplumsall\u0131\u011f\u0131n \u00f6nemine i\u015faret edilirken, yar\u0131nlar\u0131n yeni ku\u015faklar\u0131n elinde daha g\u00fczele varaca\u011f\u0131na ili\u015fkin umut ve dileklerin alt\u0131 \u00e7iziliyor, karanl\u0131ktan \u0131\u015f\u0131\u011fa hep birlikte dayan\u0131\u015fma i\u00e7inde ula\u015f\u0131laca\u011f\u0131 iletisi veriliyor.<\/p>","protected":false},"excerpt":{"rendered":"<p>&#8216;T\u00fcrk\u00e7esi varken&#8217; g\u00f6r\u00fc\u015f\u00fcn\u00fcn y\u0131lmaz savunucusu ola-rak yaz\u0131 ve dizelerinde bu dil duyarl\u0131l\u0131\u011f\u0131n\u0131n yo\u011fun izlerini g\u00f6rm\u00fc\u015f oldu\u011fumuz \u00d6mer F. \u00d6zen&#8217;in ilk dizeleri Anadolu bas\u0131n\u0131nda, Osmaniye\/Hakikat, Nazilli, E\u011fridir G\u00f6l Sesi, Suru\u00e7\/Me\u015fale, Urfa\/G\u00fcne\u015f, Bart\u0131n, \u00c7a\u011fda\u015f T\u00fcrk Dili vb gazete ve dergilerinde yay\u0131nland\u0131. Anadolu bas\u0131n\u0131nda ba\u015flayan bas\u0131n meslek ya\u015fam\u0131 Cumhuriyet Gazetesinde s\u00fcrd\u00fc. Kanada&#8217;n\u0131n Montreal kentinde 1994 y\u0131l\u0131nda \u00fc\u00e7 dilde [&hellip;]<\/p>\n","protected":false},"featured_media":7164,"comment_status":"closed","ping_status":"open","template":"","meta":{"inline_featured_image":false},"product_cat":[1024,1019],"product_tag":[],"class_list":{"0":"post-7163","1":"product","2":"type-product","3":"status-publish","4":"has-post-thumbnail","6":"product_cat-deneme","7":"product_cat-edebiyat","8":"pa_boyut-135-x-195-cm","9":"pa_dil-turkce","10":"pa_sayfa-sayisi-347","11":"pa_yayin-tarihi-5-27-2025","12":"pa_yazar-omer-f-ozen","14":"first","15":"instock","16":"sale","17":"purchasable","18":"product-type-simple"},"_links":{"self":[{"href":"http:\/\/www.arkaraf.com\/en\/wp-json\/wp\/v2\/product\/7163","targetHints":{"allow":["GET"]}}],"collection":[{"href":"http:\/\/www.arkaraf.com\/en\/wp-json\/wp\/v2\/product"}],"about":[{"href":"http:\/\/www.arkaraf.com\/en\/wp-json\/wp\/v2\/types\/product"}],"replies":[{"embeddable":true,"href":"http:\/\/www.arkaraf.com\/en\/wp-json\/wp\/v2\/comments?post=7163"}],"wp:featuredmedia":[{"embeddable":true,"href":"http:\/\/www.arkaraf.com\/en\/wp-json\/wp\/v2\/media\/7164"}],"wp:attachment":[{"href":"http:\/\/www.arkaraf.com\/en\/wp-json\/wp\/v2\/media?parent=7163"}],"wp:term":[{"taxonomy":"product_cat","embeddable":true,"href":"http:\/\/www.arkaraf.com\/en\/wp-json\/wp\/v2\/product_cat?post=7163"},{"taxonomy":"product_tag","embeddable":true,"href":"http:\/\/www.arkaraf.com\/en\/wp-json\/wp\/v2\/product_tag?post=7163"}],"curies":[{"name":"wp","href":"https:\/\/api.w.org\/{rel}","templated":true}]}}