{"id":7161,"date":"2025-10-16T12:16:41","date_gmt":"2025-10-16T09:16:41","guid":{"rendered":"http:\/\/www.arkaraf.com\/kitap\/isigin-pesinde-dean-tristan-halil-ibrahim-ertek"},"modified":"2025-10-16T12:17:04","modified_gmt":"2025-10-16T09:17:04","slug":"isigin-pesinde-dean-tristan-halil-ibrahim-ertek","status":"publish","type":"product","link":"http:\/\/www.arkaraf.com\/en\/kitap\/isigin-pesinde-dean-tristan-halil-ibrahim-ertek","title":{"rendered":"I\u015f\u0131\u011f\u0131n Pe\u015finde: Dean Tristan &#8211; Halil \u0130brahim Ertek"},"content":{"rendered":"<p>Herkes g\u00fcvenli g\u00f6lgelerin ard\u0131nda kalmay\u0131 se\u00e7erken, Dean Tristan y\u0131ld\u0131zlara bakt\u0131.<br \/>\nToplumunun \u00f6\u011fretti\u011fi korkulara ra\u011fmen, i\u00e7inde bir yerlerde ba\u015fka bir hayat\u0131n varl\u0131\u011f\u0131na inand\u0131.<br \/>\nKorkulara hapsolmu\u015f bir d\u00fcnyadan, kanatlar\u0131n\u0131n ta\u015f\u0131yabilece\u011fi bir \u00f6zg\u00fcrl\u00fck hayaline y\u00fcr\u00fcd\u00fc.<br \/>\nHer ad\u0131mda, daha parlak bir \u0131\u015f\u0131\u011fa, daha geni\u015f bir g\u00f6ky\u00fcz\u00fcne yakla\u015ft\u0131.<br \/>\nBaz\u0131lar\u0131, hayal edenleri yaln\u0131z b\u0131rak\u0131r.<br \/>\nBaz\u0131lar\u0131, d\u00fc\u015f kuranlar\u0131 unutur.<br \/>\nVe baz\u0131lar\u0131, sessizce kanatlan\u0131r&#8230;<br \/>\nI\u015f\u0131\u011f\u0131n \u00e7a\u011fr\u0131s\u0131n\u0131 duyanlar i\u00e7in, cesaret bir se\u00e7im de\u011fil, bir zorunluluktur.<br \/>\nDean Tristan&#8217;\u0131n yolculu\u011fu, kendi \u0131\u015f\u0131\u011f\u0131n\u0131 bulmak isteyen herkesin kalbine dokunacak.<br \/>\nKaranl\u0131\u011f\u0131n \u00f6\u011fretti\u011fi korkular m\u0131, yoksa \u00f6zg\u00fcrl\u00fc\u011f\u00fcn davet etti\u011fi \u0131\u015f\u0131k m\u0131?<br \/>\nSe\u00e7im, her zaman y\u00fcrekte ba\u015flar.<\/p>","protected":false},"excerpt":{"rendered":"<p>Herkes g\u00fcvenli g\u00f6lgelerin ard\u0131nda kalmay\u0131 se\u00e7erken, Dean Tristan y\u0131ld\u0131zlara bakt\u0131. Toplumunun \u00f6\u011fretti\u011fi korkulara ra\u011fmen, i\u00e7inde bir yerlerde ba\u015fka bir hayat\u0131n varl\u0131\u011f\u0131na inand\u0131. Korkulara hapsolmu\u015f bir d\u00fcnyadan, kanatlar\u0131n\u0131n ta\u015f\u0131yabilece\u011fi bir \u00f6zg\u00fcrl\u00fck hayaline y\u00fcr\u00fcd\u00fc. Her ad\u0131mda, daha parlak bir \u0131\u015f\u0131\u011fa, daha geni\u015f bir g\u00f6ky\u00fcz\u00fcne yakla\u015ft\u0131. Baz\u0131lar\u0131, hayal edenleri yaln\u0131z b\u0131rak\u0131r. Baz\u0131lar\u0131, d\u00fc\u015f kuranlar\u0131 unutur. Ve baz\u0131lar\u0131, sessizce [&hellip;]<\/p>\n","protected":false},"featured_media":7162,"comment_status":"closed","ping_status":"open","template":"","meta":{"inline_featured_image":false},"product_cat":[1019,1033],"product_tag":[],"class_list":{"0":"post-7161","1":"product","2":"type-product","3":"status-publish","4":"has-post-thumbnail","6":"product_cat-edebiyat","7":"product_cat-roman","8":"pa_boyut-135-x-195-cm","9":"pa_dil-turkce","10":"pa_sayfa-sayisi-946","11":"pa_yayin-tarihi-5-28-2025","12":"pa_yazar-halil-ibrahim-ertek","14":"first","15":"instock","16":"sale","17":"purchasable","18":"product-type-simple"},"_links":{"self":[{"href":"http:\/\/www.arkaraf.com\/en\/wp-json\/wp\/v2\/product\/7161","targetHints":{"allow":["GET"]}}],"collection":[{"href":"http:\/\/www.arkaraf.com\/en\/wp-json\/wp\/v2\/product"}],"about":[{"href":"http:\/\/www.arkaraf.com\/en\/wp-json\/wp\/v2\/types\/product"}],"replies":[{"embeddable":true,"href":"http:\/\/www.arkaraf.com\/en\/wp-json\/wp\/v2\/comments?post=7161"}],"wp:featuredmedia":[{"embeddable":true,"href":"http:\/\/www.arkaraf.com\/en\/wp-json\/wp\/v2\/media\/7162"}],"wp:attachment":[{"href":"http:\/\/www.arkaraf.com\/en\/wp-json\/wp\/v2\/media?parent=7161"}],"wp:term":[{"taxonomy":"product_cat","embeddable":true,"href":"http:\/\/www.arkaraf.com\/en\/wp-json\/wp\/v2\/product_cat?post=7161"},{"taxonomy":"product_tag","embeddable":true,"href":"http:\/\/www.arkaraf.com\/en\/wp-json\/wp\/v2\/product_tag?post=7161"}],"curies":[{"name":"wp","href":"https:\/\/api.w.org\/{rel}","templated":true}]}}