{"id":7159,"date":"2025-10-16T12:16:41","date_gmt":"2025-10-16T09:16:41","guid":{"rendered":"http:\/\/www.arkaraf.com\/kitap\/mai-berceste-mehmet-ali-inanc"},"modified":"2025-10-16T12:17:00","modified_gmt":"2025-10-16T09:17:00","slug":"mai-berceste-mehmet-ali-inanc","status":"publish","type":"product","link":"http:\/\/www.arkaraf.com\/en\/kitap\/mai-berceste-mehmet-ali-inanc","title":{"rendered":"Mai Berceste &#8211; Mehmet Ali \u0130nan\u00e7"},"content":{"rendered":"<p>G\u00f6n\u00fcl derg\u00e2h\u0131nda icra ettim a\u015fk ibadetini<br \/>\nE\u011filerek miraca y\u00fckseldi\u011fim makamd\u0131 seccadem<\/p>","protected":false},"excerpt":{"rendered":"<p>G\u00f6n\u00fcl derg\u00e2h\u0131nda icra ettim a\u015fk ibadetini E\u011filerek miraca y\u00fckseldi\u011fim makamd\u0131 seccadem<\/p>","protected":false},"featured_media":7160,"comment_status":"closed","ping_status":"open","template":"","meta":{"inline_featured_image":false},"product_cat":[1020,1019],"product_tag":[],"class_list":{"0":"post-7159","1":"product","2":"type-product","3":"status-publish","4":"has-post-thumbnail","6":"product_cat-siir","7":"product_cat-edebiyat","8":"pa_boyut-135-x-195-cm","9":"pa_dil-turkce","10":"pa_sayfa-sayisi-356","11":"pa_yayin-tarihi-5-28-2025","12":"pa_yazar-mehmet-ali-inanc","14":"first","15":"instock","16":"sale","17":"purchasable","18":"product-type-simple"},"_links":{"self":[{"href":"http:\/\/www.arkaraf.com\/en\/wp-json\/wp\/v2\/product\/7159","targetHints":{"allow":["GET"]}}],"collection":[{"href":"http:\/\/www.arkaraf.com\/en\/wp-json\/wp\/v2\/product"}],"about":[{"href":"http:\/\/www.arkaraf.com\/en\/wp-json\/wp\/v2\/types\/product"}],"replies":[{"embeddable":true,"href":"http:\/\/www.arkaraf.com\/en\/wp-json\/wp\/v2\/comments?post=7159"}],"wp:featuredmedia":[{"embeddable":true,"href":"http:\/\/www.arkaraf.com\/en\/wp-json\/wp\/v2\/media\/7160"}],"wp:attachment":[{"href":"http:\/\/www.arkaraf.com\/en\/wp-json\/wp\/v2\/media?parent=7159"}],"wp:term":[{"taxonomy":"product_cat","embeddable":true,"href":"http:\/\/www.arkaraf.com\/en\/wp-json\/wp\/v2\/product_cat?post=7159"},{"taxonomy":"product_tag","embeddable":true,"href":"http:\/\/www.arkaraf.com\/en\/wp-json\/wp\/v2\/product_tag?post=7159"}],"curies":[{"name":"wp","href":"https:\/\/api.w.org\/{rel}","templated":true}]}}