{"id":7153,"date":"2025-10-16T12:16:41","date_gmt":"2025-10-16T09:16:41","guid":{"rendered":"http:\/\/www.arkaraf.com\/kitap\/mitolojik-komedi-asya-otag"},"modified":"2025-10-16T12:16:49","modified_gmt":"2025-10-16T09:16:49","slug":"mitolojik-komedi-asya-otag","status":"publish","type":"product","link":"http:\/\/www.arkaraf.com\/en\/kitap\/mitolojik-komedi-asya-otag","title":{"rendered":"Mitolojik Komedi &#8211; Asya Ota\u011f"},"content":{"rendered":"<p>Mitolojik Komedi d\u00fcnyas\u0131na ho\u015f geldiniz!<\/p>\n<p>Olimpos\u2019un efsanevi ciddiyetini biraz esnetmeye ne dersiniz? Mitolojik Komedi tam da bunun i\u00e7in yaz\u0131ld\u0131: Zeus\u2019un g\u00f6k g\u00fcr\u00fclt\u00fcs\u00fcn\u00fc s\u00fcrpriz bildirimlerine, Athena\u2019n\u0131n bilgelik derslerini abs\u00fcrt sohbetlerine, Hades\u2019in yeralt\u0131 partilerini reng\u00e2renk after-party\u2019lere \u00e7eviriyor.<\/p>\n<p>Bu kitapta sizi bekleyenler:<\/p>\n<p>    Zeus\u2019un \u201cs\u00fcrpriz y\u0131ld\u0131r\u0131m\u201d seanslar\u0131 ve pi\u015fmanl\u0131k dolu sabahlar\u0131<\/p>\n<p>    Afrodit\u2019in \u00f6zg\u00fcven dalgalanmalar\u0131 ve yarat\u0131c\u0131 g\u00fczellik re\u00e7eteleri<\/p>\n<p>    Hermes\u2019in a\u015fk mektuplar\u0131n\u0131 yanl\u0131\u015f adrese teslim etme maceralar\u0131<\/p>\n<p>    Hera\u2019n\u0131n k\u0131skan\u00e7l\u0131k monologlar\u0131 ve Olimpos\u2019un en b\u00fcy\u00fck dedikodu kulisi<\/p>\n<p>Sayfalar ilerledik\u00e7e kahkahalar\u0131n\u0131z\u0131n yank\u0131s\u0131 Yunan an\u0131tlar\u0131ndan daha y\u00fcksek \u00e7\u0131kacak; \u00e7\u00fcnk\u00fc burada tanr\u0131lar asla kusursuz kahramanlar de\u011fil, bol geyikli, bol abs\u00fcrtl\u00fck dolu bir sahne \u015fovunda.<\/p>\n<p>Haz\u0131r olun: Tarihe farkl\u0131 bir g\u00f6zle bakacak, mitlerin perde arkas\u0131ndaki komik hallerine bay\u0131lacak ve \u201cKe\u015fke ders kitab\u0131m da b\u00f6yle e\u011flenceli olsayd\u0131\u201d diyeceksiniz.<\/p>\n<p>Mitolojik Komedi \u2013 D\u00fcnya stand-up\u2019\u0131na konuk oluyor!<\/p>","protected":false},"excerpt":{"rendered":"<p>Mitolojik Komedi d\u00fcnyas\u0131na ho\u015f geldiniz! Olimpos\u2019un efsanevi ciddiyetini biraz esnetmeye ne dersiniz? Mitolojik Komedi tam da bunun i\u00e7in yaz\u0131ld\u0131: Zeus\u2019un g\u00f6k g\u00fcr\u00fclt\u00fcs\u00fcn\u00fc s\u00fcrpriz bildirimlerine, Athena\u2019n\u0131n bilgelik derslerini abs\u00fcrt sohbetlerine, Hades\u2019in yeralt\u0131 partilerini reng\u00e2renk after-party\u2019lere \u00e7eviriyor. Bu kitapta sizi bekleyenler: Zeus\u2019un \u201cs\u00fcrpriz y\u0131ld\u0131r\u0131m\u201d seanslar\u0131 ve pi\u015fmanl\u0131k dolu sabahlar\u0131 Afrodit\u2019in \u00f6zg\u00fcven dalgalanmalar\u0131 ve yarat\u0131c\u0131 g\u00fczellik re\u00e7eteleri Hermes\u2019in [&hellip;]<\/p>\n","protected":false},"featured_media":7154,"comment_status":"closed","ping_status":"open","template":"","meta":{"inline_featured_image":false},"product_cat":[1019,1097],"product_tag":[],"class_list":{"0":"post-7153","1":"product","2":"type-product","3":"status-publish","4":"has-post-thumbnail","6":"product_cat-edebiyat","7":"product_cat-hikaye","8":"pa_boyut-135-x-195-cm","9":"pa_dil-turkce","10":"pa_sayfa-sayisi-330","11":"pa_yayin-tarihi-5-13-2025","12":"pa_yazar-asya-otag","14":"first","15":"instock","16":"sale","17":"purchasable","18":"product-type-simple"},"_links":{"self":[{"href":"http:\/\/www.arkaraf.com\/en\/wp-json\/wp\/v2\/product\/7153","targetHints":{"allow":["GET"]}}],"collection":[{"href":"http:\/\/www.arkaraf.com\/en\/wp-json\/wp\/v2\/product"}],"about":[{"href":"http:\/\/www.arkaraf.com\/en\/wp-json\/wp\/v2\/types\/product"}],"replies":[{"embeddable":true,"href":"http:\/\/www.arkaraf.com\/en\/wp-json\/wp\/v2\/comments?post=7153"}],"wp:featuredmedia":[{"embeddable":true,"href":"http:\/\/www.arkaraf.com\/en\/wp-json\/wp\/v2\/media\/7154"}],"wp:attachment":[{"href":"http:\/\/www.arkaraf.com\/en\/wp-json\/wp\/v2\/media?parent=7153"}],"wp:term":[{"taxonomy":"product_cat","embeddable":true,"href":"http:\/\/www.arkaraf.com\/en\/wp-json\/wp\/v2\/product_cat?post=7153"},{"taxonomy":"product_tag","embeddable":true,"href":"http:\/\/www.arkaraf.com\/en\/wp-json\/wp\/v2\/product_tag?post=7153"}],"curies":[{"name":"wp","href":"https:\/\/api.w.org\/{rel}","templated":true}]}}