{"id":7135,"date":"2025-10-16T12:15:26","date_gmt":"2025-10-16T09:15:26","guid":{"rendered":"http:\/\/www.arkaraf.com\/kitap\/maziden-kalan-bir-tutam-ramazan-hakan-tirit-mevlut-oduncu-mehmet-ege-sedat-aslan-figen-toprak-fatma-bal-alparslan-toprak-huseyin-guler-harun-uzum-yasin-sonmez-bestami-aydin"},"modified":"2025-10-16T12:16:14","modified_gmt":"2025-10-16T09:16:14","slug":"maziden-kalan-bir-tutam-ramazan-hakan-tirit-mevlut-oduncu-mehmet-ege-sedat-aslan-figen-toprak-fatma-bal-alparslan-toprak-huseyin-guler-harun-uzum-yasin-sonmez-bestami-aydin","status":"publish","type":"product","link":"http:\/\/www.arkaraf.com\/en\/kitap\/maziden-kalan-bir-tutam-ramazan-hakan-tirit-mevlut-oduncu-mehmet-ege-sedat-aslan-figen-toprak-fatma-bal-alparslan-toprak-huseyin-guler-harun-uzum-yasin-sonmez-bestami-aydin","title":{"rendered":"Maziden Kalan, Bir Tutam Ramazan &#8211; Hakan T\u0130R\u0130T, Mevl\u00fct ODUNCU, Mehmet E\u011eE, Sedat ASLAN, Figen TOPRAK, Fatma BAL, Alparslan TOPRAK, H\u00fcseyin G\u00dcLER, Harun \u00dcZ\u00dcM, Yasin S\u00d6NMEZ, Bestami AYDIN"},"content":{"rendered":"<div class=\"css-1hp88v3\">\n<div class=\"ak-renderer-document\">\n<p data-renderer-start-pos=\"1\">Eski Ramazanlar\u0131 ve bayramlar\u0131 \u00f6zleyenler i\u00e7in bir hat\u0131ra yolculu\u011fu&#8230;<\/p>\n<p data-renderer-start-pos=\"73\">Sahur vaktinde uyanman\u0131n heyecan\u0131, iftar sofralar\u0131nda payla\u015f\u0131lan bereket, teravih namaz\u0131ndan sonra mahallede dola\u015fan \u00e7ocuklar\u0131n ne\u015fesi\u2026 Bayram sabah\u0131 yen k\u0131yafetlerle b\u00fcy\u00fckler ziyaret etmek, \u015feker toplamak, aile sofralar\u0131nda bulu\u015fmak\u2026 Bu kitap, Ramazan\u2019\u0131n ve bayramlar\u0131n unutulmaz anlar\u0131n\u0131, eski zamanlar\u0131n s\u0131cakl\u0131\u011f\u0131n\u0131 ve payla\u015fman\u0131n g\u00fczelli\u011fin yenden hat\u0131rlat\u0131yor. Her sat\u0131r\u0131nda ge\u00e7mi\u015fin izleri, eski bayramlar\u0131n ne\u015fesi sakl\u0131. Maziden gelen bu g\u00fczel hat\u0131ralara ortak olmaya var m\u0131s\u0131n\u0131z?<\/p>\n<\/div>\n<\/div>","protected":false},"excerpt":{"rendered":"<p>Eski Ramazanlar\u0131 ve bayramlar\u0131 \u00f6zleyenler i\u00e7in bir hat\u0131ra yolculu\u011fu&#8230; Sahur vaktinde uyanman\u0131n heyecan\u0131, iftar sofralar\u0131nda payla\u015f\u0131lan bereket, teravih namaz\u0131ndan sonra mahallede dola\u015fan \u00e7ocuklar\u0131n ne\u015fesi\u2026 Bayram sabah\u0131 yen k\u0131yafetlerle b\u00fcy\u00fckler ziyaret etmek, \u015feker toplamak, aile sofralar\u0131nda bulu\u015fmak\u2026 Bu kitap, Ramazan\u2019\u0131n ve bayramlar\u0131n unutulmaz anlar\u0131n\u0131, eski zamanlar\u0131n s\u0131cakl\u0131\u011f\u0131n\u0131 ve payla\u015fman\u0131n g\u00fczelli\u011fin yenden hat\u0131rlat\u0131yor. Her sat\u0131r\u0131nda ge\u00e7mi\u015fin izleri, [&hellip;]<\/p>\n","protected":false},"featured_media":7136,"comment_status":"closed","ping_status":"open","template":"","meta":{"inline_featured_image":false},"product_cat":[1019,1097],"product_tag":[],"class_list":{"0":"post-7135","1":"product","2":"type-product","3":"status-publish","4":"has-post-thumbnail","6":"product_cat-edebiyat","7":"product_cat-hikaye","8":"pa_boyut-135-x-195-cm","9":"pa_dil-turkce","10":"pa_sayfa-sayisi-1501","11":"pa_yayin-tarihi-3-12-2025","12":"pa_yazar-hakan-tirit-mevlut-oduncu-mehmet-ege-sedat-aslan-figen-toprak-fatma-bal-alparslan-toprak-huseyin-guler-harun-uzum-yasin-sonmez-bestami-aydin","14":"first","15":"instock","16":"sale","17":"purchasable","18":"product-type-simple"},"_links":{"self":[{"href":"http:\/\/www.arkaraf.com\/en\/wp-json\/wp\/v2\/product\/7135","targetHints":{"allow":["GET"]}}],"collection":[{"href":"http:\/\/www.arkaraf.com\/en\/wp-json\/wp\/v2\/product"}],"about":[{"href":"http:\/\/www.arkaraf.com\/en\/wp-json\/wp\/v2\/types\/product"}],"replies":[{"embeddable":true,"href":"http:\/\/www.arkaraf.com\/en\/wp-json\/wp\/v2\/comments?post=7135"}],"wp:featuredmedia":[{"embeddable":true,"href":"http:\/\/www.arkaraf.com\/en\/wp-json\/wp\/v2\/media\/7136"}],"wp:attachment":[{"href":"http:\/\/www.arkaraf.com\/en\/wp-json\/wp\/v2\/media?parent=7135"}],"wp:term":[{"taxonomy":"product_cat","embeddable":true,"href":"http:\/\/www.arkaraf.com\/en\/wp-json\/wp\/v2\/product_cat?post=7135"},{"taxonomy":"product_tag","embeddable":true,"href":"http:\/\/www.arkaraf.com\/en\/wp-json\/wp\/v2\/product_tag?post=7135"}],"curies":[{"name":"wp","href":"https:\/\/api.w.org\/{rel}","templated":true}]}}