{"id":7133,"date":"2025-10-16T12:15:26","date_gmt":"2025-10-16T09:15:26","guid":{"rendered":"http:\/\/www.arkaraf.com\/kitap\/kader-apartmani-ali-oguzhan-vural"},"modified":"2025-10-16T12:16:10","modified_gmt":"2025-10-16T09:16:10","slug":"kader-apartmani-ali-oguzhan-vural","status":"publish","type":"product","link":"http:\/\/www.arkaraf.com\/en\/kitap\/kader-apartmani-ali-oguzhan-vural","title":{"rendered":"Kader Apartman\u0131 &#8211; Ali O\u011fuzhan Vural"},"content":{"rendered":"<div class=\"css-1hp88v3\">\n<div class=\"ak-renderer-document\">\n<p data-renderer-start-pos=\"1\">\u201cFantastik kurguyu okunabilir yapan \u015fey, ya\u015fad\u0131\u011f\u0131m\u0131z ger\u00e7ek d\u00fcnyan\u0131n k\u0131lcal damarlar\u0131na yay\u0131lm\u0131\u015f olan d\u00fc\u015fsel bilgilerimizdir. Bu bilgiler d\u00fcnyam\u0131z\u0131 daha ya\u015fanabilir k\u0131larken hepimizi d\u00fc\u015f\u00fcnd\u00fcr\u00fcp g\u00fcl\u00fcmsetir. Ger\u00e7eklik alg\u0131m\u0131z zaman zaman yerinden oynasa bile bildiklerimiz ger\u00e7eklik ile de\u011fil \u201dd\u00fc\u015fler\u201d ile alg\u0131lan\u0131r. Bu d\u00fc\u015fsel anlamlar insan olman\u0131n dayana\u011f\u0131d\u0131r. Hepimiz b\u00fcy\u00fck \u00e7ocuklar\u0131z asl\u0131nda. Masallara inan\u0131r\u0131z ve bu do\u011fam\u0131z\u0131 \u015fekillendirir ve bize anlam y\u00fckler.\u201d<\/p>\n<p data-renderer-start-pos=\"468\">Ali O\u011fuzhan Vural y\u0131llar \u00f6nce \u00e7\u0131kt\u0131\u011f\u0131 d\u00fc\u015fsel yolculu\u011fa siz okurlar\u0131n\u0131 bir kez daha davet ediyor ve zombiler, vampirler, uzun hayat ya\u015fayanlar\u0131n evrenlerinde keyifli zamanlar vaat ediyor.<\/p>\n<\/div>\n<\/div>","protected":false},"excerpt":{"rendered":"<p>\u201cFantastik kurguyu okunabilir yapan \u015fey, ya\u015fad\u0131\u011f\u0131m\u0131z ger\u00e7ek d\u00fcnyan\u0131n k\u0131lcal damarlar\u0131na yay\u0131lm\u0131\u015f olan d\u00fc\u015fsel bilgilerimizdir. Bu bilgiler d\u00fcnyam\u0131z\u0131 daha ya\u015fanabilir k\u0131larken hepimizi d\u00fc\u015f\u00fcnd\u00fcr\u00fcp g\u00fcl\u00fcmsetir. Ger\u00e7eklik alg\u0131m\u0131z zaman zaman yerinden oynasa bile bildiklerimiz ger\u00e7eklik ile de\u011fil \u201dd\u00fc\u015fler\u201d ile alg\u0131lan\u0131r. Bu d\u00fc\u015fsel anlamlar insan olman\u0131n dayana\u011f\u0131d\u0131r. Hepimiz b\u00fcy\u00fck \u00e7ocuklar\u0131z asl\u0131nda. Masallara inan\u0131r\u0131z ve bu do\u011fam\u0131z\u0131 \u015fekillendirir ve bize [&hellip;]<\/p>\n","protected":false},"featured_media":7134,"comment_status":"closed","ping_status":"open","template":"","meta":{"inline_featured_image":false},"product_cat":[1019,1033],"product_tag":[],"class_list":{"0":"post-7133","1":"product","2":"type-product","3":"status-publish","4":"has-post-thumbnail","6":"product_cat-edebiyat","7":"product_cat-roman","8":"pa_boyut-135-x-195-cm","9":"pa_dil-turkce","10":"pa_sayfa-sayisi-957","11":"pa_yayin-tarihi-3-12-2025","12":"pa_yazar-ali-oguzhan-vural","14":"first","15":"instock","16":"sale","17":"purchasable","18":"product-type-simple"},"_links":{"self":[{"href":"http:\/\/www.arkaraf.com\/en\/wp-json\/wp\/v2\/product\/7133","targetHints":{"allow":["GET"]}}],"collection":[{"href":"http:\/\/www.arkaraf.com\/en\/wp-json\/wp\/v2\/product"}],"about":[{"href":"http:\/\/www.arkaraf.com\/en\/wp-json\/wp\/v2\/types\/product"}],"replies":[{"embeddable":true,"href":"http:\/\/www.arkaraf.com\/en\/wp-json\/wp\/v2\/comments?post=7133"}],"wp:featuredmedia":[{"embeddable":true,"href":"http:\/\/www.arkaraf.com\/en\/wp-json\/wp\/v2\/media\/7134"}],"wp:attachment":[{"href":"http:\/\/www.arkaraf.com\/en\/wp-json\/wp\/v2\/media?parent=7133"}],"wp:term":[{"taxonomy":"product_cat","embeddable":true,"href":"http:\/\/www.arkaraf.com\/en\/wp-json\/wp\/v2\/product_cat?post=7133"},{"taxonomy":"product_tag","embeddable":true,"href":"http:\/\/www.arkaraf.com\/en\/wp-json\/wp\/v2\/product_tag?post=7133"}],"curies":[{"name":"wp","href":"https:\/\/api.w.org\/{rel}","templated":true}]}}