{"id":7131,"date":"2025-10-16T12:15:26","date_gmt":"2025-10-16T09:15:26","guid":{"rendered":"http:\/\/www.arkaraf.com\/kitap\/sumerli-ibrahim-cengiz-ibrahim-celebi"},"modified":"2025-10-16T12:16:07","modified_gmt":"2025-10-16T09:16:07","slug":"sumerli-ibrahim-cengiz-ibrahim-celebi","status":"publish","type":"product","link":"http:\/\/www.arkaraf.com\/en\/kitap\/sumerli-ibrahim-cengiz-ibrahim-celebi","title":{"rendered":"S\u00fcmerli \u0130brahim &#8211; Cengiz \u0130brahim \u00c7elebi"},"content":{"rendered":"<div class=\"css-1hp88v3\">\n<div class=\"ak-renderer-document\">\n<p data-renderer-start-pos=\"1\">S\u00fcmerli \u0130brahim eseri; \u00e7a\u011f\u0131m\u0131zda ya\u015fanan siyasal, sosyal, ekonomik d\u00f6n\u00fc\u015f\u00fcmlerin, h\u0131zl\u0131 de\u011fi\u015fimlerle ya\u015fanan \u00e7at\u0131\u015fmalar\u0131n ve insano\u011flunun yozla\u015fm\u0131\u015f taraflar\u0131n\u0131n, III. Ur Hanedan\u0131\u2019n\u0131n ve Yeni S\u00fcmer Devleti\u2019nin ya\u015fad\u0131\u011f\u0131 d\u00f6neme yans\u0131t\u0131larak olu\u015fturulmu\u015f bir eserdir.<\/p>\n<p data-renderer-start-pos=\"265\">\u0130brahim\u2019in, ye\u011feni Lut ve ailesiyle birlikte e\u015fitlik, adalet ve bar\u0131\u015f i\u00e7in verdi\u011fi m\u00fccadele herkes\u00e7e bilinmektedir. \u0130brahim\u2019in ve Lut\u2019un, zulme-zorbal\u0131\u011fa, sahte tanr\u0131lara kar\u015f\u0131 eylemleri ve farkl\u0131l\u0131klar\u0131 bir arada ya\u015fatmak i\u00e7in, sarf ettikleri \u00e7aba g\u00fcn\u00fcm\u00fcze \u00f6rnek olmal\u0131d\u0131r.<\/p>\n<p data-renderer-start-pos=\"541\">\u00c7a\u011flar boyu putla\u015ft\u0131r\u0131lan \u0130brahim\u2019in hikayesi, g\u00fcn\u00fcm\u00fczde b\u00fcy\u00fck put bilim ve y\u0131kt\u0131\u011f\u0131 sahte din putlar\u0131n\u0131n arketipsel uzant\u0131lar\u0131 ger\u00e7ek\u00e7i bir kurguyla yeniden ele al\u0131nm\u0131\u015ft\u0131r.<\/p>\n<p data-renderer-start-pos=\"715\">Bu eser, tarihe mal olmu\u015f ki\u015filerden, toplumlardan ve mekanlardan ilham al\u0131narak olu\u015fturulmu\u015f bir kurgudur.<\/p>\n<p data-renderer-start-pos=\"824\">Hakikat aray\u0131\u015f\u0131 ve bar\u0131\u015f \u00e7a\u011fr\u0131s\u0131 sonsuzda yank\u0131lanan \u0130brahim\u2019e selam olsun!<\/p>\n<p data-renderer-start-pos=\"901\">Takdirinize sunulan bu eser teo-politik bir eylem niteli\u011findedir.<\/p>\n<\/div>\n<\/div>","protected":false},"excerpt":{"rendered":"<p>S\u00fcmerli \u0130brahim eseri; \u00e7a\u011f\u0131m\u0131zda ya\u015fanan siyasal, sosyal, ekonomik d\u00f6n\u00fc\u015f\u00fcmlerin, h\u0131zl\u0131 de\u011fi\u015fimlerle ya\u015fanan \u00e7at\u0131\u015fmalar\u0131n ve insano\u011flunun yozla\u015fm\u0131\u015f taraflar\u0131n\u0131n, III. Ur Hanedan\u0131\u2019n\u0131n ve Yeni S\u00fcmer Devleti\u2019nin ya\u015fad\u0131\u011f\u0131 d\u00f6neme yans\u0131t\u0131larak olu\u015fturulmu\u015f bir eserdir. \u0130brahim\u2019in, ye\u011feni Lut ve ailesiyle birlikte e\u015fitlik, adalet ve bar\u0131\u015f i\u00e7in verdi\u011fi m\u00fccadele herkes\u00e7e bilinmektedir. \u0130brahim\u2019in ve Lut\u2019un, zulme-zorbal\u0131\u011fa, sahte tanr\u0131lara kar\u015f\u0131 eylemleri ve farkl\u0131l\u0131klar\u0131 [&hellip;]<\/p>\n","protected":false},"featured_media":7132,"comment_status":"closed","ping_status":"open","template":"","meta":{"inline_featured_image":false},"product_cat":[1019,1033],"product_tag":[],"class_list":{"0":"post-7131","1":"product","2":"type-product","3":"status-publish","4":"has-post-thumbnail","6":"product_cat-edebiyat","7":"product_cat-roman","8":"pa_boyut-135-x-195-cm","9":"pa_dil-turkce","10":"pa_sayfa-sayisi-1586","11":"pa_yayin-tarihi-3-4-2025","12":"pa_yazar-cengiz-ibrahim-celebi","14":"first","15":"instock","16":"sale","17":"purchasable","18":"product-type-simple"},"_links":{"self":[{"href":"http:\/\/www.arkaraf.com\/en\/wp-json\/wp\/v2\/product\/7131","targetHints":{"allow":["GET"]}}],"collection":[{"href":"http:\/\/www.arkaraf.com\/en\/wp-json\/wp\/v2\/product"}],"about":[{"href":"http:\/\/www.arkaraf.com\/en\/wp-json\/wp\/v2\/types\/product"}],"replies":[{"embeddable":true,"href":"http:\/\/www.arkaraf.com\/en\/wp-json\/wp\/v2\/comments?post=7131"}],"wp:featuredmedia":[{"embeddable":true,"href":"http:\/\/www.arkaraf.com\/en\/wp-json\/wp\/v2\/media\/7132"}],"wp:attachment":[{"href":"http:\/\/www.arkaraf.com\/en\/wp-json\/wp\/v2\/media?parent=7131"}],"wp:term":[{"taxonomy":"product_cat","embeddable":true,"href":"http:\/\/www.arkaraf.com\/en\/wp-json\/wp\/v2\/product_cat?post=7131"},{"taxonomy":"product_tag","embeddable":true,"href":"http:\/\/www.arkaraf.com\/en\/wp-json\/wp\/v2\/product_tag?post=7131"}],"curies":[{"name":"wp","href":"https:\/\/api.w.org\/{rel}","templated":true}]}}