{"id":7129,"date":"2025-10-16T12:15:26","date_gmt":"2025-10-16T09:15:26","guid":{"rendered":"http:\/\/www.arkaraf.com\/kitap\/365-soru-ile-beni-tanimani-istedim-canim-yavrum-e-gonul-altunoz"},"modified":"2025-10-16T12:16:03","modified_gmt":"2025-10-16T09:16:03","slug":"365-soru-ile-beni-tanimani-istedim-canim-yavrum-e-gonul-altunoz","status":"publish","type":"product","link":"http:\/\/www.arkaraf.com\/en\/kitap\/365-soru-ile-beni-tanimani-istedim-canim-yavrum-e-gonul-altunoz","title":{"rendered":"365 Soru ile Beni Tan\u0131man\u0131 \u0130stedim Can\u0131m Yavrum &#8211; E. G\u00f6n\u00fcl Altun\u00f6z"},"content":{"rendered":"<p data-prosemirror-content-type=\"node\" data-prosemirror-node-name=\"paragraph\" data-prosemirror-node-block=\"true\" data-pm-slice=\"1 1 []\">Can\u0131m Yavrum,<\/p>\n<p data-prosemirror-content-type=\"node\" data-prosemirror-node-name=\"paragraph\" data-prosemirror-node-block=\"true\">Benim\u00a0 hakk\u0131m da ya\u015fam\u0131m \u00a0boyunca merak edece\u011fin t\u00fcm sorular\u0131 b\u00fcy\u00fck bir i\u00e7tenlikle cevaplad\u0131m.<\/p>\n<p data-prosemirror-content-type=\"node\" data-prosemirror-node-name=\"paragraph\" data-prosemirror-node-block=\"true\">\u00c7ocuklu\u011fumun ve gen\u00e7lik y\u0131llar\u0131m\u0131n nas\u0131l ge\u00e7ti\u011fini,<\/p>\n<p data-prosemirror-content-type=\"node\" data-prosemirror-node-name=\"paragraph\" data-prosemirror-node-block=\"true\">\u0130lk arkada\u015flar\u0131m\u0131n kimler oldu\u011funu,<\/p>\n<p data-prosemirror-content-type=\"node\" data-prosemirror-node-name=\"paragraph\" data-prosemirror-node-block=\"true\">Ba\u015far\u0131lar\u0131m\u0131, zor anlar\u0131m\u0131, heyecanlar\u0131m\u0131,<\/p>\n<p data-prosemirror-content-type=\"node\" data-prosemirror-node-name=\"paragraph\" data-prosemirror-node-block=\"true\">Okuldan s\u0131k\u0131l\u0131p k\u0131rd\u0131\u011f\u0131m g\u00fcnlerimi,<\/p>\n<p data-prosemirror-content-type=\"node\" data-prosemirror-node-name=\"paragraph\" data-prosemirror-node-block=\"true\">Ailem ile ya\u015fad\u0131\u011f\u0131m \u00fczg\u00fcn, mutlu g\u00fcnlerimi<\/p>\n<p data-prosemirror-content-type=\"node\" data-prosemirror-node-name=\"paragraph\" data-prosemirror-node-block=\"true\">\u0130lk a\u015fk ve sonras\u0131<\/p>\n<p data-prosemirror-content-type=\"node\" data-prosemirror-node-name=\"paragraph\" data-prosemirror-node-block=\"true\">Annenle\/Babanla tan\u0131\u015f\u0131p evlenmem.<\/p>\n<p data-prosemirror-content-type=\"node\" data-prosemirror-node-name=\"paragraph\" data-prosemirror-node-block=\"true\">Senin do\u011fumunla hayat\u0131m\u0131n en \u00f6zel, en g\u00fczel g\u00fcnlerimin ba\u015flad\u0131\u011f\u0131 anlar.<\/p>\n<p data-prosemirror-content-type=\"node\" data-prosemirror-node-name=\"paragraph\" data-prosemirror-node-block=\"true\">Hepsini seninle payla\u015fmak \u00fczere t\u00fcm sorular\u0131n cevaplar\u0131n\u0131 bu deftere yazd\u0131m.<\/p>\n<p data-prosemirror-content-type=\"node\" data-prosemirror-node-name=\"paragraph\" data-prosemirror-node-block=\"true\">Heyecanla, seve seve yazd\u0131m.<\/p>\n<p data-prosemirror-content-type=\"node\" data-prosemirror-node-name=\"paragraph\" data-prosemirror-node-block=\"true\">Bu sana vermek \u00fczere haz\u0131rlad\u0131\u011f\u0131m en g\u00fczel, en de\u011ferli hediye.<\/p>\n<p data-prosemirror-content-type=\"node\" data-prosemirror-node-name=\"paragraph\" data-prosemirror-node-block=\"true\">Benden sonra aram\u0131z da \u201cke\u015fkelerin olmamas\u0131 i\u00e7in\u201d beni sana hat\u0131rlatacak bir hediye.<\/p>\n<p data-prosemirror-content-type=\"node\" data-prosemirror-node-name=\"paragraph\" data-prosemirror-node-block=\"true\">Bir t\u00fcr \u201can\u0131 defteri, hat\u0131ra defteri nin\u201d anket kitab\u0131na d\u00f6n\u00fc\u015fmesini istedim.<\/p>\n<p data-prosemirror-content-type=\"node\" data-prosemirror-node-name=\"paragraph\" data-prosemirror-node-block=\"true\">Seni \u00e7ok seviyorum.<\/p>","protected":false},"excerpt":{"rendered":"<p>Can\u0131m Yavrum, Benim\u00a0 hakk\u0131m da ya\u015fam\u0131m \u00a0boyunca merak edece\u011fin t\u00fcm sorular\u0131 b\u00fcy\u00fck bir i\u00e7tenlikle cevaplad\u0131m. \u00c7ocuklu\u011fumun ve gen\u00e7lik y\u0131llar\u0131m\u0131n nas\u0131l ge\u00e7ti\u011fini, \u0130lk arkada\u015flar\u0131m\u0131n kimler oldu\u011funu, Ba\u015far\u0131lar\u0131m\u0131, zor anlar\u0131m\u0131, heyecanlar\u0131m\u0131, Okuldan s\u0131k\u0131l\u0131p k\u0131rd\u0131\u011f\u0131m g\u00fcnlerimi, Ailem ile ya\u015fad\u0131\u011f\u0131m \u00fczg\u00fcn, mutlu g\u00fcnlerimi \u0130lk a\u015fk ve sonras\u0131 Annenle\/Babanla tan\u0131\u015f\u0131p evlenmem. Senin do\u011fumunla hayat\u0131m\u0131n en \u00f6zel, en g\u00fczel g\u00fcnlerimin ba\u015flad\u0131\u011f\u0131 [&hellip;]<\/p>\n","protected":false},"featured_media":7130,"comment_status":"closed","ping_status":"open","template":"","meta":{"inline_featured_image":false},"product_cat":[1083,1019],"product_tag":[],"class_list":{"0":"post-7129","1":"product","2":"type-product","3":"status-publish","4":"has-post-thumbnail","6":"product_cat-ani","7":"product_cat-edebiyat","8":"pa_boyut-135-x-195-cm","9":"pa_dil-turkce","10":"pa_sayfa-sayisi-1099","11":"pa_yayin-tarihi-3-4-2025","12":"pa_yazar-e-gonul-altunoz","14":"first","15":"instock","16":"sale","17":"purchasable","18":"product-type-simple"},"_links":{"self":[{"href":"http:\/\/www.arkaraf.com\/en\/wp-json\/wp\/v2\/product\/7129","targetHints":{"allow":["GET"]}}],"collection":[{"href":"http:\/\/www.arkaraf.com\/en\/wp-json\/wp\/v2\/product"}],"about":[{"href":"http:\/\/www.arkaraf.com\/en\/wp-json\/wp\/v2\/types\/product"}],"replies":[{"embeddable":true,"href":"http:\/\/www.arkaraf.com\/en\/wp-json\/wp\/v2\/comments?post=7129"}],"wp:featuredmedia":[{"embeddable":true,"href":"http:\/\/www.arkaraf.com\/en\/wp-json\/wp\/v2\/media\/7130"}],"wp:attachment":[{"href":"http:\/\/www.arkaraf.com\/en\/wp-json\/wp\/v2\/media?parent=7129"}],"wp:term":[{"taxonomy":"product_cat","embeddable":true,"href":"http:\/\/www.arkaraf.com\/en\/wp-json\/wp\/v2\/product_cat?post=7129"},{"taxonomy":"product_tag","embeddable":true,"href":"http:\/\/www.arkaraf.com\/en\/wp-json\/wp\/v2\/product_tag?post=7129"}],"curies":[{"name":"wp","href":"https:\/\/api.w.org\/{rel}","templated":true}]}}