{"id":7115,"date":"2025-10-16T12:15:26","date_gmt":"2025-10-16T09:15:26","guid":{"rendered":"http:\/\/www.arkaraf.com\/kitap\/sefine-abdullah-ozgun"},"modified":"2025-10-16T12:15:37","modified_gmt":"2025-10-16T09:15:37","slug":"sefine-abdullah-ozgun","status":"publish","type":"product","link":"http:\/\/www.arkaraf.com\/en\/kitap\/sefine-abdullah-ozgun","title":{"rendered":"Sefine &#8211; Abdullah \u00d6zg\u00fcn"},"content":{"rendered":"<p>&#8220;Sefine, 1990\u2019l\u0131 y\u0131llarda ge\u00e7en bir gemi seferi ile g\u00fcn\u00fcm\u00fczde ge\u00e7en, \u00e7o\u011funlukla ayn\u0131 karakterlerin yer ald\u0131\u011f\u0131 iki \u00f6yk\u00fcy\u00fc birle\u015ftiriyor. Birle\u015ftirirken, bizi de \u00e7e\u015fitli mevzular\u0131n konu\u015fuldu\u011fu, r\u00fcyalarla, g\u00fcnd\u00fcz d\u00fc\u015fleriyle, y\u0131ld\u0131zlarla dolu bir fikir ve hayal seferine \u00e7\u0131kar\u0131yor. &#8220;<\/p>","protected":false},"excerpt":{"rendered":"<p>&#8220;Sefine, 1990\u2019l\u0131 y\u0131llarda ge\u00e7en bir gemi seferi ile g\u00fcn\u00fcm\u00fczde ge\u00e7en, \u00e7o\u011funlukla ayn\u0131 karakterlerin yer ald\u0131\u011f\u0131 iki \u00f6yk\u00fcy\u00fc birle\u015ftiriyor. Birle\u015ftirirken, bizi de \u00e7e\u015fitli mevzular\u0131n konu\u015fuldu\u011fu, r\u00fcyalarla, g\u00fcnd\u00fcz d\u00fc\u015fleriyle, y\u0131ld\u0131zlarla dolu bir fikir ve hayal seferine \u00e7\u0131kar\u0131yor. &#8220;<\/p>","protected":false},"featured_media":7116,"comment_status":"closed","ping_status":"open","template":"","meta":{"inline_featured_image":false},"product_cat":[1019,1033],"product_tag":[],"class_list":{"0":"post-7115","1":"product","2":"type-product","3":"status-publish","4":"has-post-thumbnail","6":"product_cat-edebiyat","7":"product_cat-roman","8":"pa_boyut-135-x-195-cm","9":"pa_dil-turkce","10":"pa_sayfa-sayisi-366","11":"pa_yayin-tarihi-2-6-2025","12":"pa_yazar-abdullah-ozgun","14":"first","15":"instock","16":"sale","17":"purchasable","18":"product-type-simple"},"_links":{"self":[{"href":"http:\/\/www.arkaraf.com\/en\/wp-json\/wp\/v2\/product\/7115","targetHints":{"allow":["GET"]}}],"collection":[{"href":"http:\/\/www.arkaraf.com\/en\/wp-json\/wp\/v2\/product"}],"about":[{"href":"http:\/\/www.arkaraf.com\/en\/wp-json\/wp\/v2\/types\/product"}],"replies":[{"embeddable":true,"href":"http:\/\/www.arkaraf.com\/en\/wp-json\/wp\/v2\/comments?post=7115"}],"wp:featuredmedia":[{"embeddable":true,"href":"http:\/\/www.arkaraf.com\/en\/wp-json\/wp\/v2\/media\/7116"}],"wp:attachment":[{"href":"http:\/\/www.arkaraf.com\/en\/wp-json\/wp\/v2\/media?parent=7115"}],"wp:term":[{"taxonomy":"product_cat","embeddable":true,"href":"http:\/\/www.arkaraf.com\/en\/wp-json\/wp\/v2\/product_cat?post=7115"},{"taxonomy":"product_tag","embeddable":true,"href":"http:\/\/www.arkaraf.com\/en\/wp-json\/wp\/v2\/product_tag?post=7115"}],"curies":[{"name":"wp","href":"https:\/\/api.w.org\/{rel}","templated":true}]}}