{"id":7102,"date":"2025-10-16T12:14:10","date_gmt":"2025-10-16T09:14:10","guid":{"rendered":"http:\/\/www.arkaraf.com\/kitap\/kesisen-kalemler-hakan-tirit-serdar-acil-mesut-delioglu-tulay-delioglu-cemal-aslan-bahadir-ozdemir-yunus-bubolar-adem-aydin-celal-dogan-duran-altan-mehmet-bilal-demirel-adem-kose-ismail"},"modified":"2025-10-16T12:15:14","modified_gmt":"2025-10-16T09:15:14","slug":"kesisen-kalemler-hakan-tirit-serdar-acil-mesut-delioglu-tulay-delioglu-cemal-aslan-bahadir-ozdemir-yunus-bubolar-adem-aydin-celal-dogan-duran-altan-mehmet-bilal-demirel-adem-kose-ismail","status":"publish","type":"product","link":"http:\/\/www.arkaraf.com\/en\/kitap\/kesisen-kalemler-hakan-tirit-serdar-acil-mesut-delioglu-tulay-delioglu-cemal-aslan-bahadir-ozdemir-yunus-bubolar-adem-aydin-celal-dogan-duran-altan-mehmet-bilal-demirel-adem-kose-ismail","title":{"rendered":"Kesi\u015fen Kalemler &#8211; Hakan Tirit, Serdar A\u00e7\u0131l, Mesut Delio\u011flu, T\u00fclay Delio\u011flu, Cemal Aslan, Bahad\u0131r \u00d6zdemir, Yunus Bubolar, Adem Ayd\u0131n, Celal Do\u011fan, Duran Altan, Mehmet Bilal Demirel, Adem K\u00f6se, \u0130smail Tentifo\u011flu, Osman Demir"},"content":{"rendered":"<p>&#8220;Hayatlar farkl\u0131, yollar farkl\u0131&#8230; Ama kalemler kesi\u015fti\u011finde, ortaya \u00e7\u0131kan hik\u00e2yeler bir b\u00fct\u00fcn\u00fc anlat\u0131r. &#8216;Kesi\u015fen Kalemler&#8217; sadece bir kitap de\u011fil, ayn\u0131 zamanda e\u011fitim alan\u0131nda \u00e7al\u0131\u015fan arkada\u015flar\u0131n ortak bir hayali, ortak bir eme\u011fi. Her biri, kendi d\u00fcnyas\u0131ndan bir par\u00e7a sunuyor; kimi bir tebess\u00fcm, kimi derin bir d\u00fc\u015f\u00fcnce b\u0131rak\u0131yor. Bu kitap, farkl\u0131 y\u00fcreklerin ayn\u0131 ama\u00e7 u\u011fruna nas\u0131l birle\u015fti\u011fini g\u00f6steren bir an\u0131, bir yolculuk, bir payla\u015f\u0131m hik\u00e2yesi. Sayfalar aras\u0131nda ilerlerken, her hik\u00e2yede kendinizden bir iz bulacaks\u0131n\u0131z. Kesi\u015fen Kalemler, hayata ve insana dair yaz\u0131lm\u0131\u015f ortak bir d\u00fc\u015f&#8230; Bu d\u00fc\u015fte bir yolculu\u011fa \u00e7\u0131kmaya haz\u0131r m\u0131s\u0131n\u0131z?&#8221;<\/p>","protected":false},"excerpt":{"rendered":"<p>&#8220;Hayatlar farkl\u0131, yollar farkl\u0131&#8230; Ama kalemler kesi\u015fti\u011finde, ortaya \u00e7\u0131kan hik\u00e2yeler bir b\u00fct\u00fcn\u00fc anlat\u0131r. &#8216;Kesi\u015fen Kalemler&#8217; sadece bir kitap de\u011fil, ayn\u0131 zamanda e\u011fitim alan\u0131nda \u00e7al\u0131\u015fan arkada\u015flar\u0131n ortak bir hayali, ortak bir eme\u011fi. Her biri, kendi d\u00fcnyas\u0131ndan bir par\u00e7a sunuyor; kimi bir tebess\u00fcm, kimi derin bir d\u00fc\u015f\u00fcnce b\u0131rak\u0131yor. Bu kitap, farkl\u0131 y\u00fcreklerin ayn\u0131 ama\u00e7 u\u011fruna nas\u0131l birle\u015fti\u011fini [&hellip;]<\/p>\n","protected":false},"featured_media":7103,"comment_status":"closed","ping_status":"open","template":"","meta":{"inline_featured_image":false},"product_cat":[1019,1097],"product_tag":[],"class_list":{"0":"post-7102","1":"product","2":"type-product","3":"status-publish","4":"has-post-thumbnail","6":"product_cat-edebiyat","7":"product_cat-hikaye","8":"pa_boyut-135-x-195-cm","9":"pa_dil-turkce","10":"pa_sayfa-sayisi-380","11":"pa_yayin-tarihi-1-30-2025","12":"pa_yazar-hakan-tirit-serdar-acil-mesut-delioglu-tulay-delioglu-cemal-aslan-bahadir-ozdemir-yunus-bubolar-adem-aydin-celal-dogan-duran-altan-mehmet-bilal-demirel-adem-kose-ismail-tentifo","14":"first","15":"instock","16":"sale","17":"purchasable","18":"product-type-simple"},"_links":{"self":[{"href":"http:\/\/www.arkaraf.com\/en\/wp-json\/wp\/v2\/product\/7102","targetHints":{"allow":["GET"]}}],"collection":[{"href":"http:\/\/www.arkaraf.com\/en\/wp-json\/wp\/v2\/product"}],"about":[{"href":"http:\/\/www.arkaraf.com\/en\/wp-json\/wp\/v2\/types\/product"}],"replies":[{"embeddable":true,"href":"http:\/\/www.arkaraf.com\/en\/wp-json\/wp\/v2\/comments?post=7102"}],"wp:featuredmedia":[{"embeddable":true,"href":"http:\/\/www.arkaraf.com\/en\/wp-json\/wp\/v2\/media\/7103"}],"wp:attachment":[{"href":"http:\/\/www.arkaraf.com\/en\/wp-json\/wp\/v2\/media?parent=7102"}],"wp:term":[{"taxonomy":"product_cat","embeddable":true,"href":"http:\/\/www.arkaraf.com\/en\/wp-json\/wp\/v2\/product_cat?post=7102"},{"taxonomy":"product_tag","embeddable":true,"href":"http:\/\/www.arkaraf.com\/en\/wp-json\/wp\/v2\/product_tag?post=7102"}],"curies":[{"name":"wp","href":"https:\/\/api.w.org\/{rel}","templated":true}]}}