{"id":7098,"date":"2025-10-16T12:14:10","date_gmt":"2025-10-16T09:14:10","guid":{"rendered":"http:\/\/www.arkaraf.com\/kitap\/gulendam-abdulkerim-taskan"},"modified":"2025-10-16T12:15:07","modified_gmt":"2025-10-16T09:15:07","slug":"gulendam-abdulkerim-taskan","status":"publish","type":"product","link":"http:\/\/www.arkaraf.com\/en\/kitap\/gulendam-abdulkerim-taskan","title":{"rendered":"G\u00fclendam &#8211; Abdulkerim Ta\u015fkan"},"content":{"rendered":"<p>A\u015fk bir hayalin ard\u0131 s\u0131ra ko\u015fmakt\u0131r<br \/>\nKavu\u015fabilen mesut<br \/>\nKavu\u015famayan meftun<br \/>\nKavu\u015fup kaybeden ise Mecnun olur.<\/p>","protected":false},"excerpt":{"rendered":"<p>A\u015fk bir hayalin ard\u0131 s\u0131ra ko\u015fmakt\u0131r Kavu\u015fabilen mesut Kavu\u015famayan meftun Kavu\u015fup kaybeden ise Mecnun olur.<\/p>","protected":false},"featured_media":7099,"comment_status":"closed","ping_status":"open","template":"","meta":{"inline_featured_image":false},"product_cat":[1020,1019],"product_tag":[],"class_list":{"0":"post-7098","1":"product","2":"type-product","3":"status-publish","4":"has-post-thumbnail","6":"product_cat-siir","7":"product_cat-edebiyat","8":"pa_boyut-135-x-195-cm","9":"pa_dil-turkce","10":"pa_sayfa-sayisi-380","11":"pa_yayin-tarihi-1-20-2025","12":"pa_yazar-abdulkerim-taskan","14":"first","15":"instock","16":"sale","17":"purchasable","18":"product-type-simple"},"_links":{"self":[{"href":"http:\/\/www.arkaraf.com\/en\/wp-json\/wp\/v2\/product\/7098","targetHints":{"allow":["GET"]}}],"collection":[{"href":"http:\/\/www.arkaraf.com\/en\/wp-json\/wp\/v2\/product"}],"about":[{"href":"http:\/\/www.arkaraf.com\/en\/wp-json\/wp\/v2\/types\/product"}],"replies":[{"embeddable":true,"href":"http:\/\/www.arkaraf.com\/en\/wp-json\/wp\/v2\/comments?post=7098"}],"wp:featuredmedia":[{"embeddable":true,"href":"http:\/\/www.arkaraf.com\/en\/wp-json\/wp\/v2\/media\/7099"}],"wp:attachment":[{"href":"http:\/\/www.arkaraf.com\/en\/wp-json\/wp\/v2\/media?parent=7098"}],"wp:term":[{"taxonomy":"product_cat","embeddable":true,"href":"http:\/\/www.arkaraf.com\/en\/wp-json\/wp\/v2\/product_cat?post=7098"},{"taxonomy":"product_tag","embeddable":true,"href":"http:\/\/www.arkaraf.com\/en\/wp-json\/wp\/v2\/product_tag?post=7098"}],"curies":[{"name":"wp","href":"https:\/\/api.w.org\/{rel}","templated":true}]}}