{"id":7060,"date":"2025-10-16T12:12:55","date_gmt":"2025-10-16T09:12:55","guid":{"rendered":"http:\/\/www.arkaraf.com\/kitap\/imkansizliga-giden-yol-mikail-vural"},"modified":"2025-10-16T12:13:53","modified_gmt":"2025-10-16T09:13:53","slug":"imkansizliga-giden-yol-mikail-vural","status":"publish","type":"product","link":"http:\/\/www.arkaraf.com\/en\/kitap\/imkansizliga-giden-yol-mikail-vural","title":{"rendered":"\u0130mkans\u0131zl\u0131\u011fa Giden Yol &#8211; Mikail Vural"},"content":{"rendered":"<p>\u0130mkans\u0131zl\u0131\u011fa Giden Yol&#8217;un ilk cildinde, bir Balkan ailesinin Balkanlardan, \u0130stanbul&#8217;a nas\u0131l g\u00f6\u00e7 etti\u011fi konu edilmi\u015ftir. Balkanlardan hangi zorluklardan ge\u00e7tiler, ne gibi hainlikler ya\u015fad\u0131lar, \u0130stanbul&#8217;a gelince nas\u0131l hayatta tutundular?.. Ayn\u0131 zamanda insan onurunun kendi \u00e7\u0131karlar\u0131 do\u011frultusunda nelere sebep olaca\u011f\u0131n\u0131 da konu alan kitapta, insanlar\u0131n al\u00e7al\u0131\u015f\u0131n\u0131 da anlat\u0131lm\u0131\u015ft\u0131r.<\/p>","protected":false},"excerpt":{"rendered":"<p>\u0130mkans\u0131zl\u0131\u011fa Giden Yol&#8217;un ilk cildinde, bir Balkan ailesinin Balkanlardan, \u0130stanbul&#8217;a nas\u0131l g\u00f6\u00e7 etti\u011fi konu edilmi\u015ftir. Balkanlardan hangi zorluklardan ge\u00e7tiler, ne gibi hainlikler ya\u015fad\u0131lar, \u0130stanbul&#8217;a gelince nas\u0131l hayatta tutundular?.. Ayn\u0131 zamanda insan onurunun kendi \u00e7\u0131karlar\u0131 do\u011frultusunda nelere sebep olaca\u011f\u0131n\u0131 da konu alan kitapta, insanlar\u0131n al\u00e7al\u0131\u015f\u0131n\u0131 da anlat\u0131lm\u0131\u015ft\u0131r.<\/p>","protected":false},"featured_media":7061,"comment_status":"closed","ping_status":"open","template":"","meta":{"inline_featured_image":false},"product_cat":[1019,1033],"product_tag":[],"class_list":{"0":"post-7060","1":"product","2":"type-product","3":"status-publish","4":"has-post-thumbnail","6":"product_cat-edebiyat","7":"product_cat-roman","8":"pa_boyut-135-x-195-cm","9":"pa_dil-turkce","10":"pa_sayfa-sayisi-1556","11":"pa_yayin-tarihi-12-11-2024","12":"pa_yazar-mikail-vural","14":"first","15":"instock","16":"sale","17":"purchasable","18":"product-type-simple"},"_links":{"self":[{"href":"http:\/\/www.arkaraf.com\/en\/wp-json\/wp\/v2\/product\/7060","targetHints":{"allow":["GET"]}}],"collection":[{"href":"http:\/\/www.arkaraf.com\/en\/wp-json\/wp\/v2\/product"}],"about":[{"href":"http:\/\/www.arkaraf.com\/en\/wp-json\/wp\/v2\/types\/product"}],"replies":[{"embeddable":true,"href":"http:\/\/www.arkaraf.com\/en\/wp-json\/wp\/v2\/comments?post=7060"}],"wp:featuredmedia":[{"embeddable":true,"href":"http:\/\/www.arkaraf.com\/en\/wp-json\/wp\/v2\/media\/7061"}],"wp:attachment":[{"href":"http:\/\/www.arkaraf.com\/en\/wp-json\/wp\/v2\/media?parent=7060"}],"wp:term":[{"taxonomy":"product_cat","embeddable":true,"href":"http:\/\/www.arkaraf.com\/en\/wp-json\/wp\/v2\/product_cat?post=7060"},{"taxonomy":"product_tag","embeddable":true,"href":"http:\/\/www.arkaraf.com\/en\/wp-json\/wp\/v2\/product_tag?post=7060"}],"curies":[{"name":"wp","href":"https:\/\/api.w.org\/{rel}","templated":true}]}}