{"id":7056,"date":"2025-10-16T12:12:55","date_gmt":"2025-10-16T09:12:55","guid":{"rendered":"http:\/\/www.arkaraf.com\/kitap\/mustafa-kemalin-golgesini-arayan-cocuk-nuray-kaya"},"modified":"2025-10-16T12:13:46","modified_gmt":"2025-10-16T09:13:46","slug":"mustafa-kemalin-golgesini-arayan-cocuk-nuray-kaya","status":"publish","type":"product","link":"http:\/\/www.arkaraf.com\/en\/kitap\/mustafa-kemalin-golgesini-arayan-cocuk-nuray-kaya","title":{"rendered":"Mustafa Kemal&#8217;in G\u00f6lgesini Arayan \u00c7ocuk &#8211;  Nuray Kaya"},"content":{"rendered":"<p>Mayalanm\u0131\u015f y\u00fcre\u011fimizde ge\u00e7mi\u015ften g\u00fcn\u00fcm\u00fcze gelen tarihin izlerini her i\u00e7 \u00e7eki\u015fimizde harflerden hecelere, hecelerden c\u00fcmlelere s\u0131\u011fd\u0131rd\u0131\u011f\u0131m\u0131z; \u00e7\u0131\u011fl\u0131k \u00e7\u0131\u011fl\u0131\u011fa s\u00fcrg\u00fcn etti\u011fimiz, elleri \u00fc\u015f\u00fcm\u00fc\u015f \u00e7ocu\u011fun kartopu heyecan\u0131 gibi hissetti\u011fimiz anlar\u0131 siz okuyucular\u0131m\u0131za yazar\u0131m\u0131z\u0131n kalemiyle sunmaktan gurur duyar\u0131z. Yazar\u0131n her kelimeye dokunu\u015fu raydan \u00e7\u0131kmakta ve topra\u011fa kan s\u0131zmakta, yazar; incelikten beli b\u00fck\u00fclm\u00fc\u015f kurtulu\u015fa giden yolda devrim niteli\u011fi ta\u015f\u0131yan yamal\u0131 c\u00fcmleler kurmaktad\u0131r.<\/p>\n<p>\u00d6l\u00fcms\u00fczle\u015fen yeg\u00e2ne vatanseverlik ruhunu i\u00e7imize i\u015fledi\u011fimiz bu eseri bizlere takdim eden yazar ve \u015fairimiz Nuray Kaya&#8217;ya sonsuz te\u015fekk\u00fcrler ederiz.<\/p>","protected":false},"excerpt":{"rendered":"<p>Mayalanm\u0131\u015f y\u00fcre\u011fimizde ge\u00e7mi\u015ften g\u00fcn\u00fcm\u00fcze gelen tarihin izlerini her i\u00e7 \u00e7eki\u015fimizde harflerden hecelere, hecelerden c\u00fcmlelere s\u0131\u011fd\u0131rd\u0131\u011f\u0131m\u0131z; \u00e7\u0131\u011fl\u0131k \u00e7\u0131\u011fl\u0131\u011fa s\u00fcrg\u00fcn etti\u011fimiz, elleri \u00fc\u015f\u00fcm\u00fc\u015f \u00e7ocu\u011fun kartopu heyecan\u0131 gibi hissetti\u011fimiz anlar\u0131 siz okuyucular\u0131m\u0131za yazar\u0131m\u0131z\u0131n kalemiyle sunmaktan gurur duyar\u0131z. Yazar\u0131n her kelimeye dokunu\u015fu raydan \u00e7\u0131kmakta ve topra\u011fa kan s\u0131zmakta, yazar; incelikten beli b\u00fck\u00fclm\u00fc\u015f kurtulu\u015fa giden yolda devrim niteli\u011fi ta\u015f\u0131yan yamal\u0131 [&hellip;]<\/p>\n","protected":false},"featured_media":7057,"comment_status":"closed","ping_status":"open","template":"","meta":{"inline_featured_image":false},"product_cat":[1019,1033],"product_tag":[],"class_list":{"0":"post-7056","1":"product","2":"type-product","3":"status-publish","4":"has-post-thumbnail","6":"product_cat-edebiyat","7":"product_cat-roman","8":"pa_boyut-135-x-195-cm","9":"pa_dil-turkce","10":"pa_sayfa-sayisi-517","11":"pa_yayin-tarihi-12-11-2024","12":"pa_yazar-nuray-kaya","14":"first","15":"instock","16":"sale","17":"purchasable","18":"product-type-simple"},"_links":{"self":[{"href":"http:\/\/www.arkaraf.com\/en\/wp-json\/wp\/v2\/product\/7056","targetHints":{"allow":["GET"]}}],"collection":[{"href":"http:\/\/www.arkaraf.com\/en\/wp-json\/wp\/v2\/product"}],"about":[{"href":"http:\/\/www.arkaraf.com\/en\/wp-json\/wp\/v2\/types\/product"}],"replies":[{"embeddable":true,"href":"http:\/\/www.arkaraf.com\/en\/wp-json\/wp\/v2\/comments?post=7056"}],"wp:featuredmedia":[{"embeddable":true,"href":"http:\/\/www.arkaraf.com\/en\/wp-json\/wp\/v2\/media\/7057"}],"wp:attachment":[{"href":"http:\/\/www.arkaraf.com\/en\/wp-json\/wp\/v2\/media?parent=7056"}],"wp:term":[{"taxonomy":"product_cat","embeddable":true,"href":"http:\/\/www.arkaraf.com\/en\/wp-json\/wp\/v2\/product_cat?post=7056"},{"taxonomy":"product_tag","embeddable":true,"href":"http:\/\/www.arkaraf.com\/en\/wp-json\/wp\/v2\/product_tag?post=7056"}],"curies":[{"name":"wp","href":"https:\/\/api.w.org\/{rel}","templated":true}]}}