{"id":7038,"date":"2025-10-16T12:12:55","date_gmt":"2025-10-16T09:12:55","guid":{"rendered":"http:\/\/www.arkaraf.com\/kitap\/saros-yildizi-omer-kayra-turk"},"modified":"2025-10-16T12:13:13","modified_gmt":"2025-10-16T09:13:13","slug":"saros-yildizi-omer-kayra-turk","status":"publish","type":"product","link":"http:\/\/www.arkaraf.com\/en\/kitap\/saros-yildizi-omer-kayra-turk","title":{"rendered":"Saros Y\u0131ld\u0131z\u0131 &#8211; \u00d6mer Kayra T\u00fcrk"},"content":{"rendered":"<div class=\"css-jx53nq\">\n<div class=\"ak-renderer-document\">\n<p data-renderer-start-pos=\"1\">\u015fimdiden vermi\u015fler kopuk ite<br \/>\numutsuzlar\u0131n anaca\u011f\u0131 as\u0131r<br \/>\nson y\u0131ld\u0131z da batt\u0131<br \/>\nkapan\u0131yor pusu<br \/>\n-\u201c\u00e7ok istanbul\u201d \u015eiiri\u2019nden-<\/p>\n<p data-renderer-start-pos=\"122\">toz duman<br \/>\nbildi\u011fin gibi, geceleri<br \/>\ng\u00f6ky\u00fcz\u00fc a\u015f\u0131klar\u0131n \u015fiirleriyle parlar<\/p>\n<p data-renderer-start-pos=\"194\">t\u0131rman\u0131p y\u0131ld\u0131z toplayacakt\u0131m sana<br \/>\n-\u201cSaros Y\u0131ld\u0131z\u0131\u201d \u015eiiri\u2019nden<\/p>\n<\/div>\n<\/div>","protected":false},"excerpt":{"rendered":"<p>\u015fimdiden vermi\u015fler kopuk ite umutsuzlar\u0131n anaca\u011f\u0131 as\u0131r son y\u0131ld\u0131z da batt\u0131 kapan\u0131yor pusu -\u201c\u00e7ok istanbul\u201d \u015eiiri\u2019nden- toz duman bildi\u011fin gibi, geceleri g\u00f6ky\u00fcz\u00fc a\u015f\u0131klar\u0131n \u015fiirleriyle parlar t\u0131rman\u0131p y\u0131ld\u0131z toplayacakt\u0131m sana -\u201cSaros Y\u0131ld\u0131z\u0131\u201d \u015eiiri\u2019nden<\/p>","protected":false},"featured_media":7039,"comment_status":"closed","ping_status":"open","template":"","meta":{"inline_featured_image":false},"product_cat":[1020,1019],"product_tag":[],"class_list":{"0":"post-7038","1":"product","2":"type-product","3":"status-publish","4":"has-post-thumbnail","6":"product_cat-siir","7":"product_cat-edebiyat","8":"pa_boyut-135-x-195-cm","9":"pa_dil-turkce","10":"pa_sayfa-sayisi-572","11":"pa_yayin-tarihi-10-31-2024","12":"pa_yazar-omer-kayra-turk","14":"first","15":"instock","16":"sale","17":"purchasable","18":"product-type-simple"},"_links":{"self":[{"href":"http:\/\/www.arkaraf.com\/en\/wp-json\/wp\/v2\/product\/7038","targetHints":{"allow":["GET"]}}],"collection":[{"href":"http:\/\/www.arkaraf.com\/en\/wp-json\/wp\/v2\/product"}],"about":[{"href":"http:\/\/www.arkaraf.com\/en\/wp-json\/wp\/v2\/types\/product"}],"replies":[{"embeddable":true,"href":"http:\/\/www.arkaraf.com\/en\/wp-json\/wp\/v2\/comments?post=7038"}],"wp:featuredmedia":[{"embeddable":true,"href":"http:\/\/www.arkaraf.com\/en\/wp-json\/wp\/v2\/media\/7039"}],"wp:attachment":[{"href":"http:\/\/www.arkaraf.com\/en\/wp-json\/wp\/v2\/media?parent=7038"}],"wp:term":[{"taxonomy":"product_cat","embeddable":true,"href":"http:\/\/www.arkaraf.com\/en\/wp-json\/wp\/v2\/product_cat?post=7038"},{"taxonomy":"product_tag","embeddable":true,"href":"http:\/\/www.arkaraf.com\/en\/wp-json\/wp\/v2\/product_tag?post=7038"}],"curies":[{"name":"wp","href":"https:\/\/api.w.org\/{rel}","templated":true}]}}