{"id":7036,"date":"2025-10-16T12:12:55","date_gmt":"2025-10-16T09:12:55","guid":{"rendered":"http:\/\/www.arkaraf.com\/kitap\/bahce-sureyya-acarali"},"modified":"2025-10-16T12:13:09","modified_gmt":"2025-10-16T09:13:09","slug":"bahce-sureyya-acarali","status":"publish","type":"product","link":"http:\/\/www.arkaraf.com\/en\/kitap\/bahce-sureyya-acarali","title":{"rendered":"Bah\u00e7e &#8211; S\u00fcreyya Acaral\u0131"},"content":{"rendered":"<div class=\"css-jx53nq\">\n<div class=\"ak-renderer-document\">\n<p data-renderer-start-pos=\"1\">8-12 ya\u015f aras\u0131 \u00e7ocuklar i\u00e7in kolay, uygulanabilir tiyatro y\u00f6ntemi.<\/p>\n<p data-renderer-start-pos=\"69\">\u0130lk Kez:<br \/>\nEzberleme yok.<br \/>\nSahne yok.<br \/>\nUzun haz\u0131rl\u0131k yok.<br \/>\nD\u00fcz yaz\u0131 yok.<\/p>\n<\/div>\n<\/div>","protected":false},"excerpt":{"rendered":"<p>8-12 ya\u015f aras\u0131 \u00e7ocuklar i\u00e7in kolay, uygulanabilir tiyatro y\u00f6ntemi. \u0130lk Kez: Ezberleme yok. Sahne yok. Uzun haz\u0131rl\u0131k yok. D\u00fcz yaz\u0131 yok.<\/p>","protected":false},"featured_media":7037,"comment_status":"closed","ping_status":"open","template":"","meta":{"inline_featured_image":false},"product_cat":[1019,1285],"product_tag":[],"class_list":{"0":"post-7036","1":"product","2":"type-product","3":"status-publish","4":"has-post-thumbnail","6":"product_cat-edebiyat","7":"product_cat-tiyatro","8":"pa_boyut-135-x-195-cm","9":"pa_dil-turkce","10":"pa_sayfa-sayisi-572","11":"pa_yayin-tarihi-10-31-2024","12":"pa_yazar-sureyya-acarali","14":"first","15":"instock","16":"sale","17":"purchasable","18":"product-type-simple"},"_links":{"self":[{"href":"http:\/\/www.arkaraf.com\/en\/wp-json\/wp\/v2\/product\/7036","targetHints":{"allow":["GET"]}}],"collection":[{"href":"http:\/\/www.arkaraf.com\/en\/wp-json\/wp\/v2\/product"}],"about":[{"href":"http:\/\/www.arkaraf.com\/en\/wp-json\/wp\/v2\/types\/product"}],"replies":[{"embeddable":true,"href":"http:\/\/www.arkaraf.com\/en\/wp-json\/wp\/v2\/comments?post=7036"}],"wp:featuredmedia":[{"embeddable":true,"href":"http:\/\/www.arkaraf.com\/en\/wp-json\/wp\/v2\/media\/7037"}],"wp:attachment":[{"href":"http:\/\/www.arkaraf.com\/en\/wp-json\/wp\/v2\/media?parent=7036"}],"wp:term":[{"taxonomy":"product_cat","embeddable":true,"href":"http:\/\/www.arkaraf.com\/en\/wp-json\/wp\/v2\/product_cat?post=7036"},{"taxonomy":"product_tag","embeddable":true,"href":"http:\/\/www.arkaraf.com\/en\/wp-json\/wp\/v2\/product_tag?post=7036"}],"curies":[{"name":"wp","href":"https:\/\/api.w.org\/{rel}","templated":true}]}}