{"id":7030,"date":"2025-10-16T12:12:55","date_gmt":"2025-10-16T09:12:55","guid":{"rendered":"http:\/\/www.arkaraf.com\/kitap\/lotus-zeynep-begum-uluc"},"modified":"2025-10-16T12:12:58","modified_gmt":"2025-10-16T09:12:58","slug":"lotus-zeynep-begum-uluc","status":"publish","type":"product","link":"http:\/\/www.arkaraf.com\/en\/kitap\/lotus-zeynep-begum-uluc","title":{"rendered":"Lotus &#8211; Zeynep Beg\u00fcm Ulu\u00e7"},"content":{"rendered":"<div class=\"css-jx53nq\">\n<div class=\"ak-renderer-document\">\n<p data-renderer-start-pos=\"1\">G\u00f6k\u00e7e, ge\u00e7irdi\u011fi talihsiz bir olay sonras\u0131 hastanede kar\u015f\u0131la\u015ft\u0131\u011f\u0131 masum bir k\u0131z ve onun derin ruhsal bilgeli\u011fe sahip karde\u015fi Mete ile tan\u0131\u015f\u0131r. Bu beklenmedik kar\u015f\u0131la\u015fma, G\u00f6k\u00e7e\u2019nin ge\u00e7mi\u015fini yeniden sorgulamas\u0131na ve i\u00e7indeki kaybolmu\u015f \u0131\u015f\u0131\u011f\u0131 ke\u015ffetmesine yol a\u00e7ar.<\/p>\n<p data-renderer-start-pos=\"265\">Gizli mesajlar ve derin duygularla dolu bu yolculukta, G\u00f6k\u00e7e, yaln\u0131zl\u0131\u011f\u0131n\u0131n pen\u00e7esinden kurtulup ger\u00e7ek sevgiye ad\u0131m atacak m\u0131? Ge\u00e7mi\u015fin g\u00f6lgeleriyle y\u00fczle\u015firken, ruhsal bir uyan\u0131\u015f\u0131n kap\u0131lar\u0131n\u0131 aralayacak ve hayat\u0131n anlam\u0131n\u0131 yeniden ke\u015ffedecek mi?<\/p>\n<p data-renderer-start-pos=\"514\">Lotus, kay\u0131ptan do\u011fu\u015fa, karanl\u0131ktan ayd\u0131nl\u0131\u011fa uzanan bir hik\u00e2ye. Yazar, okuyucular\u0131n\u0131 i\u00e7sel huzur ve a\u015fk\u0131n derinliklerine davet ediyor. Ruhunuzu besleyecek bu yolculu\u011fa kat\u0131lmaya haz\u0131r m\u0131s\u0131n\u0131z?<\/p>\n<\/div>\n<\/div>","protected":false},"excerpt":{"rendered":"<p>G\u00f6k\u00e7e, ge\u00e7irdi\u011fi talihsiz bir olay sonras\u0131 hastanede kar\u015f\u0131la\u015ft\u0131\u011f\u0131 masum bir k\u0131z ve onun derin ruhsal bilgeli\u011fe sahip karde\u015fi Mete ile tan\u0131\u015f\u0131r. Bu beklenmedik kar\u015f\u0131la\u015fma, G\u00f6k\u00e7e\u2019nin ge\u00e7mi\u015fini yeniden sorgulamas\u0131na ve i\u00e7indeki kaybolmu\u015f \u0131\u015f\u0131\u011f\u0131 ke\u015ffetmesine yol a\u00e7ar. Gizli mesajlar ve derin duygularla dolu bu yolculukta, G\u00f6k\u00e7e, yaln\u0131zl\u0131\u011f\u0131n\u0131n pen\u00e7esinden kurtulup ger\u00e7ek sevgiye ad\u0131m atacak m\u0131? Ge\u00e7mi\u015fin g\u00f6lgeleriyle y\u00fczle\u015firken, [&hellip;]<\/p>\n","protected":false},"featured_media":7031,"comment_status":"closed","ping_status":"open","template":"","meta":{"inline_featured_image":false},"product_cat":[1019,1097],"product_tag":[],"class_list":{"0":"post-7030","1":"product","2":"type-product","3":"status-publish","4":"has-post-thumbnail","6":"product_cat-edebiyat","7":"product_cat-hikaye","8":"pa_boyut-135-x-195-cm","9":"pa_dil-turkce","10":"pa_sayfa-sayisi-488","11":"pa_yayin-tarihi-10-11-2024","12":"pa_yazar-zeynep-begum-uluc","14":"first","15":"instock","16":"sale","17":"purchasable","18":"product-type-simple"},"_links":{"self":[{"href":"http:\/\/www.arkaraf.com\/en\/wp-json\/wp\/v2\/product\/7030","targetHints":{"allow":["GET"]}}],"collection":[{"href":"http:\/\/www.arkaraf.com\/en\/wp-json\/wp\/v2\/product"}],"about":[{"href":"http:\/\/www.arkaraf.com\/en\/wp-json\/wp\/v2\/types\/product"}],"replies":[{"embeddable":true,"href":"http:\/\/www.arkaraf.com\/en\/wp-json\/wp\/v2\/comments?post=7030"}],"wp:featuredmedia":[{"embeddable":true,"href":"http:\/\/www.arkaraf.com\/en\/wp-json\/wp\/v2\/media\/7031"}],"wp:attachment":[{"href":"http:\/\/www.arkaraf.com\/en\/wp-json\/wp\/v2\/media?parent=7030"}],"wp:term":[{"taxonomy":"product_cat","embeddable":true,"href":"http:\/\/www.arkaraf.com\/en\/wp-json\/wp\/v2\/product_cat?post=7030"},{"taxonomy":"product_tag","embeddable":true,"href":"http:\/\/www.arkaraf.com\/en\/wp-json\/wp\/v2\/product_tag?post=7030"}],"curies":[{"name":"wp","href":"https:\/\/api.w.org\/{rel}","templated":true}]}}