{"id":7012,"date":"2025-10-16T12:11:51","date_gmt":"2025-10-16T09:11:51","guid":{"rendered":"http:\/\/www.arkaraf.com\/kitap\/gulmira-gul-ve-isik-alperen-yardibi"},"modified":"2025-10-16T12:12:27","modified_gmt":"2025-10-16T09:12:27","slug":"gulmira-gul-ve-isik-alperen-yardibi","status":"publish","type":"product","link":"http:\/\/www.arkaraf.com\/en\/kitap\/gulmira-gul-ve-isik-alperen-yardibi","title":{"rendered":"Gulmira: G\u00fcl ve I\u015f\u0131k &#8211; Alperen Yardibi"},"content":{"rendered":"<div class=\"css-1qlx3hu\">\n<div class=\"ak-renderer-document\">\n<p data-renderer-start-pos=\"1\">Bu sayfalarda kar\u015f\u0131la\u015facaklar\u0131n\u0131z hata yapm\u0131\u015f bir adam\u0131n kendini anlatmaya \u00e7abalarken ka\u011f\u0131da d\u00f6kt\u00fc\u011f\u00fc birka\u00e7 s\u00f6zden ibaret. B\u00fcy\u00fck s\u00f6zler ya da s\u00fcsl\u00fc anlat\u0131mlar beklemeyin. Basit, do\u011frudan ve samimi itiraflar var burada. Sevdi\u011fi kad\u0131n\u0131 kaybetme korkusu, pi\u015fmanl\u0131klar ve belki de bir kez daha ba\u015flama umudu.<\/p>\n<p data-renderer-start-pos=\"307\">Her sat\u0131r, duygular\u0131n a\u011f\u0131rl\u0131\u011f\u0131 alt\u0131nda ezilen bir adam\u0131n sesidir. Okurken kulak verin yeter, gerisi zaten gelecektir.<\/p>\n<\/div>\n<\/div>","protected":false},"excerpt":{"rendered":"<p>Bu sayfalarda kar\u015f\u0131la\u015facaklar\u0131n\u0131z hata yapm\u0131\u015f bir adam\u0131n kendini anlatmaya \u00e7abalarken ka\u011f\u0131da d\u00f6kt\u00fc\u011f\u00fc birka\u00e7 s\u00f6zden ibaret. B\u00fcy\u00fck s\u00f6zler ya da s\u00fcsl\u00fc anlat\u0131mlar beklemeyin. Basit, do\u011frudan ve samimi itiraflar var burada. Sevdi\u011fi kad\u0131n\u0131 kaybetme korkusu, pi\u015fmanl\u0131klar ve belki de bir kez daha ba\u015flama umudu. Her sat\u0131r, duygular\u0131n a\u011f\u0131rl\u0131\u011f\u0131 alt\u0131nda ezilen bir adam\u0131n sesidir. Okurken kulak verin yeter, [&hellip;]<\/p>\n","protected":false},"featured_media":7013,"comment_status":"closed","ping_status":"open","template":"","meta":{"inline_featured_image":false},"product_cat":[1020,1019],"product_tag":[],"class_list":{"0":"post-7012","1":"product","2":"type-product","3":"status-publish","4":"has-post-thumbnail","6":"product_cat-siir","7":"product_cat-edebiyat","8":"pa_boyut-135-x-195-cm","9":"pa_dil-turkce","10":"pa_sayfa-sayisi-397","11":"pa_yayin-tarihi-9-30-2024","12":"pa_yazar-alperen-yardibi","14":"first","15":"instock","16":"sale","17":"purchasable","18":"product-type-simple"},"_links":{"self":[{"href":"http:\/\/www.arkaraf.com\/en\/wp-json\/wp\/v2\/product\/7012","targetHints":{"allow":["GET"]}}],"collection":[{"href":"http:\/\/www.arkaraf.com\/en\/wp-json\/wp\/v2\/product"}],"about":[{"href":"http:\/\/www.arkaraf.com\/en\/wp-json\/wp\/v2\/types\/product"}],"replies":[{"embeddable":true,"href":"http:\/\/www.arkaraf.com\/en\/wp-json\/wp\/v2\/comments?post=7012"}],"wp:featuredmedia":[{"embeddable":true,"href":"http:\/\/www.arkaraf.com\/en\/wp-json\/wp\/v2\/media\/7013"}],"wp:attachment":[{"href":"http:\/\/www.arkaraf.com\/en\/wp-json\/wp\/v2\/media?parent=7012"}],"wp:term":[{"taxonomy":"product_cat","embeddable":true,"href":"http:\/\/www.arkaraf.com\/en\/wp-json\/wp\/v2\/product_cat?post=7012"},{"taxonomy":"product_tag","embeddable":true,"href":"http:\/\/www.arkaraf.com\/en\/wp-json\/wp\/v2\/product_tag?post=7012"}],"curies":[{"name":"wp","href":"https:\/\/api.w.org\/{rel}","templated":true}]}}