{"id":7008,"date":"2025-10-16T12:11:51","date_gmt":"2025-10-16T09:11:51","guid":{"rendered":"http:\/\/www.arkaraf.com\/kitap\/gorduklerimdeki-hakikat-buyuk-donusum-suleyman-metin"},"modified":"2025-10-16T12:12:24","modified_gmt":"2025-10-16T09:12:24","slug":"gorduklerimdeki-hakikat-buyuk-donusum-suleyman-metin","status":"publish","type":"product","link":"http:\/\/www.arkaraf.com\/en\/kitap\/gorduklerimdeki-hakikat-buyuk-donusum-suleyman-metin","title":{"rendered":"G\u00f6rd\u00fcklerimdeki Hakikat &#8211; B\u00fcy\u00fck D\u00f6n\u00fc\u015f\u00fcm &#8211; S\u00fcleyman Metin"},"content":{"rendered":"<p>Dikdur, halas\u0131n\u0131n ismini verdi\u011fi ki\u015finin bir ilahiyat\u00e7\u0131 oldu\u011funu \u00f6\u011frendi\u011finde \u00e7ok \u015fa\u015f\u0131rm\u0131\u015ft\u0131. Halas\u0131 ne zamandan beri din\u00ee konular\u0131n insanl\u0131\u011f\u0131n yirmi birinci y\u00fczy\u0131ldaki sorunlar\u0131na \u00e7\u00f6z\u00fcm olabilece\u011fini d\u00fc\u015f\u00fcn\u00fcyordu? Kitapl\u0131\u011f\u0131nda din\u00ee i\u00e7erikli kitaplar g\u00f6rm\u00fc\u015ft\u00fc do\u011fru ama insanl\u0131\u011f\u0131n en b\u00fcy\u00fck sorununu yani insan\u0131n kendisini \u00e7\u00f6zecek cevaplar\u0131n bir ilahiyat\u00e7\u0131dan gelece\u011fini ima etmesi ba\u015fka bir \u015feydi. B\u00f6yle d\u00fc\u015f\u00fcn\u00fcyordu Dikdur ama ciddiyetle yakla\u015fmad\u0131\u011f\u0131 bir o konunun kald\u0131\u011f\u0131n\u0131n da fark\u0131ndayd\u0131. \u00dcstelik halas\u0131, \u00f6nerileri dikkate al\u0131nmayacak biri de\u011fildi. Samimiyeti ve ya\u015fant\u0131s\u0131yla s\u00f6z\u00fc dinlenir insanlar\u0131n ba\u015f\u0131nda geliyordu Dikdur i\u00e7in. Konu kendisine ne kadar uzak ve g\u00fcvenilmez geliyor olsa da s\u0131rf bu y\u00fczden \u00fczerine e\u011filmeye de\u011ferdi. Nas\u0131l olsa arad\u0131\u011f\u0131 \u015feyi bulamazsa istedi\u011fi zaman kimseye hesap vermeden vazge\u00e7ebilirdi.<\/p>\n<p>Dikdur, elindeki bitebilecek durumda olan i\u015fleri hi\u00e7 evden \u00e7\u0131kmadan bir haftada bitirdi. Teslim tarihi uzak olan bir \u00e7eviriyi ise ask\u0131ya ald\u0131. Halas\u0131n\u0131n sesindeki kararl\u0131l\u0131k cezbetmi\u015fti onu. \u00c7ok \u00f6nemli \u015feyler duyaca\u011f\u0131n\u0131 ama dinleme konusunda sab\u0131rl\u0131 olmas\u0131 gerekti\u011fini s\u00f6ylemi\u015fti. Madem \u00f6yleydi, madem \u00f6nemli \u015feyler duyacakt\u0131 ve onlar sorular\u0131na cevap olabilecek \u015feylerdi, \u00f6yleyse \u00e7ok d\u00fc\u015f\u00fcn\u00fcp de vakit kaybetmesine gerek yoktu. Bir an \u00f6nce yola koyulmal\u0131yd\u0131.<\/p>","protected":false},"excerpt":{"rendered":"<p>Dikdur, halas\u0131n\u0131n ismini verdi\u011fi ki\u015finin bir ilahiyat\u00e7\u0131 oldu\u011funu \u00f6\u011frendi\u011finde \u00e7ok \u015fa\u015f\u0131rm\u0131\u015ft\u0131. Halas\u0131 ne zamandan beri din\u00ee konular\u0131n insanl\u0131\u011f\u0131n yirmi birinci y\u00fczy\u0131ldaki sorunlar\u0131na \u00e7\u00f6z\u00fcm olabilece\u011fini d\u00fc\u015f\u00fcn\u00fcyordu? Kitapl\u0131\u011f\u0131nda din\u00ee i\u00e7erikli kitaplar g\u00f6rm\u00fc\u015ft\u00fc do\u011fru ama insanl\u0131\u011f\u0131n en b\u00fcy\u00fck sorununu yani insan\u0131n kendisini \u00e7\u00f6zecek cevaplar\u0131n bir ilahiyat\u00e7\u0131dan gelece\u011fini ima etmesi ba\u015fka bir \u015feydi. B\u00f6yle d\u00fc\u015f\u00fcn\u00fcyordu Dikdur ama ciddiyetle yakla\u015fmad\u0131\u011f\u0131 [&hellip;]<\/p>\n","protected":false},"featured_media":7009,"comment_status":"closed","ping_status":"open","template":"","meta":{"inline_featured_image":false},"product_cat":[1019,1033],"product_tag":[],"class_list":{"0":"post-7008","1":"product","2":"type-product","3":"status-publish","4":"has-post-thumbnail","6":"product_cat-edebiyat","7":"product_cat-roman","8":"pa_boyut-135-x-195-cm","9":"pa_dil-turkce","10":"pa_sayfa-sayisi-1533","11":"pa_yayin-tarihi-9-20-2024","12":"pa_yazar-suleyman-metin","14":"first","15":"instock","16":"sale","17":"purchasable","18":"product-type-simple"},"_links":{"self":[{"href":"http:\/\/www.arkaraf.com\/en\/wp-json\/wp\/v2\/product\/7008","targetHints":{"allow":["GET"]}}],"collection":[{"href":"http:\/\/www.arkaraf.com\/en\/wp-json\/wp\/v2\/product"}],"about":[{"href":"http:\/\/www.arkaraf.com\/en\/wp-json\/wp\/v2\/types\/product"}],"replies":[{"embeddable":true,"href":"http:\/\/www.arkaraf.com\/en\/wp-json\/wp\/v2\/comments?post=7008"}],"wp:featuredmedia":[{"embeddable":true,"href":"http:\/\/www.arkaraf.com\/en\/wp-json\/wp\/v2\/media\/7009"}],"wp:attachment":[{"href":"http:\/\/www.arkaraf.com\/en\/wp-json\/wp\/v2\/media?parent=7008"}],"wp:term":[{"taxonomy":"product_cat","embeddable":true,"href":"http:\/\/www.arkaraf.com\/en\/wp-json\/wp\/v2\/product_cat?post=7008"},{"taxonomy":"product_tag","embeddable":true,"href":"http:\/\/www.arkaraf.com\/en\/wp-json\/wp\/v2\/product_tag?post=7008"}],"curies":[{"name":"wp","href":"https:\/\/api.w.org\/{rel}","templated":true}]}}