{"id":7002,"date":"2025-10-16T12:11:51","date_gmt":"2025-10-16T09:11:51","guid":{"rendered":"http:\/\/www.arkaraf.com\/kitap\/sair-mehmet-oner"},"modified":"2025-10-16T12:12:13","modified_gmt":"2025-10-16T09:12:13","slug":"sair-mehmet-oner","status":"publish","type":"product","link":"http:\/\/www.arkaraf.com\/en\/kitap\/sair-mehmet-oner","title":{"rendered":"\u015eair &#8211; Mehmet \u00d6ner"},"content":{"rendered":"<p>Bu kitap, iki perdelik bir tiyatro eseridir. Bir kral\u0131n, g\u00fczel s\u00f6z s\u00f6yleme ve hikmete nail olma gayesiyle \u00e7\u0131kt\u0131\u011f\u0131 yolculu\u011fun dramatik hikayesidir. Eser, sahip oldu\u011fu didaktik \u00f6gelerle de okuyucuya rehberlik edecektir.<\/p>","protected":false},"excerpt":{"rendered":"<p>Bu kitap, iki perdelik bir tiyatro eseridir. Bir kral\u0131n, g\u00fczel s\u00f6z s\u00f6yleme ve hikmete nail olma gayesiyle \u00e7\u0131kt\u0131\u011f\u0131 yolculu\u011fun dramatik hikayesidir. Eser, sahip oldu\u011fu didaktik \u00f6gelerle de okuyucuya rehberlik edecektir.<\/p>","protected":false},"featured_media":7003,"comment_status":"closed","ping_status":"open","template":"","meta":{"inline_featured_image":false},"product_cat":[1019,1285],"product_tag":[],"class_list":{"0":"post-7002","1":"product","2":"type-product","3":"status-publish","4":"has-post-thumbnail","6":"product_cat-edebiyat","7":"product_cat-tiyatro","8":"pa_boyut-135-x-195-cm","9":"pa_dil-turkce","10":"pa_sayfa-sayisi-572","11":"pa_yayin-tarihi-8-22-2024","12":"pa_yazar-mehmet-oner","14":"first","15":"instock","16":"sale","17":"purchasable","18":"product-type-simple"},"_links":{"self":[{"href":"http:\/\/www.arkaraf.com\/en\/wp-json\/wp\/v2\/product\/7002","targetHints":{"allow":["GET"]}}],"collection":[{"href":"http:\/\/www.arkaraf.com\/en\/wp-json\/wp\/v2\/product"}],"about":[{"href":"http:\/\/www.arkaraf.com\/en\/wp-json\/wp\/v2\/types\/product"}],"replies":[{"embeddable":true,"href":"http:\/\/www.arkaraf.com\/en\/wp-json\/wp\/v2\/comments?post=7002"}],"wp:featuredmedia":[{"embeddable":true,"href":"http:\/\/www.arkaraf.com\/en\/wp-json\/wp\/v2\/media\/7003"}],"wp:attachment":[{"href":"http:\/\/www.arkaraf.com\/en\/wp-json\/wp\/v2\/media?parent=7002"}],"wp:term":[{"taxonomy":"product_cat","embeddable":true,"href":"http:\/\/www.arkaraf.com\/en\/wp-json\/wp\/v2\/product_cat?post=7002"},{"taxonomy":"product_tag","embeddable":true,"href":"http:\/\/www.arkaraf.com\/en\/wp-json\/wp\/v2\/product_tag?post=7002"}],"curies":[{"name":"wp","href":"https:\/\/api.w.org\/{rel}","templated":true}]}}