{"id":6992,"date":"2025-10-16T12:11:51","date_gmt":"2025-10-16T09:11:51","guid":{"rendered":"http:\/\/www.arkaraf.com\/kitap\/bes-cayinda-bulusalim-hulya-sonmez"},"modified":"2025-10-16T12:11:57","modified_gmt":"2025-10-16T09:11:57","slug":"bes-cayinda-bulusalim-hulya-sonmez","status":"publish","type":"product","link":"http:\/\/www.arkaraf.com\/en\/kitap\/bes-cayinda-bulusalim-hulya-sonmez","title":{"rendered":"Be\u015f \u00c7ay\u0131nda Bulu\u015fal\u0131m &#8211; H\u00fclya S\u00f6nmez"},"content":{"rendered":"<p>Ger\u00e7ek sevgilerin ger\u00e7ek a\u015fklar\u0131n ve \u015feffaf i\u00e7ten dostluklar\u0131n ya\u015fad\u0131\u011f\u0131 g\u00f6n\u00fcller de asla negatif en bir ufak duygu bar\u0131nmam\u0131\u015ft\u0131. \u00e7ocuk ya\u015flarda tan\u0131\u015fan ve hi\u00e7 birbirlerinden kopmadan y\u0131llar\u0131 ayn\u0131 \u00e7izgide ge\u00e7iren gurup e\u015fleri ve \u00e7ocuklar\u0131n\u0131n do\u011fmas\u0131yla daha da g\u00fc\u00e7lenmi\u015fti&#8230; ger\u00e7ekten masal kahramanlar\u0131 gibiydiler&#8230; g\u00fcn\u00fcm\u00fczde b\u00f6ylesi \u00f6rnekleri \u00e7ok az g\u00f6r\u00fcyordu insan&#8230; kad\u0131n kad\u0131n\u0131n kurdudur&#8230; diye inan\u0131lan d\u00fc\u015f\u00fcncenin tamamen tersiydiler.. ke\u015fke ger\u00e7ek ya\u015famda b\u00f6yle olabilse&#8230; onlar yal\u0131n sevgiyi dostlu\u011fu, vefay\u0131 unutan insanlara \u00e7ok g\u00fczel \u00f6rnektiler&#8230;<\/p>","protected":false},"excerpt":{"rendered":"<p>Ger\u00e7ek sevgilerin ger\u00e7ek a\u015fklar\u0131n ve \u015feffaf i\u00e7ten dostluklar\u0131n ya\u015fad\u0131\u011f\u0131 g\u00f6n\u00fcller de asla negatif en bir ufak duygu bar\u0131nmam\u0131\u015ft\u0131. \u00e7ocuk ya\u015flarda tan\u0131\u015fan ve hi\u00e7 birbirlerinden kopmadan y\u0131llar\u0131 ayn\u0131 \u00e7izgide ge\u00e7iren gurup e\u015fleri ve \u00e7ocuklar\u0131n\u0131n do\u011fmas\u0131yla daha da g\u00fc\u00e7lenmi\u015fti&#8230; ger\u00e7ekten masal kahramanlar\u0131 gibiydiler&#8230; g\u00fcn\u00fcm\u00fczde b\u00f6ylesi \u00f6rnekleri \u00e7ok az g\u00f6r\u00fcyordu insan&#8230; kad\u0131n kad\u0131n\u0131n kurdudur&#8230; diye inan\u0131lan d\u00fc\u015f\u00fcncenin tamamen [&hellip;]<\/p>\n","protected":false},"featured_media":6993,"comment_status":"closed","ping_status":"open","template":"","meta":{"inline_featured_image":false},"product_cat":[1019,1033],"product_tag":[],"class_list":{"0":"post-6992","1":"product","2":"type-product","3":"status-publish","4":"has-post-thumbnail","6":"product_cat-edebiyat","7":"product_cat-roman","8":"pa_boyut-135-x-195-cm","9":"pa_dil-turkce","10":"pa_sayfa-sayisi-374","11":"pa_yayin-tarihi-8-15-2024","12":"pa_yazar-hulya-sonmez","14":"first","15":"instock","16":"sale","17":"purchasable","18":"product-type-simple"},"_links":{"self":[{"href":"http:\/\/www.arkaraf.com\/en\/wp-json\/wp\/v2\/product\/6992","targetHints":{"allow":["GET"]}}],"collection":[{"href":"http:\/\/www.arkaraf.com\/en\/wp-json\/wp\/v2\/product"}],"about":[{"href":"http:\/\/www.arkaraf.com\/en\/wp-json\/wp\/v2\/types\/product"}],"replies":[{"embeddable":true,"href":"http:\/\/www.arkaraf.com\/en\/wp-json\/wp\/v2\/comments?post=6992"}],"wp:featuredmedia":[{"embeddable":true,"href":"http:\/\/www.arkaraf.com\/en\/wp-json\/wp\/v2\/media\/6993"}],"wp:attachment":[{"href":"http:\/\/www.arkaraf.com\/en\/wp-json\/wp\/v2\/media?parent=6992"}],"wp:term":[{"taxonomy":"product_cat","embeddable":true,"href":"http:\/\/www.arkaraf.com\/en\/wp-json\/wp\/v2\/product_cat?post=6992"},{"taxonomy":"product_tag","embeddable":true,"href":"http:\/\/www.arkaraf.com\/en\/wp-json\/wp\/v2\/product_tag?post=6992"}],"curies":[{"name":"wp","href":"https:\/\/api.w.org\/{rel}","templated":true}]}}