{"id":6972,"date":"2025-10-16T12:10:41","date_gmt":"2025-10-16T09:10:41","guid":{"rendered":"http:\/\/www.arkaraf.com\/kitap\/kediatrus-angela-mercan-yilmaz"},"modified":"2025-10-16T12:11:23","modified_gmt":"2025-10-16T09:11:23","slug":"kediatrus-angela-mercan-yilmaz","status":"publish","type":"product","link":"http:\/\/www.arkaraf.com\/en\/kitap\/kediatrus-angela-mercan-yilmaz","title":{"rendered":"Kediatrus &#8211; Angela Mercan Y\u0131lmaz"},"content":{"rendered":"<p>&#8220;A\u015fk\u0131n k\u0131z\u0131ld\u0131rma, a\u015f\u0131k olmu\u015f<br \/>\nG\u00f6n\u00fcldeki sevgi kavu\u015famam\u0131\u015f<br \/>\nHer g\u00f6z\u00fcmde bir y\u0131ld\u0131z, her a\u011f\u0131zda bir \u015feker a\u015fk\u0131n s\u0131cakl\u0131\u011f\u0131n\u0131 yine de s\u0131cakl\u0131\u011f\u0131n\u0131za.&#8221;<\/p>","protected":false},"excerpt":{"rendered":"<p>&#8220;A\u015fk\u0131n k\u0131z\u0131ld\u0131rma, a\u015f\u0131k olmu\u015f G\u00f6n\u00fcldeki sevgi kavu\u015famam\u0131\u015f Her g\u00f6z\u00fcmde bir y\u0131ld\u0131z, her a\u011f\u0131zda bir \u015feker a\u015fk\u0131n s\u0131cakl\u0131\u011f\u0131n\u0131 yine de s\u0131cakl\u0131\u011f\u0131n\u0131za.&#8221;<\/p>","protected":false},"featured_media":6973,"comment_status":"closed","ping_status":"open","template":"","meta":{"inline_featured_image":false},"product_cat":[1020,1019],"product_tag":[],"class_list":{"0":"post-6972","1":"product","2":"type-product","3":"status-publish","4":"has-post-thumbnail","6":"product_cat-siir","7":"product_cat-edebiyat","8":"pa_boyut-135-x-195-cm","9":"pa_dil-turkce","10":"pa_sayfa-sayisi-839","11":"pa_yayin-tarihi-7-19-2024","12":"pa_yazar-angela-mercan-yilmaz","14":"first","15":"instock","16":"sale","17":"purchasable","18":"product-type-simple"},"_links":{"self":[{"href":"http:\/\/www.arkaraf.com\/en\/wp-json\/wp\/v2\/product\/6972","targetHints":{"allow":["GET"]}}],"collection":[{"href":"http:\/\/www.arkaraf.com\/en\/wp-json\/wp\/v2\/product"}],"about":[{"href":"http:\/\/www.arkaraf.com\/en\/wp-json\/wp\/v2\/types\/product"}],"replies":[{"embeddable":true,"href":"http:\/\/www.arkaraf.com\/en\/wp-json\/wp\/v2\/comments?post=6972"}],"wp:featuredmedia":[{"embeddable":true,"href":"http:\/\/www.arkaraf.com\/en\/wp-json\/wp\/v2\/media\/6973"}],"wp:attachment":[{"href":"http:\/\/www.arkaraf.com\/en\/wp-json\/wp\/v2\/media?parent=6972"}],"wp:term":[{"taxonomy":"product_cat","embeddable":true,"href":"http:\/\/www.arkaraf.com\/en\/wp-json\/wp\/v2\/product_cat?post=6972"},{"taxonomy":"product_tag","embeddable":true,"href":"http:\/\/www.arkaraf.com\/en\/wp-json\/wp\/v2\/product_tag?post=6972"}],"curies":[{"name":"wp","href":"https:\/\/api.w.org\/{rel}","templated":true}]}}