{"id":6956,"date":"2025-10-16T12:10:41","date_gmt":"2025-10-16T09:10:41","guid":{"rendered":"http:\/\/www.arkaraf.com\/kitap\/polis-oldugumu-bilmek-sevval-karadeniz"},"modified":"2025-10-16T12:10:55","modified_gmt":"2025-10-16T09:10:55","slug":"polis-oldugumu-bilmek-sevval-karadeniz","status":"publish","type":"product","link":"http:\/\/www.arkaraf.com\/en\/kitap\/polis-oldugumu-bilmek-sevval-karadeniz","title":{"rendered":"Polis Oldu\u011fumu Bilmek &#8211; \u015eevval Karadeniz"},"content":{"rendered":"<p>Polis Oldu\u011fumu Bilmek,<\/p>\n<p>Z\u00fcmr\u00fct Arslan hi\u00e7bir zaman bir polis de\u011fildi ve nedenini biliyordu: Polis olmaya dair hi\u00e7bir \u015fey bilmiyordu. Mesle\u011fiyle tek ba\u011flant\u0131s\u0131 ondan ka\u00e7mak istemeyecek kadar anlamad\u0131\u011f\u0131 zorunluluk ve hayat gayesiymi\u015f gibi ona ba\u011fl\u0131 kalmakt\u0131.<\/p>\n<p>Peki s\u00f6z konusu as\u0131l hayat gayesine geldi\u011finde Z\u00fcmr\u00fct\u2019\u00fcn en b\u00fcy\u00fck g\u00fc\u00e7leri ne olmu\u015ftu? G\u00f6zlerini a\u00e7an bu u\u011fra\u015fta, bu hayatta ilham\u0131n\u0131 almaya ba\u015flad\u0131\u011f\u0131 neydi? Beline takt\u0131\u011f\u0131 silahlar hangileriydi, yan\u0131nda kimler vard\u0131? Kar\u015f\u0131s\u0131na kimler ge\u00e7ecekti?<\/p>\n<p>Gelecek g\u00fcnlerde \u015fekillenen bir Z\u00fcmr\u00fct\u2019\u00fcn karar\u0131 t\u00fcm bu hik\u00e2yeyi anlatmaya yetebilecek mi? Peki inand\u0131r\u0131c\u0131 olacak m\u0131, tek dinleyicisini gidi\u015fata ba\u011flayabilecek mi?<\/p>\n<p>Z\u00fcmr\u00fct bir polis olabilmi\u015f miydi yoksa olabilecek miydi? Yoksa bu ihtimal yaln\u0131zca bir hik\u00e2ye miydi?<\/p>","protected":false},"excerpt":{"rendered":"<p>Polis Oldu\u011fumu Bilmek, Z\u00fcmr\u00fct Arslan hi\u00e7bir zaman bir polis de\u011fildi ve nedenini biliyordu: Polis olmaya dair hi\u00e7bir \u015fey bilmiyordu. Mesle\u011fiyle tek ba\u011flant\u0131s\u0131 ondan ka\u00e7mak istemeyecek kadar anlamad\u0131\u011f\u0131 zorunluluk ve hayat gayesiymi\u015f gibi ona ba\u011fl\u0131 kalmakt\u0131. Peki s\u00f6z konusu as\u0131l hayat gayesine geldi\u011finde Z\u00fcmr\u00fct\u2019\u00fcn en b\u00fcy\u00fck g\u00fc\u00e7leri ne olmu\u015ftu? G\u00f6zlerini a\u00e7an bu u\u011fra\u015fta, bu hayatta ilham\u0131n\u0131 [&hellip;]<\/p>\n","protected":false},"featured_media":6957,"comment_status":"closed","ping_status":"open","template":"","meta":{"inline_featured_image":false},"product_cat":[1019,1033],"product_tag":[],"class_list":{"0":"post-6956","1":"product","2":"type-product","3":"status-publish","4":"has-post-thumbnail","6":"product_cat-edebiyat","7":"product_cat-roman","8":"pa_boyut-135-x-195-cm","9":"pa_dil-turkce","10":"pa_sayfa-sayisi-1514","11":"pa_yayin-tarihi-6-6-2024","12":"pa_yazar-sevval-karadeniz","14":"first","15":"instock","16":"sale","17":"purchasable","18":"product-type-simple"},"_links":{"self":[{"href":"http:\/\/www.arkaraf.com\/en\/wp-json\/wp\/v2\/product\/6956","targetHints":{"allow":["GET"]}}],"collection":[{"href":"http:\/\/www.arkaraf.com\/en\/wp-json\/wp\/v2\/product"}],"about":[{"href":"http:\/\/www.arkaraf.com\/en\/wp-json\/wp\/v2\/types\/product"}],"replies":[{"embeddable":true,"href":"http:\/\/www.arkaraf.com\/en\/wp-json\/wp\/v2\/comments?post=6956"}],"wp:featuredmedia":[{"embeddable":true,"href":"http:\/\/www.arkaraf.com\/en\/wp-json\/wp\/v2\/media\/6957"}],"wp:attachment":[{"href":"http:\/\/www.arkaraf.com\/en\/wp-json\/wp\/v2\/media?parent=6956"}],"wp:term":[{"taxonomy":"product_cat","embeddable":true,"href":"http:\/\/www.arkaraf.com\/en\/wp-json\/wp\/v2\/product_cat?post=6956"},{"taxonomy":"product_tag","embeddable":true,"href":"http:\/\/www.arkaraf.com\/en\/wp-json\/wp\/v2\/product_tag?post=6956"}],"curies":[{"name":"wp","href":"https:\/\/api.w.org\/{rel}","templated":true}]}}